{"id":931,"date":"2019-09-16T14:44:57","date_gmt":"2019-09-16T12:44:57","guid":{"rendered":"https:\/\/praxis.kanzler.ch\/anti-aging\/botox-copy\/"},"modified":"2020-11-18T17:20:47","modified_gmt":"2020-11-18T16:20:47","slug":"hyaluronsaeure","status":"publish","type":"page","link":"https:\/\/sunclinic.ch\/en\/clever-aging\/hyaluronsaeure\/","title":{"rendered":"Hyaluronic Acid"},"content":{"rendered":"<div class=\"vc_row wpb_row vc_row-fluid vc_custom_1558073885293\"><div class=\"wpb_column vc_column_container vc_col-sm-12\"><div class=\"vc_column-inner vc_custom_1558002986938\"><div class=\"wpb_wrapper\"><div id=\"ultimate-heading-886269d43eeb8bba0\" class=\"uvc-heading ult-adjust-bottom-margin ultimate-heading-886269d43eeb8bba0 uvc-305  uvc-heading-default-font-sizes\" data-hspacer=\"no_spacer\"  data-halign=\"center\" style=\"text-align:center\"><div class=\"uvc-heading-spacer no_spacer\" style=\"top\"><\/div><div class=\"uvc-main-heading ult-responsive\"  data-ultimate-target='.uvc-heading.ultimate-heading-886269d43eeb8bba0 h2'  data-responsive-json-new='{\"font-size\":\"\",\"line-height\":\"\"}' ><h2 style=\"--font-weight:theme;margin-bottom:16px;\">Hyaluronic Acid<\/h2><\/div><div class=\"uvc-sub-heading ult-responsive\"  data-ultimate-target='.uvc-heading.ultimate-heading-886269d43eeb8bba0 .uvc-sub-heading '  data-responsive-json-new='{\"font-size\":\"\",\"line-height\":\"\"}'  style=\"font-weight:normal;margin-top:16px;margin-bottom:50px;\"><\/p>\n<h5 style=\"text-align: center;\">Hyaluronic acid is an important component of connective tissue and is injected into desired wrinkle regions.<\/h5>\n<p><\/div><\/div><\/div><\/div><\/div><\/div><div class=\"vc_row wpb_row vc_row-fluid\"><div class=\"wpb_column vc_column_container vc_col-sm-12\"><div class=\"vc_column-inner\"><div class=\"wpb_wrapper\"><div class=\"vc_empty_space\"   style=\"height: 32px\"><span class=\"vc_empty_space_inner\"><\/span><\/div><\/div><\/div><\/div><\/div><div class=\"vc_row wpb_row vc_row-fluid\"><div class=\"wpb_column vc_column_container vc_col-sm-12\"><div class=\"vc_column-inner\"><div class=\"wpb_wrapper\">\n\t<div class=\"wpb_text_column wpb_content_element\" >\n\t\t<div class=\"wpb_wrapper\">\n\t\t\t<p>Hyaluronic acid is a component of connective tissue that binds water to itself. Due to this chemical property, when injected into the correct locations, it can fill wrinkles. The tissue is tightened by the accumulation of water.<\/p>\n\n\t\t<\/div>\n\t<\/div>\n<\/div><\/div><\/div><\/div>","protected":false},"excerpt":{"rendered":"<p>Hyalurons\u00e4ure Hyalurons\u00e4ure ist ein wichtiger Bestandteil des Bindegewebes und wird mittels Injektionen in die gew\u00fcnschten Faltenregionen gespritzt. Hyalurons\u00e4ure ist ein Bestandteil des Bindegewebes und bindet Wasser an sich. Durch diese chemische Eigenschaft k\u00f6nnen, wenn an die richtigen Stellen injiziert Falten aufgef\u00fcllt werden.\u00a0 Das Gewebe wird durch die Wassereinlagerung gestraft.<\/p>","protected":false},"author":15,"featured_media":985,"parent":1034,"menu_order":2,"comment_status":"closed","ping_status":"closed","template":"","meta":{"footnotes":""},"folder":[],"class_list":["post-931","page","type-page","status-publish","has-post-thumbnail","hentry","description-off"],"_links":{"self":[{"href":"https:\/\/sunclinic.ch\/en\/wp-json\/wp\/v2\/pages\/931","targetHints":{"allow":["GET"]}}],"collection":[{"href":"https:\/\/sunclinic.ch\/en\/wp-json\/wp\/v2\/pages"}],"about":[{"href":"https:\/\/sunclinic.ch\/en\/wp-json\/wp\/v2\/types\/page"}],"author":[{"embeddable":true,"href":"https:\/\/sunclinic.ch\/en\/wp-json\/wp\/v2\/users\/15"}],"replies":[{"embeddable":true,"href":"https:\/\/sunclinic.ch\/en\/wp-json\/wp\/v2\/comments?post=931"}],"version-history":[{"count":2,"href":"https:\/\/sunclinic.ch\/en\/wp-json\/wp\/v2\/pages\/931\/revisions"}],"predecessor-version":[{"id":1649,"href":"https:\/\/sunclinic.ch\/en\/wp-json\/wp\/v2\/pages\/931\/revisions\/1649"}],"up":[{"embeddable":true,"href":"https:\/\/sunclinic.ch\/en\/wp-json\/wp\/v2\/pages\/1034"}],"wp:featuredmedia":[{"embeddable":true,"href":"https:\/\/sunclinic.ch\/en\/wp-json\/wp\/v2\/media\/985"}],"wp:attachment":[{"href":"https:\/\/sunclinic.ch\/en\/wp-json\/wp\/v2\/media?parent=931"}],"wp:term":[{"taxonomy":"folder","embeddable":true,"href":"https:\/\/sunclinic.ch\/en\/wp-json\/wp\/v2\/folder?post=931"}],"curies":[{"name":"wp","href":"https:\/\/api.w.org\/{rel}","templated":true}]}}