{"id":925,"date":"2019-09-16T14:43:15","date_gmt":"2019-09-16T12:43:15","guid":{"rendered":"https:\/\/praxis.kanzler.ch\/diagnostik\/mikrobioms-copy\/"},"modified":"2020-12-01T21:13:31","modified_gmt":"2020-12-01T20:13:31","slug":"mesotherapie","status":"publish","type":"page","link":"https:\/\/sunclinic.ch\/en\/clever-aging\/mesotherapie\/","title":{"rendered":"Mesothe\u200brapy with Vitamins and Minerals"},"content":{"rendered":"<div class=\"vc_row wpb_row vc_row-fluid vc_custom_1558073885293\"><div class=\"wpb_column vc_column_container vc_col-sm-12\"><div class=\"vc_column-inner vc_custom_1558002986938\"><div class=\"wpb_wrapper\"><div id=\"ultimate-heading-409069d43d1d4a5f4\" class=\"uvc-heading ult-adjust-bottom-margin ultimate-heading-409069d43d1d4a5f4 uvc-4939  uvc-heading-default-font-sizes\" data-hspacer=\"no_spacer\"  data-halign=\"center\" style=\"text-align:center\"><div class=\"uvc-heading-spacer no_spacer\" style=\"top\"><\/div><div class=\"uvc-main-heading ult-responsive\"  data-ultimate-target='.uvc-heading.ultimate-heading-409069d43d1d4a5f4 h2'  data-responsive-json-new='{\"font-size\":\"\",\"line-height\":\"\"}' ><h2 style=\"--font-weight:theme;margin-bottom:16px;\">Mesothe\u200brapy with Vitamins and Minerals<\/h2><\/div><div class=\"uvc-sub-heading ult-responsive\"  data-ultimate-target='.uvc-heading.ultimate-heading-409069d43d1d4a5f4 .uvc-sub-heading '  data-responsive-json-new='{\"font-size\":\"\",\"line-height\":\"\"}'  style=\"font-weight:normal;margin-top:16px;margin-bottom:50px;\"><\/p>\n<h5 style=\"text-align: center;\">Mesotherapy is the injection of vitamins and minerals into the skin in the facial and neck area.<\/h5>\n<p><\/div><\/div><\/div><\/div><\/div><\/div><div class=\"vc_row wpb_row vc_row-fluid\"><div class=\"wpb_column vc_column_container vc_col-sm-12\"><div class=\"vc_column-inner\"><div class=\"wpb_wrapper\"><div class=\"vc_empty_space\"   style=\"height: 32px\"><span class=\"vc_empty_space_inner\"><\/span><\/div><\/div><\/div><\/div><\/div><div class=\"vc_row wpb_row vc_row-fluid\"><div class=\"wpb_column vc_column_container vc_col-sm-12\"><div class=\"vc_column-inner\"><div class=\"wpb_wrapper\">\n\t<div class=\"wpb_text_column wpb_content_element\" >\n\t\t<div class=\"wpb_wrapper\">\n\t\t\t<p>Mesotherapy is based on the principles of acupuncture and neural therapy. At specific points, a custom mixture of minerals and vitamins is injected, tailored to the individual patient. This process does not damage nerves or glands; rather, it directly supplies the skin with essential nutrients it requires. As a result, the skin can naturally rejuvenate.<\/p>\n\n\t\t<\/div>\n\t<\/div>\n<\/div><\/div><\/div><\/div>","protected":false},"excerpt":{"rendered":"<p>Mesotherapie mit Vitaminen und Mineralstoffen Mesotherapie ist das injizieren von Vitaminen und Mineralstoffen in die Haut beim Gesichts- und Halsbereich. Die Mesotherapie basiert auf der Lehre der Akupunktur und Neuraltherapie. An bestimmten Punkten, wird ein jeweils eine, speziell f\u00fcr den Patienten zusammengestellte, Mischung aus Mineralien und Vitaminen injiziert. Dabei werden weder Nerven noch Dr\u00fcsen gesch\u00e4digt&hellip;<\/p>","protected":false},"author":15,"featured_media":974,"parent":1034,"menu_order":2,"comment_status":"closed","ping_status":"closed","template":"","meta":{"footnotes":""},"folder":[],"class_list":["post-925","page","type-page","status-publish","has-post-thumbnail","hentry","description-off"],"_links":{"self":[{"href":"https:\/\/sunclinic.ch\/en\/wp-json\/wp\/v2\/pages\/925","targetHints":{"allow":["GET"]}}],"collection":[{"href":"https:\/\/sunclinic.ch\/en\/wp-json\/wp\/v2\/pages"}],"about":[{"href":"https:\/\/sunclinic.ch\/en\/wp-json\/wp\/v2\/types\/page"}],"author":[{"embeddable":true,"href":"https:\/\/sunclinic.ch\/en\/wp-json\/wp\/v2\/users\/15"}],"replies":[{"embeddable":true,"href":"https:\/\/sunclinic.ch\/en\/wp-json\/wp\/v2\/comments?post=925"}],"version-history":[{"count":2,"href":"https:\/\/sunclinic.ch\/en\/wp-json\/wp\/v2\/pages\/925\/revisions"}],"predecessor-version":[{"id":1647,"href":"https:\/\/sunclinic.ch\/en\/wp-json\/wp\/v2\/pages\/925\/revisions\/1647"}],"up":[{"embeddable":true,"href":"https:\/\/sunclinic.ch\/en\/wp-json\/wp\/v2\/pages\/1034"}],"wp:featuredmedia":[{"embeddable":true,"href":"https:\/\/sunclinic.ch\/en\/wp-json\/wp\/v2\/media\/974"}],"wp:attachment":[{"href":"https:\/\/sunclinic.ch\/en\/wp-json\/wp\/v2\/media?parent=925"}],"wp:term":[{"taxonomy":"folder","embeddable":true,"href":"https:\/\/sunclinic.ch\/en\/wp-json\/wp\/v2\/folder?post=925"}],"curies":[{"name":"wp","href":"https:\/\/api.w.org\/{rel}","templated":true}]}}