{"id":914,"date":"2019-09-16T14:39:11","date_gmt":"2019-09-16T12:39:11","guid":{"rendered":"https:\/\/praxis.kanzler.ch\/therapien\/zellschutz-copy\/"},"modified":"2023-10-23T13:22:03","modified_gmt":"2023-10-23T11:22:03","slug":"oxyvenierung","status":"publish","type":"page","link":"https:\/\/sunclinic.ch\/en\/therapien\/oxyvenierung\/","title":{"rendered":"Oxyvenation"},"content":{"rendered":"<div class=\"vc_row wpb_row vc_row-fluid vc_custom_1558073885293\"><div class=\"wpb_column vc_column_container vc_col-sm-12\"><div class=\"vc_column-inner vc_custom_1558002986938\"><div class=\"wpb_wrapper\"><div id=\"ultimate-heading-8869d43bf28a5b5\" class=\"uvc-heading ult-adjust-bottom-margin ultimate-heading-8869d43bf28a5b5 uvc-1175  uvc-heading-default-font-sizes\" data-hspacer=\"no_spacer\"  data-halign=\"center\" style=\"text-align:center\"><div class=\"uvc-heading-spacer no_spacer\" style=\"top\"><\/div><div class=\"uvc-main-heading ult-responsive\"  data-ultimate-target='.uvc-heading.ultimate-heading-8869d43bf28a5b5 h2'  data-responsive-json-new='{\"font-size\":\"\",\"line-height\":\"\"}' ><h2 style=\"--font-weight:theme;margin-bottom:16px;\">Oxyvenation<\/h2><\/div><div class=\"uvc-sub-heading ult-responsive\"  data-ultimate-target='.uvc-heading.ultimate-heading-8869d43bf28a5b5 .uvc-sub-heading '  data-responsive-json-new='{\"font-size\":\"\",\"line-height\":\"\"}'  style=\"font-weight:normal;margin-top:16px;margin-bottom:50px;\"><\/p>\n<h5 style=\"text-align: center;\">During oxyvenation, under medical supervision and with a special device, oxygen is systematically pumped into the bloodstream via a venous access.<\/h5>\n<p><\/div><\/div><\/div><\/div><\/div><\/div><div class=\"vc_row wpb_row vc_row-fluid\"><div class=\"wpb_column vc_column_container vc_col-sm-12\"><div class=\"vc_column-inner\"><div class=\"wpb_wrapper\"><div class=\"vc_empty_space\"   style=\"height: 32px\"><span class=\"vc_empty_space_inner\"><\/span><\/div><\/div><\/div><\/div><\/div><div class=\"vc_row wpb_row vc_row-fluid\"><div class=\"wpb_column vc_column_container vc_col-sm-12\"><div class=\"vc_column-inner\"><div class=\"wpb_wrapper\">\n\t<div class=\"wpb_text_column wpb_content_element\" >\n\t\t<div class=\"wpb_wrapper\">\n\t\t\t<p>The goal of oxyvenation is to enrich red blood cells with oxygen. With this method, the body receives more energy and becomes more efficient.<\/p>\n<p><strong>How it is done:<\/strong><br \/>\nAfter medical assessment and clarification of the patient's general condition, a venous access is established. Similar to an infusion, oxygen is now pumped into the circulatory system. The amount of oxygen is prescribed by a physician and tailored to the patient and therapy goals. Depending on the therapy, the desired effect in the body can also be enhanced afterwards with high-dose vitamin infusions.<\/p>\n<p><strong>What it achieves:<\/strong><br \/>\nBy enriching oxygen in the blood, the body gains more energy and efficiency. However, oxyvenation can also be applied for specific therapy purposes: to heal wounds and weak or infected organs. The oxygen enrichment accelerates healing processes.<\/p>\n\n\t\t<\/div>\n\t<\/div>\n<\/div><\/div><\/div><\/div>","protected":false},"excerpt":{"rendered":"<p>Oxyvenierung Bei der Oxyvenierung wird unter medizinischer Aufsicht und mit einem speziellen Ger\u00e4t, systematisch Sauerstoff in das Blutsystem \u00fcber einen Venenzugang gepumpt. Die Oxyvnierung hat zum Ziel das die roten Blutk\u00f6rperchen mit Sauerstoff anzureichern. Mit dieser Methode erh\u00e4lt der K\u00f6rper mehr Energie und wird leistungsf\u00e4higer. Wie es gemacht wird: Nach medizinischer Auf- und Abkl\u00e4rung \u00fcber&hellip;<\/p>","protected":false},"author":15,"featured_media":969,"parent":6,"menu_order":2,"comment_status":"closed","ping_status":"closed","template":"","meta":{"footnotes":""},"folder":[],"class_list":["post-914","page","type-page","status-publish","has-post-thumbnail","hentry","description-off"],"_links":{"self":[{"href":"https:\/\/sunclinic.ch\/en\/wp-json\/wp\/v2\/pages\/914","targetHints":{"allow":["GET"]}}],"collection":[{"href":"https:\/\/sunclinic.ch\/en\/wp-json\/wp\/v2\/pages"}],"about":[{"href":"https:\/\/sunclinic.ch\/en\/wp-json\/wp\/v2\/types\/page"}],"author":[{"embeddable":true,"href":"https:\/\/sunclinic.ch\/en\/wp-json\/wp\/v2\/users\/15"}],"replies":[{"embeddable":true,"href":"https:\/\/sunclinic.ch\/en\/wp-json\/wp\/v2\/comments?post=914"}],"version-history":[{"count":5,"href":"https:\/\/sunclinic.ch\/en\/wp-json\/wp\/v2\/pages\/914\/revisions"}],"predecessor-version":[{"id":2004,"href":"https:\/\/sunclinic.ch\/en\/wp-json\/wp\/v2\/pages\/914\/revisions\/2004"}],"up":[{"embeddable":true,"href":"https:\/\/sunclinic.ch\/en\/wp-json\/wp\/v2\/pages\/6"}],"wp:featuredmedia":[{"embeddable":true,"href":"https:\/\/sunclinic.ch\/en\/wp-json\/wp\/v2\/media\/969"}],"wp:attachment":[{"href":"https:\/\/sunclinic.ch\/en\/wp-json\/wp\/v2\/media?parent=914"}],"wp:term":[{"taxonomy":"folder","embeddable":true,"href":"https:\/\/sunclinic.ch\/en\/wp-json\/wp\/v2\/folder?post=914"}],"curies":[{"name":"wp","href":"https:\/\/api.w.org\/{rel}","templated":true}]}}