{"id":909,"date":"2019-09-16T14:34:33","date_gmt":"2019-09-16T12:34:33","guid":{"rendered":"https:\/\/praxis.kanzler.ch\/diagnostik\/blutanalyse-copy\/"},"modified":"2020-11-17T14:56:12","modified_gmt":"2020-11-17T13:56:12","slug":"entgiftung","status":"publish","type":"page","link":"https:\/\/sunclinic.ch\/en\/therapien\/entgiftung\/","title":{"rendered":"Detox"},"content":{"rendered":"<div class=\"vc_row wpb_row vc_row-fluid vc_custom_1558073885293\"><div class=\"wpb_column vc_column_container vc_col-sm-12\"><div class=\"vc_column-inner vc_custom_1558002986938\"><div class=\"wpb_wrapper\"><div id=\"ultimate-heading-831269d43abe3954d\" class=\"uvc-heading ult-adjust-bottom-margin ultimate-heading-831269d43abe3954d uvc-2662  uvc-heading-default-font-sizes\" data-hspacer=\"no_spacer\"  data-halign=\"center\" style=\"text-align:center\"><div class=\"uvc-heading-spacer no_spacer\" style=\"top\"><\/div><div class=\"uvc-main-heading ult-responsive\"  data-ultimate-target='.uvc-heading.ultimate-heading-831269d43abe3954d h2'  data-responsive-json-new='{\"font-size\":\"\",\"line-height\":\"\"}' ><h2 style=\"--font-weight:theme;margin-bottom:16px;\">Detox<\/h2><\/div><div class=\"uvc-sub-heading ult-responsive\"  data-ultimate-target='.uvc-heading.ultimate-heading-831269d43abe3954d .uvc-sub-heading '  data-responsive-json-new='{\"font-size\":\"\",\"line-height\":\"\"}'  style=\"font-weight:normal;margin-top:16px;margin-bottom:50px;\"><\/p>\n<h5 style=\"text-align: center;\">In today's world, detoxification is a particularly prevalent and important topic. We are surrounded by environmental toxins and contaminated food. In the end, both the quality of life and the immune system suffer.<\/h5>\n<p><\/div><\/div><\/div><\/div><\/div><\/div><div class=\"vc_row wpb_row vc_row-fluid\"><div class=\"wpb_column vc_column_container vc_col-sm-12\"><div class=\"vc_column-inner\"><div class=\"wpb_wrapper\"><div class=\"vc_empty_space\"   style=\"height: 32px\"><span class=\"vc_empty_space_inner\"><\/span><\/div><\/div><\/div><\/div><\/div><div class=\"vc_row wpb_row vc_row-fluid\"><div class=\"wpb_column vc_column_container vc_col-sm-12\"><div class=\"vc_column-inner\"><div class=\"wpb_wrapper\">\n\t<div class=\"wpb_text_column wpb_content_element\" >\n\t\t<div class=\"wpb_wrapper\">\n\t\t\t<p>In today's world, we are more exposed to toxins than ever before. Our atmosphere is full of toxins, and so is our food with pesticides. Firstly, the analysis of toxin exposure is essential. Depending on the toxin, there are different methods:<\/p>\n<ul>\n<li><a href=\"https:\/\/sunclinic.ch\/en\/diagnostik\/oligoscan\/\">Oligoscan<\/a> - for heavy metal analysis<\/li>\n<li><a href=\"https:\/\/sunclinic.ch\/en\/diagnostik\/blutanalyse\/\">Blood work<\/a> - for the detoxification gene<\/li>\n<li><a href=\"https:\/\/sunclinic.ch\/en\/diagnostik\/haaranalyse\/\">Hair Analysis<\/a> - for environmental toxines<\/li>\n<li>Stool analysis - for gut detox<\/li>\n<\/ul>\n<p>Once a stress profile has been created, the corresponding detoxification therapy can be initiated. For this purpose, we have provided various therapies:<\/p>\n<ul>\n<li><a href=\"https:\/\/sunclinic.ch\/en\/orthomolekular\/\">Orthomolecular Medicine<\/a> - detoxification with supplements<\/li>\n<li><a href=\"https:\/\/sunclinic.ch\/en\/therapien\/elektroakupunktur-nach-voll-therapie\/\">Electroacupuncture<\/a> - compilation of detoxification infusions<\/li>\n<li><a href=\"https:\/\/sunclinic.ch\/en\/therapien\/colon-hydro-therapie-zuerich\/\">Colon-Hydro-Therapy<\/a> - gut detox<\/li>\n<\/ul>\n<p>After a successful detoxification therapy, the immune system is strengthened, psychological disorders such as depression and panic attacks are reduced, and quality of life returns. These are the natural consequences of the fact that the body no longer has to invest all of its energy in combating and eliminating toxins.<\/p>\n\n\t\t<\/div>\n\t<\/div>\n<\/div><\/div><\/div><\/div>","protected":false},"excerpt":{"rendered":"<p>Entgiftung In der heutigen Zeit ist Entgiftung ein besonders pr\u00e4sentes und wichtiges Thema. Wir sind umgeben von Umweltgiften und verunreinigtem Essen. Am Ende leidet die Lebensqualit\u00e4t und das immunsystem. In der heutigen Zeit sind wir exponierter den je gegen\u00fcber Giften. Unsere Atmosph\u00e4re ist voller Toxine und ebenso unser Essen mit Pestiziden. An erster Stelle ist&hellip;<\/p>","protected":false},"author":15,"featured_media":965,"parent":6,"menu_order":2,"comment_status":"closed","ping_status":"closed","template":"","meta":{"footnotes":""},"folder":[],"class_list":["post-909","page","type-page","status-publish","has-post-thumbnail","hentry","description-off"],"_links":{"self":[{"href":"https:\/\/sunclinic.ch\/en\/wp-json\/wp\/v2\/pages\/909","targetHints":{"allow":["GET"]}}],"collection":[{"href":"https:\/\/sunclinic.ch\/en\/wp-json\/wp\/v2\/pages"}],"about":[{"href":"https:\/\/sunclinic.ch\/en\/wp-json\/wp\/v2\/types\/page"}],"author":[{"embeddable":true,"href":"https:\/\/sunclinic.ch\/en\/wp-json\/wp\/v2\/users\/15"}],"replies":[{"embeddable":true,"href":"https:\/\/sunclinic.ch\/en\/wp-json\/wp\/v2\/comments?post=909"}],"version-history":[{"count":3,"href":"https:\/\/sunclinic.ch\/en\/wp-json\/wp\/v2\/pages\/909\/revisions"}],"predecessor-version":[{"id":1619,"href":"https:\/\/sunclinic.ch\/en\/wp-json\/wp\/v2\/pages\/909\/revisions\/1619"}],"up":[{"embeddable":true,"href":"https:\/\/sunclinic.ch\/en\/wp-json\/wp\/v2\/pages\/6"}],"wp:featuredmedia":[{"embeddable":true,"href":"https:\/\/sunclinic.ch\/en\/wp-json\/wp\/v2\/media\/965"}],"wp:attachment":[{"href":"https:\/\/sunclinic.ch\/en\/wp-json\/wp\/v2\/media?parent=909"}],"wp:term":[{"taxonomy":"folder","embeddable":true,"href":"https:\/\/sunclinic.ch\/en\/wp-json\/wp\/v2\/folder?post=909"}],"curies":[{"name":"wp","href":"https:\/\/api.w.org\/{rel}","templated":true}]}}