{"id":893,"date":"2019-09-16T14:26:38","date_gmt":"2019-09-16T12:26:38","guid":{"rendered":"https:\/\/praxis.kanzler.ch\/diagnostik\/allergie-copy\/"},"modified":"2020-11-17T13:04:17","modified_gmt":"2020-11-17T12:04:17","slug":"urin-kpu-test","status":"publish","type":"page","link":"https:\/\/sunclinic.ch\/en\/diagnostik\/urin-kpu-test\/","title":{"rendered":"Urine \/ KPU Test"},"content":{"rendered":"<div class=\"vc_row wpb_row vc_row-fluid vc_custom_1558073885293\"><div class=\"wpb_column vc_column_container vc_col-sm-12\"><div class=\"vc_column-inner vc_custom_1558002986938\"><div class=\"wpb_wrapper\"><div id=\"ultimate-heading-9969d43a6aa9ba6\" class=\"uvc-heading ult-adjust-bottom-margin ultimate-heading-9969d43a6aa9ba6 uvc-8469  uvc-heading-default-font-sizes\" data-hspacer=\"no_spacer\"  data-halign=\"center\" style=\"text-align:center\"><div class=\"uvc-heading-spacer no_spacer\" style=\"top\"><\/div><div class=\"uvc-main-heading ult-responsive\"  data-ultimate-target='.uvc-heading.ultimate-heading-9969d43a6aa9ba6 h2'  data-responsive-json-new='{\"font-size\":\"\",\"line-height\":\"\"}' ><h2 style=\"--font-weight:theme;margin-bottom:16px;\">Urine \/ KPU Test<\/h2><\/div><div class=\"uvc-sub-heading ult-responsive\"  data-ultimate-target='.uvc-heading.ultimate-heading-9969d43a6aa9ba6 .uvc-sub-heading '  data-responsive-json-new='{\"font-size\":\"\",\"line-height\":\"\"}'  style=\"font-weight:normal;margin-top:16px;margin-bottom:50px;\"><\/p>\n<h5 style=\"text-align: center;\">With the KPU test, the metabolic disorder Kryptopyrroluria can be detected.<\/h5>\n<p><\/div><\/div><\/div><\/div><\/div><\/div><div class=\"vc_row wpb_row vc_row-fluid\"><div class=\"wpb_column vc_column_container vc_col-sm-12\"><div class=\"vc_column-inner\"><div class=\"wpb_wrapper\"><div class=\"vc_empty_space\"   style=\"height: 32px\"><span class=\"vc_empty_space_inner\"><\/span><\/div><\/div><\/div><\/div><\/div><div class=\"vc_row wpb_row vc_row-fluid\"><div class=\"wpb_column vc_column_container vc_col-sm-12\"><div class=\"vc_column-inner\"><div class=\"wpb_wrapper\">\n\t<div class=\"wpb_text_column wpb_content_element\" >\n\t\t<div class=\"wpb_wrapper\">\n\t\t\t<p>The term Kryptopyrroluria (KPU) refers to a metabolic peculiarity. Affected individuals often do not notice this peculiarity for many years. Symptoms can suddenly arise at some point in life, often triggered by specific circumstances (such as high levels of stress, puberty, pregnancy). The main problem is that due to this metabolic change, there can be a constant and high loss of essential vitamins B6, zinc, and manganese. The KPU test is particularly suitable for burnout, ADHD, and exhaustion depression patients.<\/p>\n\n\t\t<\/div>\n\t<\/div>\n<\/div><\/div><\/div><\/div>","protected":false},"excerpt":{"rendered":"<p>Urin \/ KPU Test Mit dem KPU Test kann die Stoffwechselerkrankung Kryptopyrrolurie nachgewiesen werden. Unter dem Begriff Kryptopyrrolurie (KPU) versteht man eine Besonderheit im Stoffwechsel.\u00a0 Die Betroffenen merken oft jahrelang nichts von dieser Besonderheit. Symptome k\u00f6nnen im Laufe des Lebens irgendwann \u201epl\u00f6tzlich\u201c entstehen, oft ausgel\u00f6st durch besondere Umst\u00e4nde (z.B. hohe Stressbelastungen, Pubert\u00e4t, Schwangerschaft). Das Hauptproblem&hellip;<\/p>","protected":false},"author":15,"featured_media":963,"parent":858,"menu_order":2,"comment_status":"closed","ping_status":"closed","template":"","meta":{"footnotes":""},"folder":[],"class_list":["post-893","page","type-page","status-publish","has-post-thumbnail","hentry","description-off"],"_links":{"self":[{"href":"https:\/\/sunclinic.ch\/en\/wp-json\/wp\/v2\/pages\/893","targetHints":{"allow":["GET"]}}],"collection":[{"href":"https:\/\/sunclinic.ch\/en\/wp-json\/wp\/v2\/pages"}],"about":[{"href":"https:\/\/sunclinic.ch\/en\/wp-json\/wp\/v2\/types\/page"}],"author":[{"embeddable":true,"href":"https:\/\/sunclinic.ch\/en\/wp-json\/wp\/v2\/users\/15"}],"replies":[{"embeddable":true,"href":"https:\/\/sunclinic.ch\/en\/wp-json\/wp\/v2\/comments?post=893"}],"version-history":[{"count":2,"href":"https:\/\/sunclinic.ch\/en\/wp-json\/wp\/v2\/pages\/893\/revisions"}],"predecessor-version":[{"id":1607,"href":"https:\/\/sunclinic.ch\/en\/wp-json\/wp\/v2\/pages\/893\/revisions\/1607"}],"up":[{"embeddable":true,"href":"https:\/\/sunclinic.ch\/en\/wp-json\/wp\/v2\/pages\/858"}],"wp:featuredmedia":[{"embeddable":true,"href":"https:\/\/sunclinic.ch\/en\/wp-json\/wp\/v2\/media\/963"}],"wp:attachment":[{"href":"https:\/\/sunclinic.ch\/en\/wp-json\/wp\/v2\/media?parent=893"}],"wp:term":[{"taxonomy":"folder","embeddable":true,"href":"https:\/\/sunclinic.ch\/en\/wp-json\/wp\/v2\/folder?post=893"}],"curies":[{"name":"wp","href":"https:\/\/api.w.org\/{rel}","templated":true}]}}