{"id":890,"date":"2019-09-16T14:25:57","date_gmt":"2019-09-16T12:25:57","guid":{"rendered":"https:\/\/praxis.kanzler.ch\/diagnostik\/mikrobioms-copy\/"},"modified":"2020-12-01T21:12:46","modified_gmt":"2020-12-01T20:12:46","slug":"hormonspeichelanalyse","status":"publish","type":"page","link":"https:\/\/sunclinic.ch\/en\/diagnostik\/hormonspeichelanalyse\/","title":{"rendered":"Hormone Saliva Analysis"},"content":{"rendered":"<div class=\"vc_row wpb_row vc_row-fluid vc_custom_1558073885293\"><div class=\"wpb_column vc_column_container vc_col-sm-12\"><div class=\"vc_column-inner vc_custom_1558002986938\"><div class=\"wpb_wrapper\"><div id=\"ultimate-heading-290669d43d3815250\" class=\"uvc-heading ult-adjust-bottom-margin ultimate-heading-290669d43d3815250 uvc-6827  uvc-heading-default-font-sizes\" data-hspacer=\"no_spacer\"  data-halign=\"center\" style=\"text-align:center\"><div class=\"uvc-heading-spacer no_spacer\" style=\"top\"><\/div><div class=\"uvc-main-heading ult-responsive\"  data-ultimate-target='.uvc-heading.ultimate-heading-290669d43d3815250 h2'  data-responsive-json-new='{\"font-size\":\"\",\"line-height\":\"\"}' ><h2 style=\"--font-weight:theme;margin-bottom:16px;\">Hormone Saliva Analysis<\/h2><\/div><div class=\"uvc-sub-heading ult-responsive\"  data-ultimate-target='.uvc-heading.ultimate-heading-290669d43d3815250 .uvc-sub-heading '  data-responsive-json-new='{\"font-size\":\"\",\"line-height\":\"\"}'  style=\"font-weight:normal;margin-top:16px;margin-bottom:50px;\"><\/p>\n<h5 style=\"text-align: center;\">Not all hormones can be measured in saliva or with the same accuracy as in blood. These are examined through hormone saliva analysis.<\/h5>\n<p><\/div><\/div><\/div><\/div><\/div><\/div><div class=\"vc_row wpb_row vc_row-fluid\"><div class=\"wpb_column vc_column_container vc_col-sm-12\"><div class=\"vc_column-inner\"><div class=\"wpb_wrapper\"><div class=\"vc_empty_space\"   style=\"height: 32px\"><span class=\"vc_empty_space_inner\"><\/span><\/div><\/div><\/div><\/div><\/div><div class=\"vc_row wpb_row vc_row-fluid\"><div class=\"wpb_column vc_column_container vc_col-sm-12\"><div class=\"vc_column-inner\"><div class=\"wpb_wrapper\">\n\t<div class=\"wpb_text_column wpb_content_element\" >\n\t\t<div class=\"wpb_wrapper\">\n\t\t\t<p>Hormone analysis is one of the important analyses for further therapy and accurate diagnosis. However, not all hormones can be measured in blood. This includes, for example, the hormone melatonin, which is relevant for sleep. Those who produce too little melatonin may have trouble sleeping through the night and still feel unrested after 8-10 hours of sleep. In cases of overproduction of melatonin, fatigue is omnipresent, one feels constantly foggy, and falls asleep quickly.<\/p>\n\n\t\t<\/div>\n\t<\/div>\n<\/div><\/div><\/div><\/div>","protected":false},"excerpt":{"rendered":"<p>Hormonspeichelanalyse Nicht alle Hormone k\u00f6nnen \u00fcberhaupt oder mit der gleichen Genauigkeit wie im Blut gemessen werden. Diese werden \u00fcber die Hormonspeichelanalyse untersucht. Die Hormonanalyse geh\u00f6rt zu den wichtigen Analysen der weiteren Therapie und korrekten Diagnosestellung. Nicht alle Hormone k\u00f6nnen jedoch im Blut gemessen werden, Dazu geh\u00f6rt beispielsweise, das f\u00fcr den Schlaf relevante Hormon Melatonin. Wer&hellip;<\/p>","protected":false},"author":15,"featured_media":960,"parent":858,"menu_order":2,"comment_status":"closed","ping_status":"closed","template":"","meta":{"footnotes":""},"folder":[],"class_list":["post-890","page","type-page","status-publish","has-post-thumbnail","hentry","description-off"],"_links":{"self":[{"href":"https:\/\/sunclinic.ch\/en\/wp-json\/wp\/v2\/pages\/890","targetHints":{"allow":["GET"]}}],"collection":[{"href":"https:\/\/sunclinic.ch\/en\/wp-json\/wp\/v2\/pages"}],"about":[{"href":"https:\/\/sunclinic.ch\/en\/wp-json\/wp\/v2\/types\/page"}],"author":[{"embeddable":true,"href":"https:\/\/sunclinic.ch\/en\/wp-json\/wp\/v2\/users\/15"}],"replies":[{"embeddable":true,"href":"https:\/\/sunclinic.ch\/en\/wp-json\/wp\/v2\/comments?post=890"}],"version-history":[{"count":3,"href":"https:\/\/sunclinic.ch\/en\/wp-json\/wp\/v2\/pages\/890\/revisions"}],"predecessor-version":[{"id":1613,"href":"https:\/\/sunclinic.ch\/en\/wp-json\/wp\/v2\/pages\/890\/revisions\/1613"}],"up":[{"embeddable":true,"href":"https:\/\/sunclinic.ch\/en\/wp-json\/wp\/v2\/pages\/858"}],"wp:featuredmedia":[{"embeddable":true,"href":"https:\/\/sunclinic.ch\/en\/wp-json\/wp\/v2\/media\/960"}],"wp:attachment":[{"href":"https:\/\/sunclinic.ch\/en\/wp-json\/wp\/v2\/media?parent=890"}],"wp:term":[{"taxonomy":"folder","embeddable":true,"href":"https:\/\/sunclinic.ch\/en\/wp-json\/wp\/v2\/folder?post=890"}],"curies":[{"name":"wp","href":"https:\/\/api.w.org\/{rel}","templated":true}]}}