{"id":887,"date":"2019-09-16T14:25:15","date_gmt":"2019-09-16T12:25:15","guid":{"rendered":"https:\/\/praxis.kanzler.ch\/diagnostik\/allergie-copy\/"},"modified":"2020-12-01T21:06:57","modified_gmt":"2020-12-01T20:06:57","slug":"oligoscan","status":"publish","type":"page","link":"https:\/\/sunclinic.ch\/en\/diagnostik\/oligoscan\/","title":{"rendered":"Oligoscan"},"content":{"rendered":"<div class=\"vc_row wpb_row vc_row-fluid vc_custom_1558073885293\"><div class=\"wpb_column vc_column_container vc_col-sm-12\"><div class=\"vc_column-inner vc_custom_1558002986938\"><div class=\"wpb_wrapper\"><div id=\"ultimate-heading-919169d43ab90bd28\" class=\"uvc-heading ult-adjust-bottom-margin ultimate-heading-919169d43ab90bd28 uvc-9015  uvc-heading-default-font-sizes\" data-hspacer=\"no_spacer\"  data-halign=\"center\" style=\"text-align:center\"><div class=\"uvc-heading-spacer no_spacer\" style=\"top\"><\/div><div class=\"uvc-main-heading ult-responsive\"  data-ultimate-target='.uvc-heading.ultimate-heading-919169d43ab90bd28 h2'  data-responsive-json-new='{\"font-size\":\"\",\"line-height\":\"\"}' ><h2 style=\"--font-weight:theme;margin-bottom:16px;\">Oligoscan<\/h2><\/div><div class=\"uvc-sub-heading ult-responsive\"  data-ultimate-target='.uvc-heading.ultimate-heading-919169d43ab90bd28 .uvc-sub-heading '  data-responsive-json-new='{\"font-size\":\"\",\"line-height\":\"\"}'  style=\"font-weight:normal;margin-top:16px;margin-bottom:50px;\"><\/p>\n<h5 style=\"text-align: center;\">The Oligoscan is a simple, fast, and painless method to measure heavy metals in the body.<\/h5>\n<p><\/div><\/div><\/div><\/div><\/div><\/div><div class=\"vc_row wpb_row vc_row-fluid\"><div class=\"wpb_column vc_column_container vc_col-sm-12\"><div class=\"vc_column-inner\"><div class=\"wpb_wrapper\"><div class=\"vc_empty_space\"   style=\"height: 32px\"><span class=\"vc_empty_space_inner\"><\/span><\/div><\/div><\/div><\/div><\/div><div class=\"vc_row wpb_row vc_row-fluid\"><div class=\"wpb_column vc_column_container vc_col-sm-12\"><div class=\"vc_column-inner\"><div class=\"wpb_wrapper\">\n\t<div class=\"wpb_text_column wpb_content_element\" >\n\t\t<div class=\"wpb_wrapper\">\n\t\t\t<p>With the Oligoscan, the heavy metal burden in the body can be measured during the practice visit by measuring hand perspiration. The test indicates which heavy metals and trace elements the body has too much of or is deficient in.<\/p>\n<p>By detoxifying heavy metals and achieving a healthy balance of all trace elements, the body can focus its energy on performance and strength. Therefore, the Oligoscan is particularly suitable for athletes and burnout patients.<\/p>\n\n\t\t<\/div>\n\t<\/div>\n<\/div><\/div><\/div><\/div>","protected":false},"excerpt":{"rendered":"<p>Oligoscan Der Oligoscan ist eine einfache, schnelle und schmerzlose Methode um Schwermetalle im K\u00f6rper zu messen. Mit dem Oligoscan kann beim Praxisbesuch durch Messung der Handausdunstung die Schwermetalbelastung im K\u00f6rper gemessen werden. Der Test zeigt von welchem Schwermetallen und Spurenelementen der K\u00f6rper zu viel hat oder auch einen Mangel. Durch die Entgiftung von Schwermetallen und&hellip;<\/p>","protected":false},"author":15,"featured_media":957,"parent":858,"menu_order":2,"comment_status":"closed","ping_status":"closed","template":"","meta":{"footnotes":""},"folder":[],"class_list":["post-887","page","type-page","status-publish","has-post-thumbnail","hentry","description-off"],"_links":{"self":[{"href":"https:\/\/sunclinic.ch\/en\/wp-json\/wp\/v2\/pages\/887","targetHints":{"allow":["GET"]}}],"collection":[{"href":"https:\/\/sunclinic.ch\/en\/wp-json\/wp\/v2\/pages"}],"about":[{"href":"https:\/\/sunclinic.ch\/en\/wp-json\/wp\/v2\/types\/page"}],"author":[{"embeddable":true,"href":"https:\/\/sunclinic.ch\/en\/wp-json\/wp\/v2\/users\/15"}],"replies":[{"embeddable":true,"href":"https:\/\/sunclinic.ch\/en\/wp-json\/wp\/v2\/comments?post=887"}],"version-history":[{"count":5,"href":"https:\/\/sunclinic.ch\/en\/wp-json\/wp\/v2\/pages\/887\/revisions"}],"predecessor-version":[{"id":1612,"href":"https:\/\/sunclinic.ch\/en\/wp-json\/wp\/v2\/pages\/887\/revisions\/1612"}],"up":[{"embeddable":true,"href":"https:\/\/sunclinic.ch\/en\/wp-json\/wp\/v2\/pages\/858"}],"wp:featuredmedia":[{"embeddable":true,"href":"https:\/\/sunclinic.ch\/en\/wp-json\/wp\/v2\/media\/957"}],"wp:attachment":[{"href":"https:\/\/sunclinic.ch\/en\/wp-json\/wp\/v2\/media?parent=887"}],"wp:term":[{"taxonomy":"folder","embeddable":true,"href":"https:\/\/sunclinic.ch\/en\/wp-json\/wp\/v2\/folder?post=887"}],"curies":[{"name":"wp","href":"https:\/\/api.w.org\/{rel}","templated":true}]}}