{"id":881,"date":"2019-09-16T14:22:23","date_gmt":"2019-09-16T12:22:23","guid":{"rendered":"https:\/\/praxis.kanzler.ch\/diagnostik\/mikrobioms-copy\/"},"modified":"2020-12-01T21:11:11","modified_gmt":"2020-12-01T20:11:11","slug":"infektionen","status":"publish","type":"page","link":"https:\/\/sunclinic.ch\/en\/diagnostik\/infektionen\/","title":{"rendered":"Viral Infection Analysis"},"content":{"rendered":"<div class=\"vc_row wpb_row vc_row-fluid vc_custom_1558073885293\"><div class=\"wpb_column vc_column_container vc_col-sm-12\"><div class=\"vc_column-inner vc_custom_1558002986938\"><div class=\"wpb_wrapper\"><div id=\"ultimate-heading-595169d43fc554db5\" class=\"uvc-heading ult-adjust-bottom-margin ultimate-heading-595169d43fc554db5 uvc-1132  uvc-heading-default-font-sizes\" data-hspacer=\"no_spacer\"  data-halign=\"center\" style=\"text-align:center\"><div class=\"uvc-heading-spacer no_spacer\" style=\"top\"><\/div><div class=\"uvc-main-heading ult-responsive\"  data-ultimate-target='.uvc-heading.ultimate-heading-595169d43fc554db5 h2'  data-responsive-json-new='{\"font-size\":\"\",\"line-height\":\"\"}' ><h2 style=\"--font-weight:theme;margin-bottom:16px;\">Viral Infection Analysis<\/h2><\/div><div class=\"uvc-sub-heading ult-responsive\"  data-ultimate-target='.uvc-heading.ultimate-heading-595169d43fc554db5 .uvc-sub-heading '  data-responsive-json-new='{\"font-size\":\"\",\"line-height\":\"\"}'  style=\"font-weight:normal;margin-top:16px;margin-bottom:50px;\"><\/p>\n<h5 style=\"text-align: center;\">Viral infections can continue to affect the body and burden it long after the acute illness. Using various natural medicine methods, even the smallest traces of viruses can be measured.<\/h5>\n<p><\/div><\/div><div class=\"vc_empty_space\"   style=\"height: 32px\"><span class=\"vc_empty_space_inner\"><\/span><\/div><\/div><\/div><\/div><\/div><div class=\"vc_row wpb_row vc_row-fluid\"><div class=\"wpb_column vc_column_container vc_col-sm-12\"><div class=\"vc_column-inner\"><div class=\"wpb_wrapper\">\n\t<div class=\"wpb_text_column wpb_content_element\" >\n\t\t<div class=\"wpb_wrapper\">\n\t\t\t<p>After an acute viral illness, the effects are usually not over. For decades, viruses can continue to affect and burden the body after an infection. The amount of viruses is often below the conventional medical reference range and thus officially undetectable. However, in natural medicine, there are various methods to measure even the smallest traces of viruses:<\/p>\n<ul>\n<li><a href=\"https:\/\/sunclinic.ch\/en\/therapien\/elektroakupunktur-nach-https:\/\/sunclinic.ch\/therapien\/elektroakupunktur-nach-voll-therapie\/voll-therapie\/\">Electroacupuncture by Voll<\/a><\/li>\n<li><a href=\"https:\/\/sunclinic.ch\/en\/therapien\/metatron-nls-diagnostic-zuerich\/\">Metatron NLS Diagnostic<\/a><\/li>\n<\/ul>\n<p>The methods mentioned above help in developing a tailored therapy. After all, each body reacts differently to viruses, and for some, even the smallest remnants of an infection can trigger chronic symptoms. This is where naturopathic diagnostics come in handy.<\/p>\n\n\t\t<\/div>\n\t<\/div>\n<\/div><\/div><\/div><\/div>","protected":false},"excerpt":{"rendered":"<p>Analyse viraler Infektionen Virale Infektionen k\u00f6nnen auch lange nach der akuten Erkrankung weiter im K\u00f6rper wirken und ihn belasten. Mittels verschiedener naturheilmedizinischer Methoden k\u00f6nnen auch kleinste Spuren von Viren gemessen werden. Nach einer akuten viralen Erkrankungen sind die Auswirkungen meist nicht vorbei. Jahrzehntelang k\u00f6nnen Viren nach einer Infektion noch weiter im K\u00f6rper wirken und diesen&hellip;<\/p>","protected":false},"author":15,"featured_media":0,"parent":858,"menu_order":2,"comment_status":"closed","ping_status":"closed","template":"","meta":{"footnotes":""},"folder":[],"class_list":["post-881","page","type-page","status-publish","hentry","description-off"],"_links":{"self":[{"href":"https:\/\/sunclinic.ch\/en\/wp-json\/wp\/v2\/pages\/881","targetHints":{"allow":["GET"]}}],"collection":[{"href":"https:\/\/sunclinic.ch\/en\/wp-json\/wp\/v2\/pages"}],"about":[{"href":"https:\/\/sunclinic.ch\/en\/wp-json\/wp\/v2\/types\/page"}],"author":[{"embeddable":true,"href":"https:\/\/sunclinic.ch\/en\/wp-json\/wp\/v2\/users\/15"}],"replies":[{"embeddable":true,"href":"https:\/\/sunclinic.ch\/en\/wp-json\/wp\/v2\/comments?post=881"}],"version-history":[{"count":8,"href":"https:\/\/sunclinic.ch\/en\/wp-json\/wp\/v2\/pages\/881\/revisions"}],"predecessor-version":[{"id":1671,"href":"https:\/\/sunclinic.ch\/en\/wp-json\/wp\/v2\/pages\/881\/revisions\/1671"}],"up":[{"embeddable":true,"href":"https:\/\/sunclinic.ch\/en\/wp-json\/wp\/v2\/pages\/858"}],"wp:attachment":[{"href":"https:\/\/sunclinic.ch\/en\/wp-json\/wp\/v2\/media?parent=881"}],"wp:term":[{"taxonomy":"folder","embeddable":true,"href":"https:\/\/sunclinic.ch\/en\/wp-json\/wp\/v2\/folder?post=881"}],"curies":[{"name":"wp","href":"https:\/\/api.w.org\/{rel}","templated":true}]}}