{"id":878,"date":"2019-09-16T14:20:18","date_gmt":"2019-09-16T12:20:18","guid":{"rendered":"https:\/\/praxis.kanzler.ch\/diagnostik\/mikrobioms-copy\/"},"modified":"2020-11-17T13:07:04","modified_gmt":"2020-11-17T12:07:04","slug":"allergie-zuerich","status":"publish","type":"page","link":"https:\/\/sunclinic.ch\/en\/diagnostik\/allergie-zuerich\/","title":{"rendered":"Allergy Analysis"},"content":{"rendered":"<div class=\"vc_row wpb_row vc_row-fluid vc_custom_1558073885293\"><div class=\"wpb_column vc_column_container vc_col-sm-12\"><div class=\"vc_column-inner vc_custom_1558002986938\"><div class=\"wpb_wrapper\"><div id=\"ultimate-heading-876269d43e9d32b0c\" class=\"uvc-heading ult-adjust-bottom-margin ultimate-heading-876269d43e9d32b0c uvc-7998  uvc-heading-default-font-sizes\" data-hspacer=\"no_spacer\"  data-halign=\"center\" style=\"text-align:center\"><div class=\"uvc-heading-spacer no_spacer\" style=\"top\"><\/div><div class=\"uvc-main-heading ult-responsive\"  data-ultimate-target='.uvc-heading.ultimate-heading-876269d43e9d32b0c h2'  data-responsive-json-new='{\"font-size\":\"\",\"line-height\":\"\"}' ><h2 style=\"--font-weight:theme;margin-bottom:16px;\">Allergy Analysis<\/h2><\/div><div class=\"uvc-sub-heading ult-responsive\"  data-ultimate-target='.uvc-heading.ultimate-heading-876269d43e9d32b0c .uvc-sub-heading '  data-responsive-json-new='{\"font-size\":\"\",\"line-height\":\"\"}'  style=\"font-weight:normal;margin-top:16px;margin-bottom:50px;\"><\/p>\n<h5 style=\"text-align: center;\">Allergies and intolerances burden the body and the psyche. Even mild intolerances can lead to digestive problems, irritations, headaches, and mood swings with frequent contact.<\/h5>\n<p><\/div><\/div><\/div><\/div><\/div><\/div><div class=\"vc_row wpb_row vc_row-fluid\"><div class=\"wpb_column vc_column_container vc_col-sm-12\"><div class=\"vc_column-inner\"><div class=\"wpb_wrapper\">\n\t<div class=\"wpb_text_column wpb_content_element\" >\n\t\t<div class=\"wpb_wrapper\">\n\t\t\t<p>Conventional medical reference ranges neglect the sensitivity of the individual. What is not noticeable for one person can mean endless suffering for another.<br \/>\nWe consider each individual and with our allergy measurement method, we can also identify the finest intolerances.<\/p>\n<p>The method of measurement is <a href=\"https:\/\/sunclinic.ch\/en\/therapien\/elektroakupunktur-nach-voll-therapie\/\">Electroacupuncture by Voll<\/a> and a wide range of allergy and intolerance extracts to ensure the most accurate investigation possible.<br \/>\nMaterials from home or the private environment can also be brought in and measured.<\/p>\n<p>The results are documented after the measurement, and then the <a href=\"https:\/\/sunclinic.ch\/en\/therapien\/allergieloeschung\/\">allergy treatment<\/a> can beginn.<\/p>\n\n\t\t<\/div>\n\t<\/div>\n<\/div><\/div><\/div><\/div>","protected":false},"excerpt":{"rendered":"<p>Allergie Ausmessung Allergien und Unvertr\u00e4glichkeiten belasten den K\u00f6rper und die Psyche. Bereits leichte Unvertr\u00e4glichkeiten, k\u00f6nnen bei viel Kontakt zu Verdauungsproblemen, Reizungen, Kopfschmerzen bis hin zu Stimmungsschwankungen f\u00fchren. Die schulmedizinischen Referenzbereiche vernachl\u00e4ssigen die Sensibilit\u00e4t des Individuums. Was f\u00fcr einen nicht sp\u00fcrbar ist, kann f\u00fcr den anderen eine endlose Qual bedeuten. Wir ber\u00fccksichtigen jeden Menschen einzeln und&hellip;<\/p>","protected":false},"author":15,"featured_media":340,"parent":858,"menu_order":2,"comment_status":"closed","ping_status":"closed","template":"","meta":{"footnotes":""},"folder":[],"class_list":["post-878","page","type-page","status-publish","has-post-thumbnail","hentry","description-off"],"_links":{"self":[{"href":"https:\/\/sunclinic.ch\/en\/wp-json\/wp\/v2\/pages\/878","targetHints":{"allow":["GET"]}}],"collection":[{"href":"https:\/\/sunclinic.ch\/en\/wp-json\/wp\/v2\/pages"}],"about":[{"href":"https:\/\/sunclinic.ch\/en\/wp-json\/wp\/v2\/types\/page"}],"author":[{"embeddable":true,"href":"https:\/\/sunclinic.ch\/en\/wp-json\/wp\/v2\/users\/15"}],"replies":[{"embeddable":true,"href":"https:\/\/sunclinic.ch\/en\/wp-json\/wp\/v2\/comments?post=878"}],"version-history":[{"count":3,"href":"https:\/\/sunclinic.ch\/en\/wp-json\/wp\/v2\/pages\/878\/revisions"}],"predecessor-version":[{"id":1610,"href":"https:\/\/sunclinic.ch\/en\/wp-json\/wp\/v2\/pages\/878\/revisions\/1610"}],"up":[{"embeddable":true,"href":"https:\/\/sunclinic.ch\/en\/wp-json\/wp\/v2\/pages\/858"}],"wp:featuredmedia":[{"embeddable":true,"href":"https:\/\/sunclinic.ch\/en\/wp-json\/wp\/v2\/media\/340"}],"wp:attachment":[{"href":"https:\/\/sunclinic.ch\/en\/wp-json\/wp\/v2\/media?parent=878"}],"wp:term":[{"taxonomy":"folder","embeddable":true,"href":"https:\/\/sunclinic.ch\/en\/wp-json\/wp\/v2\/folder?post=878"}],"curies":[{"name":"wp","href":"https:\/\/api.w.org\/{rel}","templated":true}]}}