{"id":875,"date":"2019-09-16T14:19:28","date_gmt":"2019-09-16T12:19:28","guid":{"rendered":"https:\/\/praxis.kanzler.ch\/diagnostik\/metatron-copy\/"},"modified":"2020-11-13T22:17:41","modified_gmt":"2020-11-13T21:17:41","slug":"blutanalyse","status":"publish","type":"page","link":"https:\/\/sunclinic.ch\/en\/diagnostik\/blutanalyse\/","title":{"rendered":"Blood Analysis"},"content":{"rendered":"<div class=\"vc_row wpb_row vc_row-fluid vc_custom_1558073885293\"><div class=\"wpb_column vc_column_container vc_col-sm-12\"><div class=\"vc_column-inner vc_custom_1558002986938\"><div class=\"wpb_wrapper\"><div id=\"ultimate-heading-530669d43a690caa6\" class=\"uvc-heading ult-adjust-bottom-margin ultimate-heading-530669d43a690caa6 uvc-5522  uvc-heading-default-font-sizes\" data-hspacer=\"no_spacer\"  data-halign=\"center\" style=\"text-align:center\"><div class=\"uvc-heading-spacer no_spacer\" style=\"top\"><\/div><div class=\"uvc-main-heading ult-responsive\"  data-ultimate-target='.uvc-heading.ultimate-heading-530669d43a690caa6 h2'  data-responsive-json-new='{\"font-size\":\"\",\"line-height\":\"\"}' ><h2 style=\"--font-weight:theme;margin-bottom:16px;\">Blood Analysis<\/h2><\/div><div class=\"uvc-sub-heading ult-responsive\"  data-ultimate-target='.uvc-heading.ultimate-heading-530669d43a690caa6 .uvc-sub-heading '  data-responsive-json-new='{\"font-size\":\"\",\"line-height\":\"\"}'  style=\"font-weight:normal;margin-top:16px;margin-bottom:50px;\"><\/p>\n<h5 style=\"text-align: center;\">For the treatment of chronic and acute illnesses as well as for preventive<br \/>\nwork aimed at maintaining health and quality of life involves a comprehensive and specific blood analysis.<\/h5>\n<p><\/div><\/div><div class=\"vc_empty_space\"   style=\"height: 32px\"><span class=\"vc_empty_space_inner\"><\/span><\/div><\/div><\/div><\/div><\/div><div class=\"vc_row wpb_row vc_row-fluid\"><div class=\"wpb_column vc_column_container vc_col-sm-12\"><div class=\"vc_column-inner\"><div class=\"wpb_wrapper\">\n\t<div class=\"wpb_text_column wpb_content_element\" >\n\t\t<div class=\"wpb_wrapper\">\n\t\t\t<p>Our clinic collaborates with the most advanced laboratories in the German-speaking region to offer a spectrum of laboratory analyses, which, when combined with appropriate therapy, aim to enhance the quality of life for patients.<\/p>\n<p>The spectrum of analysis includes:<\/p>\n<ul>\n<li><a href=\"https:\/\/www.rheumaliga.ch\/blog\/2018\/mitochondrien\" target=\"_blank\" rel=\"noopener\">Mitochondria<\/a> suitable for energy loss and burnout<\/li>\n<li><a href=\"https:\/\/www.mpg.de\/13912208\/telomere-gehirnstruktur\" target=\"_blank\" rel=\"noopener\">Telomere<\/a> - for clever aging<\/li>\n<li><a href=\"http:\/\/www.gesundheits-lexikon.com\/Orthomolekulare-Medizin-Vitalstoff-Medizin\/Freie-Radikale-oxidativer-Stress-\/Orthomolekulare-Therapie-Vitalstofftherapie.html\" target=\"_blank\" rel=\"noopener\">Orthomolecular protective factors<\/a> for personalized therapy to boost immunity against viruses and bacteria<\/li>\n<li><a href=\"https:\/\/www.aerzteblatt.de\/archiv\/109152\/Tumorzellen-Nicht-verwunderlich\" target=\"_blank\" rel=\"noopener\">Maintrac<\/a> cells - precise quantitative detection of cancer cells<\/li>\n<li>Vitamin and hormone status<\/li>\n<li>Trace elements and heavy metal analysis<\/li>\n<li>Gene defects<\/li>\n<\/ul>\n<p>Based on the comprehensive analyses, we can provide patients with a therapy specifically tailored to them and compile it.<\/p>\n<p>&nbsp;<\/p>\n\n\t\t<\/div>\n\t<\/div>\n<\/div><\/div><\/div><\/div>","protected":false},"excerpt":{"rendered":"<p>Blutanalyse Zur Therapie von chronischen und akuten Erkrankungen sowie zur pr\u00e4ventiven und Lebensqualit\u00e4t erhaltenden Arbeit geh\u00f6rt eine fundierte und spezifische Blutanalyse. Unsere Praxis arbeitet mit den fortschrittlichsten Laboratorien im deutschsprachigen Raum zusammen um ein Spektrum an Laboranalysen zu bieten, welche die dann mit der entsprechenden Therapie, die Lebensqualit\u00e4t der Patienten erh\u00f6hen soll. Das Spektrum von&hellip;<\/p>","protected":false},"author":15,"featured_media":949,"parent":858,"menu_order":2,"comment_status":"closed","ping_status":"closed","template":"","meta":{"footnotes":""},"folder":[],"class_list":["post-875","page","type-page","status-publish","has-post-thumbnail","hentry","description-off"],"_links":{"self":[{"href":"https:\/\/sunclinic.ch\/en\/wp-json\/wp\/v2\/pages\/875","targetHints":{"allow":["GET"]}}],"collection":[{"href":"https:\/\/sunclinic.ch\/en\/wp-json\/wp\/v2\/pages"}],"about":[{"href":"https:\/\/sunclinic.ch\/en\/wp-json\/wp\/v2\/types\/page"}],"author":[{"embeddable":true,"href":"https:\/\/sunclinic.ch\/en\/wp-json\/wp\/v2\/users\/15"}],"replies":[{"embeddable":true,"href":"https:\/\/sunclinic.ch\/en\/wp-json\/wp\/v2\/comments?post=875"}],"version-history":[{"count":5,"href":"https:\/\/sunclinic.ch\/en\/wp-json\/wp\/v2\/pages\/875\/revisions"}],"predecessor-version":[{"id":1569,"href":"https:\/\/sunclinic.ch\/en\/wp-json\/wp\/v2\/pages\/875\/revisions\/1569"}],"up":[{"embeddable":true,"href":"https:\/\/sunclinic.ch\/en\/wp-json\/wp\/v2\/pages\/858"}],"wp:featuredmedia":[{"embeddable":true,"href":"https:\/\/sunclinic.ch\/en\/wp-json\/wp\/v2\/media\/949"}],"wp:attachment":[{"href":"https:\/\/sunclinic.ch\/en\/wp-json\/wp\/v2\/media?parent=875"}],"wp:term":[{"taxonomy":"folder","embeddable":true,"href":"https:\/\/sunclinic.ch\/en\/wp-json\/wp\/v2\/folder?post=875"}],"curies":[{"name":"wp","href":"https:\/\/api.w.org\/{rel}","templated":true}]}}