{"id":867,"date":"2019-09-16T14:11:53","date_gmt":"2019-09-16T12:11:53","guid":{"rendered":"https:\/\/praxis.kanzler.ch\/therapien\/schulmedizinische-diagnostik-copy\/"},"modified":"2020-11-13T22:17:02","modified_gmt":"2020-11-13T21:17:02","slug":"analyse-vom-mikrobiom","status":"publish","type":"page","link":"https:\/\/sunclinic.ch\/en\/diagnostik\/analyse-vom-mikrobiom\/","title":{"rendered":"Analysis of Microbioma"},"content":{"rendered":"<div class=\"vc_row wpb_row vc_row-fluid vc_custom_1558073885293\"><div class=\"wpb_column vc_column_container vc_col-sm-12\"><div class=\"vc_column-inner vc_custom_1558002986938\"><div class=\"wpb_wrapper\"><div id=\"ultimate-heading-124969d43e967be21\" class=\"uvc-heading ult-adjust-bottom-margin ultimate-heading-124969d43e967be21 uvc-176  uvc-heading-default-font-sizes\" data-hspacer=\"no_spacer\"  data-halign=\"center\" style=\"text-align:center\"><div class=\"uvc-heading-spacer no_spacer\" style=\"top\"><\/div><div class=\"uvc-main-heading ult-responsive\"  data-ultimate-target='.uvc-heading.ultimate-heading-124969d43e967be21 h2'  data-responsive-json-new='{\"font-size\":\"\",\"line-height\":\"\"}' ><h2 style=\"--font-weight:theme;margin-bottom:16px;\">Analysis of Microbioma<\/h2><\/div><div class=\"uvc-sub-heading ult-responsive\"  data-ultimate-target='.uvc-heading.ultimate-heading-124969d43e967be21 .uvc-sub-heading '  data-responsive-json-new='{\"font-size\":\"\",\"line-height\":\"\"}'  style=\"font-weight:normal;margin-top:16px;margin-bottom:50px;\"><\/p>\n<h5 style=\"text-align: center;\">The intestine is an underestimated organ when it comes to our health.<br \/>\nDie guten und schlechten Bakterien, die den Darm besiedeln nennt man als Einheit &#8222;Mikrobiom&#8220;.<\/h5>\n<p><\/div><\/div><div class=\"vc_empty_space\"   style=\"height: 32px\"><span class=\"vc_empty_space_inner\"><\/span><\/div><\/div><\/div><\/div><\/div><div class=\"vc_row wpb_row vc_row-fluid\"><div class=\"wpb_column vc_column_container vc_col-sm-12\"><div class=\"vc_column-inner\"><div class=\"wpb_wrapper\">\n\t<div class=\"wpb_text_column wpb_content_element\" >\n\t\t<div class=\"wpb_wrapper\">\n\t\t\t<p>When the microbiome is out of balance, the consequences can be diverse:<\/p>\n<ul>\n<li>Bloating<\/li>\n<li>Constipation<\/li>\n<li>Diarrhea<\/li>\n<li>Weakened immune system<\/li>\n<li>Panic attacks \/ Depression<\/li>\n<li>Burnout<\/li>\n<li>Eczema \/ Acne \/ Poor skin<\/li>\n<\/ul>\n<p>Through a precise analysis of the gut and appropriate construction and therapy of the microbiome, the symptoms described above can be alleviated and cured. Gut rehabilitation is a long-term process that, with proper implementation and discipline, can lead to a sustainable improvement in quality of life.<\/p>\n<p>The rehabilitation should be carried out daily for a period of 6 to 12 months, depending on the analysis. Antibiotics should be completely avoided, as should the consumption of sugar.<\/p>\n\n\t\t<\/div>\n\t<\/div>\n<\/div><\/div><\/div><\/div>","protected":false},"excerpt":{"rendered":"<p>Analyse vom Mikrobiom Der Darm ist ein untersch\u00e4tztes Organ, wenn es um unsere Gesundheit geht. Die guten und schlechten Bakterien, die den Darm besiedeln nennt man als Einheit &#8222;Mikrobiom&#8220;. Wenn das Mikrobiom ausser Balance ist, k\u00f6nnen die Konsequenzen vielseitig sein: Bl\u00e4hbauch Verstopfung Durchfall geschw\u00e4chtes Immunsystem Panikattacken \/ Depressionen Burn-Out Ekzeme \/ Pickel \/ schlechte Haut&hellip;<\/p>","protected":false},"author":15,"featured_media":946,"parent":858,"menu_order":2,"comment_status":"closed","ping_status":"closed","template":"","meta":{"footnotes":""},"folder":[],"class_list":["post-867","page","type-page","status-publish","has-post-thumbnail","hentry","description-off"],"_links":{"self":[{"href":"https:\/\/sunclinic.ch\/en\/wp-json\/wp\/v2\/pages\/867","targetHints":{"allow":["GET"]}}],"collection":[{"href":"https:\/\/sunclinic.ch\/en\/wp-json\/wp\/v2\/pages"}],"about":[{"href":"https:\/\/sunclinic.ch\/en\/wp-json\/wp\/v2\/types\/page"}],"author":[{"embeddable":true,"href":"https:\/\/sunclinic.ch\/en\/wp-json\/wp\/v2\/users\/15"}],"replies":[{"embeddable":true,"href":"https:\/\/sunclinic.ch\/en\/wp-json\/wp\/v2\/comments?post=867"}],"version-history":[{"count":8,"href":"https:\/\/sunclinic.ch\/en\/wp-json\/wp\/v2\/pages\/867\/revisions"}],"predecessor-version":[{"id":1566,"href":"https:\/\/sunclinic.ch\/en\/wp-json\/wp\/v2\/pages\/867\/revisions\/1566"}],"up":[{"embeddable":true,"href":"https:\/\/sunclinic.ch\/en\/wp-json\/wp\/v2\/pages\/858"}],"wp:featuredmedia":[{"embeddable":true,"href":"https:\/\/sunclinic.ch\/en\/wp-json\/wp\/v2\/media\/946"}],"wp:attachment":[{"href":"https:\/\/sunclinic.ch\/en\/wp-json\/wp\/v2\/media?parent=867"}],"wp:term":[{"taxonomy":"folder","embeddable":true,"href":"https:\/\/sunclinic.ch\/en\/wp-json\/wp\/v2\/folder?post=867"}],"curies":[{"name":"wp","href":"https:\/\/api.w.org\/{rel}","templated":true}]}}