{"id":864,"date":"2019-09-16T14:09:33","date_gmt":"2019-09-16T12:09:33","guid":{"rendered":"https:\/\/praxis.kanzler.ch\/therapien\/darmsanierung-copy\/"},"modified":"2020-11-13T21:18:34","modified_gmt":"2020-11-13T20:18:34","slug":"schulmedizinische-diagnostik","status":"publish","type":"page","link":"https:\/\/sunclinic.ch\/en\/diagnostik\/schulmedizinische-diagnostik\/","title":{"rendered":"Conventional Medical Diagnostics"},"content":{"rendered":"<div class=\"vc_row wpb_row vc_row-fluid vc_custom_1568882054267\"><div class=\"wpb_column vc_column_container vc_col-sm-12\"><div class=\"vc_column-inner\"><div class=\"wpb_wrapper\"><div id=\"ultimate-heading-716769d43eeae680b\" class=\"uvc-heading ult-adjust-bottom-margin ultimate-heading-716769d43eeae680b uvc-3797  uvc-heading-default-font-sizes\" data-hspacer=\"no_spacer\"  data-halign=\"center\" style=\"text-align:center\"><div class=\"uvc-heading-spacer no_spacer\" style=\"top\"><\/div><div class=\"uvc-main-heading ult-responsive\"  data-ultimate-target='.uvc-heading.ultimate-heading-716769d43eeae680b h2'  data-responsive-json-new='{\"font-size\":\"\",\"line-height\":\"\"}' ><h2 style=\"--font-weight:theme;margin-bottom:16px;\">Conventional Medical Diagnostics<\/h2><\/div><\/div><\/div><\/div><\/div><\/div><div class=\"vc_row wpb_row vc_row-fluid\"><div class=\"wpb_column vc_column_container vc_col-sm-6 vc_col-has-fill\"><div class=\"vc_column-inner vc_custom_1568881782553\"><div class=\"wpb_wrapper\"><div class=\"vc_empty_space\"   style=\"height: 200px\"><span class=\"vc_empty_space_inner\"><\/span><\/div><\/div><\/div><\/div><div class=\"wpb_column vc_column_container vc_col-sm-6\"><div class=\"vc_column-inner vc_custom_1568881829039\"><div class=\"wpb_wrapper\">\n\t<div class=\"wpb_text_column wpb_content_element\" >\n\t\t<div class=\"wpb_wrapper\">\n\t\t\t<p>The conventional medical approach is the basis for any further therapy in our clinic. From check-ups to specific symptom assessment, we are equipped with the most advanced medical equipment.<\/p>\n<ul>\n<li style=\"text-align: left;\">Blood pressure measurement \/ Long-term blood pressure<\/li>\n<li style=\"text-align: left;\">Oxygen saturation<\/li>\n<li style=\"text-align: left;\">ECG \/ Stress ECG \/ Long-term ECG<\/li>\n<li style=\"text-align: left;\">Pulmonary function test<\/li>\n<li style=\"text-align: left;\">Laboratory \/ Drug test<\/li>\n<li style=\"text-align: left;\">Arteriosclerosis risk assessment<\/li>\n<li style=\"text-align: left;\">Heart-Rate-Variability<\/li>\n<li style=\"text-align: left;\">Tanita: Body mass composition<\/li>\n<li style=\"text-align: left;\">Ultrasound<\/li>\n<\/ul>\n\n\t\t<\/div>\n\t<\/div>\n<\/div><\/div><\/div><\/div>","protected":false},"excerpt":{"rendered":"<p>Schulmedizinische Diagnostik Der schulmedizinische Ansatz ist die Basis f\u00fcr jegliche weitere Therapie in unserer Praxis. Vom Check-up bis zur spezifischen Symptomatik-Abkl\u00e4rung, wir sind mit der modernsten medizinischen Ausr\u00fcstung ausgestattet: Blutdruckmessung \/ Langzeit Blutdruck Sauerstoffs\u00e4ttigung EKG \/ Belastungs-EKG \/ Langzeit EKG Lungenfunktionstest Labor \/ Drogentest Arteriosklerose-Risiko-Check Heart-Rate-Variability Tanita: Body-Mass-Composition Ultraschall<\/p>","protected":false},"author":15,"featured_media":1173,"parent":858,"menu_order":2,"comment_status":"closed","ping_status":"closed","template":"","meta":{"footnotes":""},"folder":[],"class_list":["post-864","page","type-page","status-publish","has-post-thumbnail","hentry","description-off"],"_links":{"self":[{"href":"https:\/\/sunclinic.ch\/en\/wp-json\/wp\/v2\/pages\/864","targetHints":{"allow":["GET"]}}],"collection":[{"href":"https:\/\/sunclinic.ch\/en\/wp-json\/wp\/v2\/pages"}],"about":[{"href":"https:\/\/sunclinic.ch\/en\/wp-json\/wp\/v2\/types\/page"}],"author":[{"embeddable":true,"href":"https:\/\/sunclinic.ch\/en\/wp-json\/wp\/v2\/users\/15"}],"replies":[{"embeddable":true,"href":"https:\/\/sunclinic.ch\/en\/wp-json\/wp\/v2\/comments?post=864"}],"version-history":[{"count":3,"href":"https:\/\/sunclinic.ch\/en\/wp-json\/wp\/v2\/pages\/864\/revisions"}],"predecessor-version":[{"id":1532,"href":"https:\/\/sunclinic.ch\/en\/wp-json\/wp\/v2\/pages\/864\/revisions\/1532"}],"up":[{"embeddable":true,"href":"https:\/\/sunclinic.ch\/en\/wp-json\/wp\/v2\/pages\/858"}],"wp:featuredmedia":[{"embeddable":true,"href":"https:\/\/sunclinic.ch\/en\/wp-json\/wp\/v2\/media\/1173"}],"wp:attachment":[{"href":"https:\/\/sunclinic.ch\/en\/wp-json\/wp\/v2\/media?parent=864"}],"wp:term":[{"taxonomy":"folder","embeddable":true,"href":"https:\/\/sunclinic.ch\/en\/wp-json\/wp\/v2\/folder?post=864"}],"curies":[{"name":"wp","href":"https:\/\/api.w.org\/{rel}","templated":true}]}}