{"id":8,"date":"2019-04-18T13:51:10","date_gmt":"2019-04-18T11:51:10","guid":{"rendered":"https:\/\/praxis.kanzler.ch\/?page_id=8"},"modified":"2020-11-13T18:27:30","modified_gmt":"2020-11-13T17:27:30","slug":"coaching-zuerich","status":"publish","type":"page","link":"https:\/\/sunclinic.ch\/en\/coaching-zuerich\/","title":{"rendered":"Coaching"},"content":{"rendered":"<div class=\"vc_row wpb_row vc_row-fluid\"><div class=\"wpb_column vc_column_container vc_col-sm-12\"><div class=\"vc_column-inner\"><div class=\"wpb_wrapper\"><div id=\"ultimate-heading-150469d43a5cf37b2\" class=\"uvc-heading ult-adjust-bottom-margin ultimate-heading-150469d43a5cf37b2 uvc-2100  uvc-heading-default-font-sizes\" data-hspacer=\"no_spacer\"  data-halign=\"center\" style=\"text-align:center\"><div class=\"uvc-heading-spacer no_spacer\" style=\"top\"><\/div><div class=\"uvc-main-heading ult-responsive\"  data-ultimate-target='.uvc-heading.ultimate-heading-150469d43a5cf37b2 h2'  data-responsive-json-new='{\"font-size\":\"\",\"line-height\":\"\"}' ><h2 style=\"--font-weight:theme;margin-bottom:16px;\">Coaching<\/h2><\/div><div class=\"uvc-sub-heading ult-responsive\"  data-ultimate-target='.uvc-heading.ultimate-heading-150469d43a5cf37b2 .uvc-sub-heading '  data-responsive-json-new='{\"font-size\":\"\",\"line-height\":\"\"}'  style=\"font-weight:normal;margin-top:16px;\"><\/p>\n<h5>Every person is different and therefore requires individual support for each problem. When coaching, it is important to accompany and support the individual in developing a solution through structured conversations and various methods.<\/h5>\n<p><\/div><\/div><div class=\"vc_empty_space\"   style=\"height: 32px\"><span class=\"vc_empty_space_inner\"><\/span><\/div><\/div><\/div><\/div><\/div><div class=\"vc_row wpb_row vc_row-fluid vc_column-gap-35 vc_row-o-equal-height vc_row-flex\"><div class=\"wpb_column vc_column_container vc_col-sm-4 vc_col-has-fill\"><div class=\"vc_column-inner vc_custom_1557157347796\"><div class=\"wpb_wrapper\">\n\t<div  class=\"wpb_single_image wpb_content_element vc_align_center  vc_custom_1605288429953\">\n\t\t\n\t\t<figure class=\"wpb_wrapper vc_figure\">\n\t\t\t<a href=\"\/en\/coaching\/burnout\/\" target=\"_self\"  class=\"vc_single_image-wrapper   vc_box_border_grey rollover\" data-large_image_width=\"600\" data-large_image_height = \"600\"     ><img loading=\"lazy\" decoding=\"async\" class=\"vc_single_image-img\" src=\"https:\/\/sunclinic.ch\/wp-content\/uploads\/2020\/11\/links_Burnout-600x600-1.png\" width=\"600\" height=\"600\"  alt=\"links_Burnout-600x600-1 Coaching\"   title=\"\"   data-dt-location=\"https:\/\/sunclinic.ch\/en\/links_burnout-600x600\/\" \/><\/a>\n\t\t<\/figure>\n\t<\/div>\n<div id=\"ultimate-heading-122069d43a5d0025e\" class=\"uvc-heading ult-adjust-bottom-margin ultimate-heading-122069d43a5d0025e uvc-1054  uvc-heading-default-font-sizes\" data-hspacer=\"no_spacer\"  data-halign=\"center\" style=\"text-align:center\"><div class=\"uvc-heading-spacer no_spacer\" style=\"top\"><\/div><div class=\"uvc-main-heading ult-responsive\"  data-ultimate-target='.uvc-heading.ultimate-heading-122069d43a5d0025e h3'  data-responsive-json-new='{\"font-size\":\"\",\"line-height\":\"\"}' ><h3 style=\"font-weight:bold;\">Burnout<\/h3><\/div><div class=\"uvc-sub-heading ult-responsive\"  data-ultimate-target='.uvc-heading.ultimate-heading-122069d43a5d0025e .uvc-sub-heading '  data-responsive-json-new='{\"font-size\":\"desktop:14px;\",\"line-height\":\"\"}'  style=\"font-weight:normal;margin-bottom:16px;\"><span class=\"normaltextrun\">One<\/span><span class=\"apple-converted-space\">\u00a0<\/span><span class=\"normaltextrun\">refers<\/span><span class=\"apple-converted-space\">\u00a0<\/span><span class=\"contextualspellingandgrammarerror\">to<\/span><span class=\"apple-converted-space\">\u00a0<\/span><span class=\"contextualspellingandgrammarerror\">Burnout<\/span><span class=\"apple-converted-space\">\u00a0<\/span><span class=\"normaltextrun\">among other things, as work-related, chronic exhaustion. The most common causes are excessively high personal expectations and frustration due to not achieving<\/span><span class=\"apple-converted-space\">\u00a0<\/span><span class=\"contextualspellingandgrammarerror\">overly ambitious goals.<\/span><span class=\"normaltextrun\">According to recent findings, the condition of the immune system due to various external stresses also plays a significant role in this condition.<\/span><span class=\"eop\">\u00a0<\/span><\/div><\/div><div class=\"vc_custom_1568874223388 ubtn-ctn-center\"><a class=\"ubtn-link ult-adjust-bottom-margin ubtn-center ubtn-small\" href=\"https:\/\/sunclinic.ch\/en\/coaching\/burnout\/\" title=\"Burnout\" ><button type=\"button\" id=\"ubtn-4581\"  class=\"ubtn ult-adjust-bottom-margin ult-responsive ubtn-small ubtn-no-hover-bg  none  ubtn-center   tooltip-69d43a5d002af\"  data-hover=\"\" data-border-color=\"#3c3c3b\" data-bg=\"\" data-hover-bg=\"\" data-border-hover=\"\" data-shadow-hover=\"\" data-shadow-click=\"none\" data-shadow=\"\" data-shd-shadow=\"\"  data-ultimate-target='#ubtn-4581'  data-responsive-json-new='{\"font-size\":\"desktop:16px;\",\"line-height\":\"desktop:16px;\"}'  style=\"font-weight:normal;border-radius:0px;border-width:1px;border-color:#3c3c3b;border-style:solid;color: #3c3c3b;\"><span class=\"ubtn-hover\" style=\"background-color:\"><\/span><span class=\"ubtn-data ubtn-text\" >More Information<\/span><\/button><\/a><\/div><div class=\"vc_empty_space\"   style=\"height: 32px\"><span class=\"vc_empty_space_inner\"><\/span><\/div><\/div><\/div><\/div><div class=\"wpb_column vc_column_container vc_col-sm-4 vc_col-has-fill\"><div class=\"vc_column-inner vc_custom_1557158545717\"><div class=\"wpb_wrapper\"><div class=\"vc_empty_space\"   style=\"height: 512px\"><span class=\"vc_empty_space_inner\"><\/span><\/div><\/div><\/div><\/div><div class=\"wpb_column vc_column_container vc_col-sm-4 vc_col-has-fill\"><div class=\"vc_column-inner vc_custom_1557152432485\"><div class=\"wpb_wrapper\">\n\t<div  class=\"wpb_single_image wpb_content_element vc_align_center  vc_custom_1605288446371\">\n\t\t\n\t\t<figure class=\"wpb_wrapper vc_figure\">\n\t\t\t<a href=\"\/en\/coaching\/burnoutprophylaxe\/\" target=\"_self\"  class=\"vc_single_image-wrapper   vc_box_border_grey rollover\" data-large_image_width=\"600\" data-large_image_height = \"600\"     ><img loading=\"lazy\" decoding=\"async\" class=\"vc_single_image-img\" src=\"https:\/\/sunclinic.ch\/wp-content\/uploads\/2020\/11\/rechts_Burnoutpro.png\" width=\"600\" height=\"600\"  alt=\"rechts_Burnoutpro Coaching\"   title=\"\"   data-dt-location=\"https:\/\/sunclinic.ch\/en\/rechts_burnoutpro-2\/\" \/><\/a>\n\t\t<\/figure>\n\t<\/div>\n<div id=\"ultimate-heading-146469d43a5d00bd4\" class=\"uvc-heading ult-adjust-bottom-margin ultimate-heading-146469d43a5d00bd4 uvc-9969  uvc-heading-default-font-sizes\" data-hspacer=\"no_spacer\"  data-halign=\"center\" style=\"text-align:center\"><div class=\"uvc-heading-spacer no_spacer\" style=\"top\"><\/div><div class=\"uvc-main-heading ult-responsive\"  data-ultimate-target='.uvc-heading.ultimate-heading-146469d43a5d00bd4 h3'  data-responsive-json-new='{\"font-size\":\"\",\"line-height\":\"\"}' ><h3 style=\"font-weight:bold;\">Burnout prevention<\/h3><\/div><div class=\"uvc-sub-heading ult-responsive\"  data-ultimate-target='.uvc-heading.ultimate-heading-146469d43a5d00bd4 .uvc-sub-heading '  data-responsive-json-new='{\"font-size\":\"desktop:14px;\",\"line-height\":\"\"}'  style=\"font-weight:normal;margin-bottom:16px;\">Not every affected individual experiences stress and strain in the same way. Therefore, it is important to develop an individual coping strategy that reduces or even eliminates the causes in the long term.<\/div><\/div><div class=\"vc_custom_1602235907258 ubtn-ctn-center\"><a class=\"ubtn-link ult-adjust-bottom-margin ubtn-center ubtn-small\" href=\"https:\/\/sunclinic.ch\/en\/coaching-zuerich\/burnout-prophylaxe-zuerich\/\" title=\"Burnout prevention\" ><button type=\"button\" id=\"ubtn-8593\"  class=\"ubtn ult-adjust-bottom-margin ult-responsive ubtn-small ubtn-no-hover-bg  none  ubtn-center   tooltip-69d43a5d00bfa\"  data-hover=\"\" data-border-color=\"#3c3c3b\" data-bg=\"\" data-hover-bg=\"\" data-border-hover=\"\" data-shadow-hover=\"\" data-shadow-click=\"none\" data-shadow=\"\" data-shd-shadow=\"\"  data-ultimate-target='#ubtn-8593'  data-responsive-json-new='{\"font-size\":\"desktop:16px;\",\"line-height\":\"desktop:16px;\"}'  style=\"font-weight:normal;border-radius:0px;border-width:1px;border-color:#3c3c3b;border-style:solid;color: #3c3c3b;\"><span class=\"ubtn-hover\" style=\"background-color:\"><\/span><span class=\"ubtn-data ubtn-text\" >More Information<\/span><\/button><\/a><\/div><div class=\"vc_empty_space\"   style=\"height: 32px\"><span class=\"vc_empty_space_inner\"><\/span><\/div><\/div><\/div><\/div><\/div>","protected":false},"excerpt":{"rendered":"<p>Coaching Jeder Mensch ist anders und ben\u00f6tigt aus diesem Grund f\u00fcr jedes Problem individuelle Unterst\u00fctzung. Beim Coaching ist es wichtig die Person mit strukturierten Gespr\u00e4chen und diversen Methoden bei der Entwicklung einer L\u00f6sung zu begleiten und zu unterst\u00fctzen. BurnoutMan\u00a0bezeichnet\u00a0den\u00a0Burnout\u00a0unter anderem auch als eine berufsbezogene, chronische Ersch\u00f6pfung. Die h\u00e4ufigsten Ursachen sind zu hohe pers\u00f6nliche Erwartungen und&hellip;<\/p>","protected":false},"author":15,"featured_media":332,"parent":0,"menu_order":3,"comment_status":"closed","ping_status":"closed","template":"","meta":{"footnotes":""},"folder":[],"class_list":["post-8","page","type-page","status-publish","has-post-thumbnail","hentry","description-off"],"_links":{"self":[{"href":"https:\/\/sunclinic.ch\/en\/wp-json\/wp\/v2\/pages\/8","targetHints":{"allow":["GET"]}}],"collection":[{"href":"https:\/\/sunclinic.ch\/en\/wp-json\/wp\/v2\/pages"}],"about":[{"href":"https:\/\/sunclinic.ch\/en\/wp-json\/wp\/v2\/types\/page"}],"author":[{"embeddable":true,"href":"https:\/\/sunclinic.ch\/en\/wp-json\/wp\/v2\/users\/15"}],"replies":[{"embeddable":true,"href":"https:\/\/sunclinic.ch\/en\/wp-json\/wp\/v2\/comments?post=8"}],"version-history":[{"count":3,"href":"https:\/\/sunclinic.ch\/en\/wp-json\/wp\/v2\/pages\/8\/revisions"}],"predecessor-version":[{"id":1529,"href":"https:\/\/sunclinic.ch\/en\/wp-json\/wp\/v2\/pages\/8\/revisions\/1529"}],"wp:featuredmedia":[{"embeddable":true,"href":"https:\/\/sunclinic.ch\/en\/wp-json\/wp\/v2\/media\/332"}],"wp:attachment":[{"href":"https:\/\/sunclinic.ch\/en\/wp-json\/wp\/v2\/media?parent=8"}],"wp:term":[{"taxonomy":"folder","embeddable":true,"href":"https:\/\/sunclinic.ch\/en\/wp-json\/wp\/v2\/folder?post=8"}],"curies":[{"name":"wp","href":"https:\/\/api.w.org\/{rel}","templated":true}]}}