{"id":597,"date":"2019-05-07T10:57:26","date_gmt":"2019-05-07T08:57:26","guid":{"rendered":"https:\/\/praxis.kanzler.ch\/?page_id=597"},"modified":"2020-11-18T14:47:13","modified_gmt":"2020-11-18T13:47:13","slug":"alternative-krebstherapie","status":"publish","type":"page","link":"https:\/\/sunclinic.ch\/en\/orthomolekulare-medizin\/alternative-krebstherapie\/","title":{"rendered":"Alternative Cancer Therapy"},"content":{"rendered":"<div class=\"vc_row wpb_row vc_row-fluid\"><div class=\"wpb_column vc_column_container vc_col-sm-12\"><div class=\"vc_column-inner\"><div class=\"wpb_wrapper\"><div id=\"ultimate-heading-982369d43ecc9e75c\" class=\"uvc-heading ult-adjust-bottom-margin ultimate-heading-982369d43ecc9e75c uvc-7883  uvc-heading-default-font-sizes\" data-hspacer=\"no_spacer\"  data-halign=\"center\" style=\"text-align:center\"><div class=\"uvc-heading-spacer no_spacer\" style=\"top\"><\/div><div class=\"uvc-main-heading ult-responsive\"  data-ultimate-target='.uvc-heading.ultimate-heading-982369d43ecc9e75c h2'  data-responsive-json-new='{\"font-size\":\"\",\"line-height\":\"\"}' ><h2 style=\"--font-weight:theme;margin-bottom:16px;\">Alternative Cancer Therapy<\/h2><\/div><div class=\"uvc-sub-heading ult-responsive\"  data-ultimate-target='.uvc-heading.ultimate-heading-982369d43ecc9e75c .uvc-sub-heading '  data-responsive-json-new='{\"font-size\":\"\",\"line-height\":\"\"}'  style=\"font-weight:normal;margin-top:16px;margin-bottom:50px;\"><\/p>\n<h5>Essentially, orthomolecular cancer therapy involves the administration of essential vitamins, minerals, trace elements, amino acids, and polyunsaturated fatty acids. In patients with cancer, there is often a deficiency of these substances. This can have various causes, such as their lifestyle, their illness, or the effects of chemotherapy\/radiotherapy.<\/h5>\n<h5>Estimates suggest that a large portion of all cancer patients have an imbalanced diet and consequently suffer from a deficiency of essential vitamins, minerals, trace elements, and similar.<\/h5>\n<p><\/div><\/div>\n\t<div class=\"wpb_text_column wpb_content_element\" >\n\t\t<div class=\"wpb_wrapper\">\n\t\t\t<p style=\"text-align: left;\">Komplement\u00e4re alternative Krebstherapien und auch die Krebsvorsorge sind n\u00f6tiger denn je. Das wurde z.B. auf zwei Kongressen, in Heringsdorf und M\u00fcnchen betont. &#8222;W\u00e4hrend die klinische Onkologie seit Jahren mit Operation, Bestrahlung und Chemotherapie nur wenig Fortschritte erzielt habe, ist die alternative Krebstherapie und Krebsvorsorge enorm vorangekommen&#8220;, erkl\u00e4rte der Wiener Krebsforscher Professor\u00a0Heirich\u00a0Wrba\u00a0vor \u00c4rzten in M\u00fcnchen. Dr. Gy\u00f6rgy\u00a0Irmey, \u00e4rztlicher Direktor der Gesellschaft f\u00fcr Biologische Krebsabwehr, erg\u00e4nzte: &#8222;Ganzheitliche Konzepte in der Krebstherapie haben nicht nur ihre Berechtigung, sondern sie tun not&#8220;.<\/p>\n<p>Prof.\u00a0Wrba\u00a0erinnerte an eine Aussage des Nobelpreistr\u00e4gers Paul Ehrlich, die dieser schon vor 90 Jahren formuliert habe: &#8222;Entwicklung und Wachstum des Tumors sind ein Produkt aus zwei Faktoren, der Abwehrkraft des Organismus und der Virulenz (B\u00f6sartigkeit) der Tumorzelle&#8220;. W\u00e4hrend klinische Krebstherapien fast ausschliesslich<\/p>\n<p style=\"text-align: left;\">not only to damage the tumor cell with everything possible but also to promote and support defense mechanisms in the broadest sense. This can be achieved with various measures:<\/p>\n<ul style=\"text-align: left;\">\n<li>Stimulation and activation of defense cells, e.g., through mistletoe, organ extracts<\/li>\n<li>Weakening the vitality of tumor cells and their virulence, propensity for spread, e.g., through vitamins, herbal remedies<\/li>\n<li>Improving their detectability by defense cells, e.g., through enzymes.<\/li>\n<li>Strengthening the readiness of the body's defense and its self-healing powers, e.g., through a balanced diet<\/li>\n<li>Stabilization and harmonization of the psyche<\/li>\n<\/ul>\n<p style=\"text-align: left;\">According to Prof. Wrba, surgery can succeed in reducing the number of tumor cells in the body to zero or near-zero. These patients would then be in the same situation as healthy individuals, who also constantly form tumor cells but whose immune system is strong enough to destroy isolated tumor cells. Therefore, support of the defense fight through immunomodulating therapies must begin immediately after surgery, preferably even before.<\/p>\n<p style=\"text-align: left;\">Im nachoperativen Stadium habe auch die Chemotherapie bei einigen Krebsarten ihre Berechtigung, obwohl man sich vor deren Anwendung immer fragen m\u00fcsse: &#8222;Wer wird durch die Zytostatika mehr gesch\u00e4digt, der Tumor oder der Patient?&#8220;<\/p>\n<p style=\"text-align: left;\">Die \u00fcbliche Unterscheidung von &#8222;konventioneller&#8220; und &#8222;unkonventioneller&#8220; Therapie bezeichnete Dr.\u00a0Irmey\u00a0als schablonenhaft und willk\u00fcrlich. So k\u00f6nnen breit und unterst\u00fctzend eingesetzte, in Kliniken und Praxen bew\u00e4hrte Formen biologischer Krebstherapie, schwerlich als unkonventionell bezeichnet werden. Viel eher trifft das auf verschiedene Anwendungen der Chemotherapie zu, so zum Beispiel f\u00fcr die Hochdosistherapie, deren Erfolge erst wenig gesichert sind, und die noch experimentell und damit &#8222;eindeutig unkonventionell&#8220; sind.<\/p>\n<p style=\"text-align: left;\">&#8222;Wenn eine Behandlung als konventionell betrachtet und allgemein anerkannt wird, heisst dies noch nicht,\u00a0dass ihre Wirkung erwiesen ist. Patienten geht es oft auch nach Behandlungen besser, die von der wissenschaftlichen Medizin als unwirksam bezeichnet werden&#8220;, zitierte er den amerikanischen Krebsforscher Dr. A. Roberts. Nicht unproblematisch ist nach Dr.\u00a0Irmey\u00a0auch die \u00dcberspezialisierung in der Krebsmedizin, besonders f\u00fcr chronisch kranke Krebspatienten. Als Beispiel f\u00fchrte er eine Patientin mit Brustkrebs an, die in vier Jahren in der Universit\u00e4tsklinik mit 50 \u00c4rzten zu tun gehabt habe. Nur zwei von ihnen haben die Frau auch nach ihrem Befinden gefragt.<\/p>\n<p style=\"text-align: left;\">Ein selbstkritischer Onkologe gab zu: &#8222;Wir pflegen uns nicht unn\u00f6tig lange bei dem Befinden unserer Patienten aufzuhalten. Wir halten den objektiven Befund f\u00fcr\u00a0das ,Eigentliche\u00b4. Er ist f\u00fcr uns die vermeintliche Wahrheit, das subjektive Befinden kann tr\u00fcgen, der Befund jedoch nicht&#8220;. Diese fragw\u00fcrdige Unterscheidung zwischen &#8222;konventionell&#8220; und &#8222;unkonventionell&#8220;, die meist auch mit &#8222;wissenschaftlich&#8220; und mit &#8222;unwissenschaftlich&#8220; gleichgesetzt wird, kann auch finanzielle Folgen f\u00fcr alle Betroffenen haben. Erst dieses Jahr wieder hat ein\u00a0Ausschuss der Bundes\u00e4rztekammer, die Arzneimittelkommission, gefordert, alle &#8222;unkonventionellen Therapien&#8220; aus dem Leistungsverzeichnis der Krankenkassen herauszunehmen. Wer sich mit Mistel, Thymus oder anderen komplement\u00e4ren Mitteln behandeln lassen wolle, der solle auch die Kosten daf\u00fcr tragen. Die Krankenkassen d\u00fcrften damit nicht belastet werden.<\/p>\n<p style=\"text-align: left;\">Dem widersprach in Heringsdorf der Pr\u00e4sident der Deutschen Gesellschaft f\u00fcr Onkologie, Prof. Josef Beuth: &#8222;Die pauschale Ablehnung komplement\u00e4rer Mittel und Methoden ist\u00a0nich\u00a0gerechtfertigt. F\u00fcr viele dieser Therapeutika liegen Studien vor, die ihre Wirksamkeit belegen. Bei der Beurteilung dieser Verfahren m\u00fcssen auch die Erfahrungen von \u00c4rzten und Patienten ber\u00fccksichtigt werden.&#8220;<\/p>\n\n\t\t<\/div>\n\t<\/div>\n<\/div><\/div><\/div><\/div>","protected":false},"excerpt":{"rendered":"<p>Alternative Krebstherapie Im Grunde ist die\u00a0orthomolekuklare\u00a0Krebstherapie die Vergabe von essentiellen Vitaminen, Mineralien, Spurenelementen, Aminos\u00e4uren und mehrfach unges\u00e4ttigten Fetts\u00e4uren. Bei Patienten mit Krebs ist es oft so,\u00a0dass\u00a0ein Mangel an diesen Stoffen vorliegt. Dies kann vielf\u00e4ltige Ursachen haben. Aufgrund ihres Lebensstiles, aufgrund ihrer Krankheit oder auch durch die Wirkungen der Chemo- \/ Strahlentherapie. Sch\u00e4tzungen gehen dahin,\u00a0dass\u00a0ein Grossteil&hellip;<\/p>","protected":false},"author":15,"featured_media":270,"parent":399,"menu_order":1,"comment_status":"closed","ping_status":"closed","template":"","meta":{"footnotes":""},"folder":[],"class_list":["post-597","page","type-page","status-publish","has-post-thumbnail","hentry","description-off"],"_links":{"self":[{"href":"https:\/\/sunclinic.ch\/en\/wp-json\/wp\/v2\/pages\/597","targetHints":{"allow":["GET"]}}],"collection":[{"href":"https:\/\/sunclinic.ch\/en\/wp-json\/wp\/v2\/pages"}],"about":[{"href":"https:\/\/sunclinic.ch\/en\/wp-json\/wp\/v2\/types\/page"}],"author":[{"embeddable":true,"href":"https:\/\/sunclinic.ch\/en\/wp-json\/wp\/v2\/users\/15"}],"replies":[{"embeddable":true,"href":"https:\/\/sunclinic.ch\/en\/wp-json\/wp\/v2\/comments?post=597"}],"version-history":[{"count":2,"href":"https:\/\/sunclinic.ch\/en\/wp-json\/wp\/v2\/pages\/597\/revisions"}],"predecessor-version":[{"id":1642,"href":"https:\/\/sunclinic.ch\/en\/wp-json\/wp\/v2\/pages\/597\/revisions\/1642"}],"up":[{"embeddable":true,"href":"https:\/\/sunclinic.ch\/en\/wp-json\/wp\/v2\/pages\/399"}],"wp:featuredmedia":[{"embeddable":true,"href":"https:\/\/sunclinic.ch\/en\/wp-json\/wp\/v2\/media\/270"}],"wp:attachment":[{"href":"https:\/\/sunclinic.ch\/en\/wp-json\/wp\/v2\/media?parent=597"}],"wp:term":[{"taxonomy":"folder","embeddable":true,"href":"https:\/\/sunclinic.ch\/en\/wp-json\/wp\/v2\/folder?post=597"}],"curies":[{"name":"wp","href":"https:\/\/api.w.org\/{rel}","templated":true}]}}