{"id":423,"date":"2019-04-29T13:48:57","date_gmt":"2019-04-29T11:48:57","guid":{"rendered":"https:\/\/praxis.kanzler.ch\/?page_id=423"},"modified":"2020-11-18T14:44:22","modified_gmt":"2020-11-18T13:44:22","slug":"burnout-prophylaxe-zuerich","status":"publish","type":"page","link":"https:\/\/sunclinic.ch\/en\/coaching-zuerich\/burnout-prophylaxe-zuerich\/","title":{"rendered":"Burnout Prevention"},"content":{"rendered":"<div class=\"vc_row wpb_row vc_row-fluid\"><div class=\"wpb_column vc_column_container vc_col-sm-12\"><div class=\"vc_column-inner\"><div class=\"wpb_wrapper\"><div id=\"ultimate-heading-635569d43e88b6359\" class=\"uvc-heading ult-adjust-bottom-margin ultimate-heading-635569d43e88b6359 uvc-6436  uvc-heading-default-font-sizes\" data-hspacer=\"no_spacer\"  data-halign=\"center\" style=\"text-align:center\"><div class=\"uvc-heading-spacer no_spacer\" style=\"top\"><\/div><div class=\"uvc-main-heading ult-responsive\"  data-ultimate-target='.uvc-heading.ultimate-heading-635569d43e88b6359 h2'  data-responsive-json-new='{\"font-size\":\"\",\"line-height\":\"\"}' ><h2 style=\"--font-weight:theme;margin-bottom:16px;\">Burnout Prevention<\/h2><\/div><div class=\"uvc-sub-heading ult-responsive\"  data-ultimate-target='.uvc-heading.ultimate-heading-635569d43e88b6359 .uvc-sub-heading '  data-responsive-json-new='{\"font-size\":\"\",\"line-height\":\"\"}'  style=\"font-weight:normal;margin-top:16px;\"><\/p>\n<h5>Not every individual experiences stress and strain in the same way. Therefore, it is important to develop an individual coping strategy that reduces or even eliminates the causes in the long term. It is my task to support you in finding the right prophylaxis for you and to protect you.<\/h5>\n<p><\/div><\/div><div class=\"vc_row wpb_row vc_inner vc_row-fluid vc_custom_1561374717059\"><div class=\"wpb_column vc_column_container vc_col-sm-6\"><div class=\"vc_column-inner\"><div class=\"wpb_wrapper\">\n\t<div class=\"wpb_text_column wpb_content_element\" >\n\t\t<div class=\"wpb_wrapper\">\n\t\t\t<p><strong>Exercise<\/strong><strong>\u00a0<\/strong><br \/>\nSince office jobs exist, stress is no longer physically worked off enough. Going for a walk, cycling, or dancing regularly helps to maintain balance.<\/p>\n<p><strong>Mental balance<\/strong><strong>\u00a0<\/strong><strong><br \/>\n<\/strong>Targeted relaxation, such as taking a short walk, meditating, or listening to music, keeps body and soul in balance. Quiet moments of reflection reduce tension.<\/p>\n<p><strong>Couple training<\/strong><br \/>\nAn intact partnership brings joy to life. In addition, sensitive affection is calming and restores overwhelmed bodily functions to normal.<\/p>\n<p><strong>Atherosclerosis Check<\/strong><br \/>\nDeposits in the arteries (plaques) narrow the vessels and impede blood flow and oxygen transport. Lack of oxygen in the brain leads to cognitive impairments, while lack of oxygen in the heart leads to angina pectoris or a heart attack.<\/p>\n<p><strong>Healthy Diet<\/strong><br \/>\nFast food acidifies the stomach and is often low in vitamins and minerals. Take enough time for proper eating.<\/p>\n\n\t\t<\/div>\n\t<\/div>\n<\/div><\/div><\/div><div class=\"wpb_column vc_column_container vc_col-sm-6\"><div class=\"vc_column-inner\"><div class=\"wpb_wrapper\">\n\t<div class=\"wpb_text_column wpb_content_element\" >\n\t\t<div class=\"wpb_wrapper\">\n\t\t\t<p class=\"paragraph\"><span class=\"normaltextrun\"><b>Supplementation<\/b><\/span><span class=\"scxw24836444\"><b>\u00a0<\/b><\/span><br \/>\n<span class=\"normaltextrun\">Vitamins, trace elements, minerals, and enzymes activate metabolism and strengthen the body's own defense<\/span><span class=\"scxw24836444\">.<\/span><\/p>\n<p class=\"paragraph\"><span class=\"normaltextrun\"><b>Healthy Sleep<\/b><\/span><span class=\"scxw24836444\"><b>\u00a0<\/b><\/span><b><br \/>\n<\/b><span class=\"normaltextrun\">Too little or poor sleep is poison for an optimistic attitude, and it also makes one sluggish and unmotivated.<\/span><\/p>\n<p class=\"paragraph\"><span class=\"normaltextrun\"><b>Water<\/b><\/span><span class=\"scxw24836444\"><b>\u00a0<\/b><\/span><br \/>\n<span class=\"normaltextrun\">Detoxifying and purifying, a natural weapon against overweight, stress, fatigue, and allergies, and ideal for supple joints, smooth skin, and firm connective tissue.<\/span><span class=\"scxw24836444\">\u00a0<\/span><\/p>\n<p class=\"paragraph\"><span class=\"normaltextrun\"><b>Osteoporosis Measurement<\/b><\/span><br \/>\n<span class=\"normaltextrun\">Maintain an upright posture as you age. The skeleton gives your body its upright form. Recognize the risk early and take preventive measures.<\/span><\/p>\n<p class=\"paragraph\"><span class=\"normaltextrun\"><b>Hormone substitution<br \/>\n<\/b><\/span><span class=\"normaltextrun\">Hormone production decreases with age. Consequences include sleep disorders, depression, concentration weakness, irritability, exhaustion, and osteoporosis.<\/span><\/p>\n\n\t\t<\/div>\n\t<\/div>\n<\/div><\/div><\/div><\/div><\/div><\/div><\/div><\/div>","protected":false},"excerpt":{"rendered":"<p>Burnout-Prophylaxe Nicht jeder Betroffene empfindet Stress und Belastung auf die gleiche Weise. Daher ist es wichtig eine individuelle Bew\u00e4ltigungsstrategie zu entwickeln, welche die Ursachen langfristig reduziert oder gar beseitigt. Es ist meine Aufgabe Sie dabei zu unterst\u00fctzen, die f\u00fcr Sie richtige Prophylaxe zu finden und Sie zu sch\u00fctzen. Bewegung\u00a0 Seit es B\u00fcrojobs gibt, wird Stress&hellip;<\/p>","protected":false},"author":15,"featured_media":263,"parent":8,"menu_order":2,"comment_status":"closed","ping_status":"closed","template":"","meta":{"footnotes":""},"folder":[],"class_list":["post-423","page","type-page","status-publish","has-post-thumbnail","hentry","description-off"],"_links":{"self":[{"href":"https:\/\/sunclinic.ch\/en\/wp-json\/wp\/v2\/pages\/423","targetHints":{"allow":["GET"]}}],"collection":[{"href":"https:\/\/sunclinic.ch\/en\/wp-json\/wp\/v2\/pages"}],"about":[{"href":"https:\/\/sunclinic.ch\/en\/wp-json\/wp\/v2\/types\/page"}],"author":[{"embeddable":true,"href":"https:\/\/sunclinic.ch\/en\/wp-json\/wp\/v2\/users\/15"}],"replies":[{"embeddable":true,"href":"https:\/\/sunclinic.ch\/en\/wp-json\/wp\/v2\/comments?post=423"}],"version-history":[{"count":2,"href":"https:\/\/sunclinic.ch\/en\/wp-json\/wp\/v2\/pages\/423\/revisions"}],"predecessor-version":[{"id":1640,"href":"https:\/\/sunclinic.ch\/en\/wp-json\/wp\/v2\/pages\/423\/revisions\/1640"}],"up":[{"embeddable":true,"href":"https:\/\/sunclinic.ch\/en\/wp-json\/wp\/v2\/pages\/8"}],"wp:featuredmedia":[{"embeddable":true,"href":"https:\/\/sunclinic.ch\/en\/wp-json\/wp\/v2\/media\/263"}],"wp:attachment":[{"href":"https:\/\/sunclinic.ch\/en\/wp-json\/wp\/v2\/media?parent=423"}],"wp:term":[{"taxonomy":"folder","embeddable":true,"href":"https:\/\/sunclinic.ch\/en\/wp-json\/wp\/v2\/folder?post=423"}],"curies":[{"name":"wp","href":"https:\/\/api.w.org\/{rel}","templated":true}]}}