{"id":421,"date":"2019-04-29T13:48:17","date_gmt":"2019-04-29T11:48:17","guid":{"rendered":"https:\/\/praxis.kanzler.ch\/?page_id=421"},"modified":"2020-11-18T14:42:50","modified_gmt":"2020-11-18T13:42:50","slug":"burnout","status":"publish","type":"page","link":"https:\/\/sunclinic.ch\/en\/coaching-zuerich\/burnout\/","title":{"rendered":"Burnout"},"content":{"rendered":"<div class=\"vc_row wpb_row vc_row-fluid\"><div class=\"wpb_column vc_column_container vc_col-sm-12\"><div class=\"vc_column-inner\"><div class=\"wpb_wrapper\"><div id=\"ultimate-heading-603969d43e3fda509\" class=\"uvc-heading ult-adjust-bottom-margin ultimate-heading-603969d43e3fda509 uvc-5407  uvc-heading-default-font-sizes\" data-hspacer=\"no_spacer\"  data-halign=\"center\" style=\"text-align:center\"><div class=\"uvc-heading-spacer no_spacer\" style=\"top\"><\/div><div class=\"uvc-main-heading ult-responsive\"  data-ultimate-target='.uvc-heading.ultimate-heading-603969d43e3fda509 h2'  data-responsive-json-new='{\"font-size\":\"\",\"line-height\":\"\"}' ><h2 style=\"--font-weight:theme;margin-bottom:16px;\">Burnout<\/h2><\/div><div class=\"uvc-sub-heading ult-responsive\"  data-ultimate-target='.uvc-heading.ultimate-heading-603969d43e3fda509 .uvc-sub-heading '  data-responsive-json-new='{\"font-size\":\"\",\"line-height\":\"\"}'  style=\"font-weight:normal;margin-top:16px;\"><\/p>\n<h5 style=\"text-align: center;\"><span class=\"normaltextrun\">One<\/span><span class=\"apple-converted-space\">\u00a0<\/span><span class=\"normaltextrun\">refers<\/span><span class=\"apple-converted-space\">\u00a0<\/span><span class=\"contextualspellingandgrammarerror\">to<\/span><span class=\"apple-converted-space\">\u00a0<\/span><span class=\"contextualspellingandgrammarerror\">Burnout<\/span><span class=\"apple-converted-space\">\u00a0<\/span><span class=\"normaltextrun\">among other things, as work-related, chronic exhaustion. The most common causes are excessively high personal expectations and frustration due to not achieving<\/span><span class=\"apple-converted-space\">\u00a0<\/span><span class=\"contextualspellingandgrammarerror\">overly ambitious goals.<\/span><span class=\"normaltextrun\">According to recent findings, the condition of the immune system due to various external stresses also plays a significant role in this condition.<\/span><span class=\"eop\">\u00a0<\/span><\/h5>\n<p><\/div><\/div><div class=\"vc_empty_space\"   style=\"height: 32px\"><span class=\"vc_empty_space_inner\"><\/span><\/div><\/div><\/div><\/div><\/div><div class=\"vc_row wpb_row vc_row-fluid vc_custom_1561374695736\"><div class=\"wpb_column vc_column_container vc_col-sm-12\"><div class=\"vc_column-inner\"><div class=\"wpb_wrapper\">\n\t<div class=\"wpb_text_column wpb_content_element\" >\n\t\t<div class=\"wpb_wrapper\">\n\t\t\t<p style=\"text-align: left;\"><strong>Usually, vegetative symptoms appear first such as...<\/strong><\/p>\n<ul style=\"text-align: left;\">\n<li>Insomnia<\/li>\n<li>Digestive problems<\/li>\n<li>Headaches<\/li>\n<li>Diffuse psychosomatic complaints<\/li>\n<\/ul>\n<p style=\"text-align: left;\"><strong>\u00a0Burnout can also manifest through the immune system, such as<\/strong><\/p>\n<ul style=\"text-align: left;\">\n<li>Weak physical sensation<\/li>\n<li>Increased susceptibility to infections<\/li>\n<\/ul>\n<p style=\"text-align: left;\"><strong>Psychological symptoms are expressed in<\/strong><\/p>\n<ul>\n<li style=\"text-align: left;\">Lack of interest<\/li>\n<li style=\"text-align: left;\">Depression<\/li>\n<\/ul>\n<p style=\"text-align: left;\"><span class=\"normaltextrun\">Also related to activities that were previously performed with interest and joy. The complaints range from<\/span><span class=\"apple-converted-space\">\u00a0<\/span><span class=\"normaltextrun\">loss of libido.<\/span><span class=\"apple-converted-space\">\u00a0<\/span><span class=\"normaltextrun\">to diffuse anxieties, the collapse of self-esteem, and even manifest depression. The burnt-out individual perceives their environment as uncontrollable and<\/span><span class=\"apple-converted-space\">\u00a0<\/span><span class=\"normaltextrun\">withdraws. Help from outside is rarely or not accepted at all.<\/span><span class=\"scxw24836444\">\u00a0<\/span><\/p>\n<p>&nbsp;<\/p>\n<p><strong>Therapy and Offer<\/strong><\/p>\n<p>The condition of burnout is complex and must be treated on different levels, which is why a comprehensive physical assessment and analysis through an initial consultation are absolutely necessary. My therapy for burnout is based on a combination of conventional medicine, naturopathy, psychology, and 30 years of professional experience as a physician.<\/p>\n\n\t\t<\/div>\n\t<\/div>\n<\/div><\/div><\/div><\/div>","protected":false},"excerpt":{"rendered":"<p>Burnout Man\u00a0bezeichnet\u00a0den\u00a0Burnout\u00a0unter anderem auch als eine berufsbezogene, chronische Ersch\u00f6pfung. Die h\u00e4ufigsten Ursachen sind zu hohe pers\u00f6nliche Erwartungen und Frustration aufgrund von Nichterreichen\u00a0zu hoch gesteckter Ziele. Nach neueren Erkenntnissen spielt auch der Zustand des Immunsystem infolge diverser \u00e4usserer Belastungen eine bedeutende Rolle in diesem Krankheitsbild.\u00a0 Meistens tauchen zuerst vegetative Symptome wie Schlaflosigkeit Verdauungsbeschwerden Kopfschmerzen diffuse psychosomatische&hellip;<\/p>","protected":false},"author":15,"featured_media":328,"parent":8,"menu_order":1,"comment_status":"closed","ping_status":"closed","template":"","meta":{"footnotes":""},"folder":[],"class_list":["post-421","page","type-page","status-publish","has-post-thumbnail","hentry","description-off"],"_links":{"self":[{"href":"https:\/\/sunclinic.ch\/en\/wp-json\/wp\/v2\/pages\/421","targetHints":{"allow":["GET"]}}],"collection":[{"href":"https:\/\/sunclinic.ch\/en\/wp-json\/wp\/v2\/pages"}],"about":[{"href":"https:\/\/sunclinic.ch\/en\/wp-json\/wp\/v2\/types\/page"}],"author":[{"embeddable":true,"href":"https:\/\/sunclinic.ch\/en\/wp-json\/wp\/v2\/users\/15"}],"replies":[{"embeddable":true,"href":"https:\/\/sunclinic.ch\/en\/wp-json\/wp\/v2\/comments?post=421"}],"version-history":[{"count":2,"href":"https:\/\/sunclinic.ch\/en\/wp-json\/wp\/v2\/pages\/421\/revisions"}],"predecessor-version":[{"id":1638,"href":"https:\/\/sunclinic.ch\/en\/wp-json\/wp\/v2\/pages\/421\/revisions\/1638"}],"up":[{"embeddable":true,"href":"https:\/\/sunclinic.ch\/en\/wp-json\/wp\/v2\/pages\/8"}],"wp:featuredmedia":[{"embeddable":true,"href":"https:\/\/sunclinic.ch\/en\/wp-json\/wp\/v2\/media\/328"}],"wp:attachment":[{"href":"https:\/\/sunclinic.ch\/en\/wp-json\/wp\/v2\/media?parent=421"}],"wp:term":[{"taxonomy":"folder","embeddable":true,"href":"https:\/\/sunclinic.ch\/en\/wp-json\/wp\/v2\/folder?post=421"}],"curies":[{"name":"wp","href":"https:\/\/api.w.org\/{rel}","templated":true}]}}