{"id":409,"date":"2019-04-29T13:15:04","date_gmt":"2019-04-29T11:15:04","guid":{"rendered":"https:\/\/praxis.kanzler.ch\/?page_id=409"},"modified":"2020-11-17T13:05:18","modified_gmt":"2020-11-17T12:05:18","slug":"elektroakupunktur-nach-voll-therapie","status":"publish","type":"page","link":"https:\/\/sunclinic.ch\/en\/therapien\/elektroakupunktur-nach-voll-therapie\/","title":{"rendered":"Electroacupuncture according to Voll Therapy"},"content":{"rendered":"<div class=\"vc_row wpb_row vc_row-fluid\"><div class=\"wpb_column vc_column_container vc_col-sm-12\"><div class=\"vc_column-inner\"><div class=\"wpb_wrapper\"><div id=\"ultimate-heading-224169d43e38934e6\" class=\"uvc-heading ult-adjust-bottom-margin ultimate-heading-224169d43e38934e6 uvc-7740  uvc-heading-default-font-sizes\" data-hspacer=\"no_spacer\"  data-halign=\"center\" style=\"text-align:center\"><div class=\"uvc-heading-spacer no_spacer\" style=\"top\"><\/div><div class=\"uvc-main-heading ult-responsive\"  data-ultimate-target='.uvc-heading.ultimate-heading-224169d43e38934e6 h2'  data-responsive-json-new='{\"font-size\":\"\",\"line-height\":\"\"}' ><h2 style=\"--font-weight:theme;margin-bottom:16px;\">Electroacupuncture by Voll<\/h2><\/div><div class=\"uvc-sub-heading ult-responsive\"  data-ultimate-target='.uvc-heading.ultimate-heading-224169d43e38934e6 .uvc-sub-heading '  data-responsive-json-new='{\"font-size\":\"\",\"line-height\":\"\"}'  style=\"font-weight:normal;margin-top:16px;\"><\/p>\n<h5 style=\"text-align: center;\">The Electroacupuncture by Voll measurement method is capable of combining diagnostic and therapeutic procedures within itself.<\/h5>\n<p><\/div><\/div><div class=\"vc_empty_space\"   style=\"height: 32px\"><span class=\"vc_empty_space_inner\"><\/span><\/div><\/div><\/div><\/div><\/div><div class=\"vc_row wpb_row vc_row-fluid vc_custom_1561013204622\"><div class=\"wpb_column vc_column_container vc_col-sm-12\"><div class=\"vc_column-inner\"><div class=\"wpb_wrapper\">\n\t<div class=\"wpb_text_column wpb_content_element\" >\n\t\t<div class=\"wpb_wrapper\">\n\t\t\t<p><strong>The procedure<\/strong><\/p>\n<p>In <a href=\"https:\/\/sunclinic.ch\/en\/diagnostik\/elektroakupunktur-nach-voll-diagnostik\/\">Electroacupuncture by Voll<\/a> measurements are taken at the endpoints of the meridians using a special device. The electrical conductivity is determined at the hands and feet.<\/p>\n<p><strong>The therapy<\/strong><\/p>\n<p>With the subsequent medication test, the bridge to therapy is established, whereby homeopathic medications (homeopathy, nosodes, organ preparations) can be specifically tested for the diseases.<\/p>\n<p><strong>Thus, each medication can be qualitatively tested for its effectiveness in a homeopathic manner before ingestion, easily and safely.<\/strong><\/p>\n<p><a href=\"https:\/\/www.ortho-bio-med.ch\/de\/metodi-diagnostici\/elettroagopuntura-secondo-voll-eav\/\" target=\"_blank\" rel=\"noopener\">EAV<\/a> can be understood as a synthesis of classical acupuncture and homeopathy. Our EAV method is particularly suitable for:<\/p>\n<ul>\n<li>Neurodermatitis<\/li>\n<li>Allergies, hay fever<\/li>\n<li>Acne vulgaris, skin diseases<\/li>\n<li>Bronchial asthma and bronchitis<\/li>\n<li>Migraine, decrease in performance<\/li>\n<li>Metabolic diseases<\/li>\n<li>Gastrointestinal diseases<\/li>\n<li>To strengthen the immune defense<\/li>\n<\/ul>\n<p>Important for the implementation of acupuncture: Hands and feet should not be creamed on the day of the testing under any circumstances!<\/p>\n\n\t\t<\/div>\n\t<\/div>\n<\/div><\/div><\/div><\/div>","protected":false},"excerpt":{"rendered":"<p>Elektroakupunktur nach Voll Die Elektroakupunktur nach Voll Messmethode ist imstande, diagnos\u00adtische und therapeutische Verfahren in sich zu vereinen. Das Verfahren Bei der Elektroakupunktur nach Voll (EAV) werden mit einem speziellen Ger\u00e4t Messungen an den Endpunk\u00adten der Meridiane vorgenommen. Dabei wird die elektrische Leitf\u00e4higkeit an H\u00e4nden und F\u00fcssen festgestellt. Die Therapie Mit dem anschliessenden Medikamententest wird&hellip;<\/p>","protected":false},"author":15,"featured_media":1061,"parent":6,"menu_order":9,"comment_status":"closed","ping_status":"closed","template":"","meta":{"footnotes":""},"folder":[],"class_list":["post-409","page","type-page","status-publish","has-post-thumbnail","hentry","description-off"],"_links":{"self":[{"href":"https:\/\/sunclinic.ch\/en\/wp-json\/wp\/v2\/pages\/409","targetHints":{"allow":["GET"]}}],"collection":[{"href":"https:\/\/sunclinic.ch\/en\/wp-json\/wp\/v2\/pages"}],"about":[{"href":"https:\/\/sunclinic.ch\/en\/wp-json\/wp\/v2\/types\/page"}],"author":[{"embeddable":true,"href":"https:\/\/sunclinic.ch\/en\/wp-json\/wp\/v2\/users\/15"}],"replies":[{"embeddable":true,"href":"https:\/\/sunclinic.ch\/en\/wp-json\/wp\/v2\/comments?post=409"}],"version-history":[{"count":5,"href":"https:\/\/sunclinic.ch\/en\/wp-json\/wp\/v2\/pages\/409\/revisions"}],"predecessor-version":[{"id":1608,"href":"https:\/\/sunclinic.ch\/en\/wp-json\/wp\/v2\/pages\/409\/revisions\/1608"}],"up":[{"embeddable":true,"href":"https:\/\/sunclinic.ch\/en\/wp-json\/wp\/v2\/pages\/6"}],"wp:featuredmedia":[{"embeddable":true,"href":"https:\/\/sunclinic.ch\/en\/wp-json\/wp\/v2\/media\/1061"}],"wp:attachment":[{"href":"https:\/\/sunclinic.ch\/en\/wp-json\/wp\/v2\/media?parent=409"}],"wp:term":[{"taxonomy":"folder","embeddable":true,"href":"https:\/\/sunclinic.ch\/en\/wp-json\/wp\/v2\/folder?post=409"}],"curies":[{"name":"wp","href":"https:\/\/api.w.org\/{rel}","templated":true}]}}