{"id":407,"date":"2019-04-29T13:14:27","date_gmt":"2019-04-29T11:14:27","guid":{"rendered":"https:\/\/praxis.kanzler.ch\/?page_id=407"},"modified":"2020-11-17T16:53:29","modified_gmt":"2020-11-17T15:53:29","slug":"bioresonanz","status":"publish","type":"page","link":"https:\/\/sunclinic.ch\/en\/therapien\/bioresonanz\/","title":{"rendered":"Bioresonance Therapy\u00a0"},"content":{"rendered":"<div class=\"vc_row wpb_row vc_row-fluid\"><div class=\"wpb_column vc_column_container vc_col-sm-12\"><div class=\"vc_column-inner\"><div class=\"wpb_wrapper\"><div id=\"ultimate-heading-401569d43bec663dd\" class=\"uvc-heading ult-adjust-bottom-margin ultimate-heading-401569d43bec663dd uvc-1767  uvc-heading-default-font-sizes\" data-hspacer=\"no_spacer\"  data-halign=\"center\" style=\"text-align:center\"><div class=\"uvc-heading-spacer no_spacer\" style=\"top\"><\/div><div class=\"uvc-main-heading ult-responsive\"  data-ultimate-target='.uvc-heading.ultimate-heading-401569d43bec663dd h2'  data-responsive-json-new='{\"font-size\":\"\",\"line-height\":\"\"}' ><h2 style=\"--font-weight:theme;margin-bottom:16px;\">Bioresonance Therapy<\/h2><\/div><div class=\"uvc-sub-heading ult-responsive\"  data-ultimate-target='.uvc-heading.ultimate-heading-401569d43bec663dd .uvc-sub-heading '  data-responsive-json-new='{\"font-size\":\"\",\"line-height\":\"\"}'  style=\"font-weight:normal;margin-top:16px;\"><\/p>\n<h5 class=\"paragraph\" style=\"text-align: center;\"><span class=\"normaltextrun\">This procedure works on an ultra-fine level. The bioresonance therapy using the BICOM device represents a pioneering development. <\/span><span class=\"normaltextrun\">This type of therapy is based on an innovation founded by Dr. Franz<\/span><span class=\"apple-converted-space\">\u00a0<\/span><span class=\"spellingerror\">Morell.<\/span><span class=\"apple-converted-space\">\u00a0<\/span><span class=\"normaltextrun\">The Mora therapy, known since 1977, utilizes patient-specific vibrations.<\/span><span class=\"scxw47035647\">\u00a0<\/span><\/h5>\n<h5 class=\"paragraph\" style=\"text-align: center;\"><span class=\"normaltextrun\">Dieses System wurde von Prof. Dr. C. Smith an der<\/span><span class=\"apple-converted-space\">\u00a0<\/span><span class=\"normaltextrun\">Developed further at Salford University in England. Professor Smith, in 12 years of research in collaboration with doctors from London, discovered<\/span><span class=\"apple-converted-space\">\u00a0<\/span><span class=\"spellingerror\">this<\/span><span class=\"apple-converted-space\">\u00a0<\/span><span class=\"normaltextrun\">every person possesses a specific spectrum of vibrations that can be therapeutically exploited.<\/span><span class=\"scxw47035647\">\u00a0<\/span><br \/>\n<span class=\"normaltextrun\">Chemical processes in the body are controlled by electromagnetic vibrations. Many diseases start with faulty, disharmonious vibrations that lead to mismanagement of chemical processes.<\/span><\/h5>\n<p><\/div><\/div><div class=\"vc_empty_space\"   style=\"height: 32px\"><span class=\"vc_empty_space_inner\"><\/span><\/div><\/div><\/div><\/div><\/div><div class=\"vc_row wpb_row vc_row-fluid vc_custom_1561374532560\"><div class=\"wpb_column vc_column_container vc_col-sm-12\"><div class=\"vc_column-inner\"><div class=\"wpb_wrapper\">\n\t<div class=\"wpb_text_column wpb_content_element\" >\n\t\t<div class=\"wpb_wrapper\">\n\t\t\t<p class=\"paragraph\" style=\"text-align: left;\"><span class=\"normaltextrun\">Long known are the heart currents, which are recorded with the electrocardiogram (EKG), as well as the brain waves, which are recorded with the electroencephalogram<\/span><span class=\"apple-converted-space\">\u00a0<\/span><span class=\"spellingerror\">(EEG)<\/span><span class=\"apple-converted-space\">\u00a0<\/span><span class=\"normaltextrun\">.<\/span><span class=\"scxw47035647\">\u00a0<\/span><span class=\"normaltextrun\">In addition<\/span><span class=\"apple-converted-space\">\u00a0<\/span><span class=\"spellingerror\">to<\/span><span class=\"apple-converted-space\">\u00a0<\/span><span class=\"normaltextrun\">these clearly measurable vibration patterns, which vary greatly<\/span><span class=\"apple-converted-space\">\u00a0<\/span><span class=\"contextualspellingandgrammarerror\">from person<\/span><span class=\"apple-converted-space\">\u00a0<\/span><span class=\"normaltextrun\">to person, there are also many<\/span><span class=\"apple-converted-space\">\u00a0<\/span><span class=\"spellingerror\">rhythms<\/span><span class=\"apple-converted-space\">\u00a0<\/span><span class=\"normaltextrun\">in the body, with each organ also having its own specific electromagnetic vibration spectrum. This can only be recorded with great effort.<\/span><span class=\"scxw47035647\">\u00a0<\/span><br \/>\n<span class=\"normaltextrun\">If there is already damage<\/span><span class=\"apple-converted-space\">\u00a0<\/span><span class=\"spellingerror\">to the organism's environment<\/span><span class=\"apple-converted-space\">\u00a0<\/span><span class=\"normaltextrun\">(due to,<\/span><span class=\"apple-converted-space\">\u00a0<\/span><span class=\"spellingerror\">for example<\/span><span class=\"normaltextrun\">poor nutrition,<\/span><span class=\"apple-converted-space\">\u00a0<\/span><span class=\"spellingerror\">stress,<\/span><span class=\"apple-converted-space\">\u00a0<\/span><span class=\"normaltextrun\">or exposure to pollutants, etc.), the body becomes unbalanced.<\/span><span class=\"scxw47035647\">\u00a0<\/span><\/p>\n<p class=\"paragraph\" style=\"text-align: left;\"><span class=\"normaltextrun\">He is then simply no longer able to resist the existing viruses and bacteria. Pollutants (viruses, bacteria and their spectrum of toxins, heavy metals and other environmental toxins) emit harmful vibrations.<\/span><span class=\"scxw47035647\">\u00a0<\/span><\/p>\n<p class=\"paragraph\" style=\"text-align: left;\"><span class=\"normaltextrun\">So they not only act materially in the body but above all energetically, i.e., through their specific vibrations (Prof. Dr. Smith) that they emit. Biochemical regulatory and control processes in the organism are subject to a superior energetic control. Metabolic processes, hormone release, growth, and regeneration processes are biochemically controlled and coordinated in this way.<\/span><span class=\"scxw47035647\">\u00a0<\/span><\/p>\n<p class=\"paragraph\" style=\"text-align: left;\"><span class=\"normaltextrun\">If these subtle control processes are too heavily<\/span><span class=\"apple-converted-space\">\u00a0<\/span><span class=\"spellingerror\">influenced<\/span><span class=\"normaltextrun\">by pollutant-induced interference vibrations, malfunctions and therefore dysfunctions occur, resulting in illness. It was Dr. F.<\/span><span class=\"apple-converted-space\">\u00a0<\/span><span class=\"spellingerror\">Morell.<\/span><span class=\"normaltextrun\">Morell's idea to eliminate or at least weaken<\/span><span class=\"apple-converted-space\">\u00a0<\/span><span class=\"spellingerror\">this<\/span><span class=\"apple-converted-space\">\u00a0<\/span><span class=\"normaltextrun\">these interference vibrations to such an extent that the diseased organism is no longer hindered in its constant regeneration effort. This eases the work of the immune system and greatly accelerates the healing process.<\/span><span class=\"eop\">\u00a0<\/span><\/p>\n<p class=\"paragraph\" style=\"text-align: left;\"><span class=\"normaltextrun\"><b><br \/>\nThe patient's own resonance\u00a0<\/b><\/span><span class=\"eop\"><b>\u00a0<\/b><\/span><b><\/b><\/p>\n<p class=\"paragraph\" style=\"text-align: left;\"><span class=\"normaltextrun\">The BICOM device records vibrations via cables, similar to recordings of EKG or brainwave curves. Various electrodes are suitable for this purpose, such as:<\/span><span class=\"apple-converted-space\">\u00a0<\/span><span class=\"normaltextrun\">hand and foot electrodes as well as roller electrodes or flexible electrodes.<\/span><span class=\"scxw47035647\">\u00a0<\/span><\/p>\n<p class=\"paragraph\" style=\"text-align: left;\"><span class=\"normaltextrun\">In the device, a biological filter separates healthy from pathological vibrations. The healthy vibrations are amplified or weakened and returned, while the pathological ones are electronically reversed and redirected.<\/span><span class=\"scxw47035647\">\u00a0<\/span><br \/>\n<span class=\"normaltextrun\">The counter-vibrations produced in this way influence the pathological vibrations in the body and ideally eliminate them.<\/span><span class=\"scxw47035647\">\u00a0<\/span><\/p>\n<p class=\"paragraph\" style=\"text-align: left;\"><span class=\"normaltextrun\">This corrects malfunctions.<\/span><span class=\"eop\">\u00a0<\/span><\/p>\n<p class=\"paragraph\" style=\"text-align: left;\"><span class=\"normaltextrun\"><b><br \/>\nThe Therapy\u00a0<\/b><\/span><span class=\"eop\"><b>\u00a0<\/b><\/span><b><\/b><\/p>\n<p class=\"paragraph\" style=\"text-align: left;\"><span class=\"normaltextrun\">The settings of the device are adjusted by your practitioner. You may not always feel anything during the treatment. However, you might experience a slight sensation of warmth, tingling, or pulling, especially in those areas of your body that are not in order.<\/span><\/p>\n<p class=\"paragraph\" style=\"text-align: left;\"><span class=\"normaltextrun\">Old foci (old, unhealed inflammations), teeth, or scars may be identified.<\/span><span class=\"scxw47035647\">\u00a0<\/span><br \/>\n<span class=\"normaltextrun\">It is therefore important<\/span><span class=\"apple-converted-space\">\u00a0<\/span><span class=\"spellingerror\">this<\/span><span class=\"apple-converted-space\">\u00a0<\/span><span class=\"normaltextrun\">you communicate your observations to the therapist or his assistant immediately during or after the therapy, or note any symptoms occurring at home with the time and report them at the next treatment session (e.g., runny nose or diarrhea may occur).<\/span><span class=\"eop\">\u00a0<\/span><\/p>\n<p class=\"paragraph\" style=\"text-align: left;\"><span class=\"normaltextrun\"><b><br \/>\nWithout harmful side effects.\u00a0<\/b><\/span><span class=\"eop\"><b>\u00a0<\/b><\/span><b><\/b><\/p>\n<p class=\"paragraph\" style=\"text-align: left;\"><span class=\"normaltextrun\">With this form of therapy, pain, inflammation, and allergies can be treated with a good chance of success, sometimes even surprisingly quickly.<\/span><span class=\"scxw47035647\">\u00a0<\/span><br \/>\n<span class=\"normaltextrun\">With this form of therapy, pain, inflammation, and allergies can be treated with a good chance of success, sometimes even surprisingly quickly.<\/span><span class=\"scxw47035647\">\u00a0<\/span><br \/>\n<span class=\"normaltextrun\">One goal of bioresonance therapy is to give the body the right stimulus to help itself, or in other words, to activate the body's own regulatory forces.<\/span><span class=\"scxw47035647\">\u00a0<\/span><br \/>\n<span class=\"normaltextrun\">In terms of its mechanism of action, there are connections with acupuncture and homeopathy. Like these, harmful side effects have not been reported.<\/span><span class=\"eop\">\u00a0<\/span><\/p>\n<p class=\"paragraph\" style=\"text-align: left;\"><span class=\"normaltextrun\"><b><br \/>\nTreatment with the BICOM device\u00a0<\/b><\/span><span class=\"eop\"><b>\u00a0<\/b><\/span><b><\/b><\/p>\n<p class=\"paragraph\" style=\"text-align: left;\"><span class=\"normaltextrun\">During treatment with the BICOM device, no electricity is applied to your body. The electrodes in your hand serve only as antennas. Only your own vibrations from specific substances can be additionally utilized to test or neutralize the interference signals in your body.<\/span><span class=\"scxw47035647\">\u00a0<\/span><br \/>\n<span class=\"normaltextrun\">During treatment with the BICOM device, no electricity is applied to your body. The electrodes in your hand serve only as antennas. Only your own vibrations from specific substances can be additionally utilized to test or neutralize the interference signals in your body.<\/span><span class=\"scxw47035647\">\u00a0<\/span><\/p>\n<p class=\"paragraph\" style=\"text-align: left;\"><span class=\"normaltextrun\">Am schnellsten gelingt dies \u00fcber die Nieren, welche die wichtigsten Filterorgane im K\u00f6rper darstellen. Ausserdem ist eine gute Ausscheidung \u00fcber den Darm wichtig. Sie sollten gleich nach der Behandlung reichlich &#8222;aufnahmebereites&#8220;, d. h. mineralstoffarmes Wasser trinken, das die durch die Therapie in grosser Anzahl gel\u00f6sten Schlacken leicht aufnehmen kann.<\/span><span class=\"scxw47035647\">\u00a0<\/span><\/p>\n<p class=\"paragraph\" style=\"text-align: left;\"><span class=\"normaltextrun\">You should also drink at least 2 liters of pure water daily on the following days. Additionally, frequent showering is recommended to remove toxins released through the skin.<\/span><span class=\"eop\">\u00a0<\/span><\/p>\n<p class=\"paragraph\" style=\"text-align: left;\"><span class=\"normaltextrun\"><b><br \/>\nToxin-free through targeted therapy\u00a0<\/b><\/span><span class=\"eop\"><b>\u00a0<\/b><\/span><\/p>\n<p class=\"paragraph\" style=\"text-align: left;\"><b><\/b><span class=\"normaltextrun\">If your body contains a lot of old toxins,<\/span><span class=\"apple-converted-space\">\u00a0<\/span><span class=\"spellingerror\">this<\/span><span class=\"apple-converted-space\">\u00a0<\/span><span class=\"normaltextrun\">Ihnen die pl\u00f6tzliche Ausscheidung solcher Gifte Beschwerden verursacht. Dies nennt man &#8222;Erstverschlimmerung&#8220;.<\/span><span class=\"scxw47035647\">\u00a0<\/span><br \/>\n<span class=\"normaltextrun\">However,<\/span><span class=\"apple-converted-space\">\u00a0<\/span><span class=\"spellingerror\">this<\/span><span class=\"apple-converted-space\">\u00a0<\/span><span class=\"normaltextrun\">is a sign that your body is reacting intensively. Drinking water, or - if your circulation allows it - also visiting a sauna or taking a hot bath, can quickly alleviate such symptoms.<\/span><span class=\"scxw47035647\">\u00a0<\/span><\/p>\n<p class=\"paragraph\" style=\"text-align: left;\"><span class=\"normaltextrun\">Under no circumstances should you consume alcohol for several hours after the treatment, apart from tiny amounts contained in natural remedies (if you are taking such preparations).<\/span><span class=\"scxw47035647\">\u00a0<\/span><br \/>\n<span class=\"normaltextrun\">Since all illnesses are accompanied by a disruption in signal processing in the body, bioresonance therapy can be successfully used for many diseases.<\/span><span class=\"scxw47035647\">\u00a0<\/span><\/p>\n<p class=\"paragraph\" style=\"text-align: left;\"><span class=\"normaltextrun\">The treatment with the BICOM<\/span><span class=\"apple-converted-space\">\u00a0<\/span><span class=\"spellingerror\">device may<\/span><span class=\"normaltextrun\">need to be repeated several times on a case-by-case basis. The individual sessions may also consist of two or more individual steps. This depends on your health condition.<\/span><span class=\"scxw47035647\">\u00a0<\/span><\/p>\n<p class=\"paragraph\" style=\"text-align: left;\"><span class=\"normaltextrun\">However, therapy with this device<\/span><span class=\"apple-converted-space\">\u00a0<\/span><span class=\"spellingerror\">does not replace your participation in the healing process<\/span><span class=\"normaltextrun\">.<\/span><span class=\"scxw47035647\">\u00a0<\/span><br \/>\n<span class=\"normaltextrun\">You should positively change your lifestyle.<\/span><\/p>\n<p class=\"paragraph\" style=\"text-align: left;\"><span class=\"normaltextrun\">For further explanations, I am available to you before or during a treatment.<\/span><span class=\"eop\">\u00a0<\/span><\/p>\n\n\t\t<\/div>\n\t<\/div>\n<\/div><\/div><\/div><\/div>","protected":false},"excerpt":{"rendered":"<p>Bioresonanz-Therapie Dieses Verfahren wirkt im ultrafeinen Bereich. Bei der Bioresonanz-Therapie mit Hilfe des BICOM-Ger\u00e4tes wird eine zukunftsweisende Entwicklung eingesetzt. Diese Art der Therapie beruht auf einer Innovation, die von Dr. Franz\u00a0Morell\u00a0begr\u00fcndet worden ist. Die seit 1977 bekannte Mora-Therapie nutzt patienteneigene Schwingungen.\u00a0 Dieses System wurde von Prof. Dr. C. Smith an der\u00a0Salford-Universit\u00e4t\/ England weiterentwickelt. Prof. Smith&hellip;<\/p>","protected":false},"author":15,"featured_media":811,"parent":6,"menu_order":8,"comment_status":"closed","ping_status":"closed","template":"","meta":{"footnotes":""},"folder":[],"class_list":["post-407","page","type-page","status-publish","has-post-thumbnail","hentry","description-off"],"_links":{"self":[{"href":"https:\/\/sunclinic.ch\/en\/wp-json\/wp\/v2\/pages\/407","targetHints":{"allow":["GET"]}}],"collection":[{"href":"https:\/\/sunclinic.ch\/en\/wp-json\/wp\/v2\/pages"}],"about":[{"href":"https:\/\/sunclinic.ch\/en\/wp-json\/wp\/v2\/types\/page"}],"author":[{"embeddable":true,"href":"https:\/\/sunclinic.ch\/en\/wp-json\/wp\/v2\/users\/15"}],"replies":[{"embeddable":true,"href":"https:\/\/sunclinic.ch\/en\/wp-json\/wp\/v2\/comments?post=407"}],"version-history":[{"count":2,"href":"https:\/\/sunclinic.ch\/en\/wp-json\/wp\/v2\/pages\/407\/revisions"}],"predecessor-version":[{"id":1625,"href":"https:\/\/sunclinic.ch\/en\/wp-json\/wp\/v2\/pages\/407\/revisions\/1625"}],"up":[{"embeddable":true,"href":"https:\/\/sunclinic.ch\/en\/wp-json\/wp\/v2\/pages\/6"}],"wp:featuredmedia":[{"embeddable":true,"href":"https:\/\/sunclinic.ch\/en\/wp-json\/wp\/v2\/media\/811"}],"wp:attachment":[{"href":"https:\/\/sunclinic.ch\/en\/wp-json\/wp\/v2\/media?parent=407"}],"wp:term":[{"taxonomy":"folder","embeddable":true,"href":"https:\/\/sunclinic.ch\/en\/wp-json\/wp\/v2\/folder?post=407"}],"curies":[{"name":"wp","href":"https:\/\/api.w.org\/{rel}","templated":true}]}}