{"id":403,"date":"2019-04-29T13:12:59","date_gmt":"2019-04-29T11:12:59","guid":{"rendered":"https:\/\/praxis.kanzler.ch\/?page_id=403"},"modified":"2020-11-17T16:35:58","modified_gmt":"2020-11-17T15:35:58","slug":"regenerierende-peptide","status":"publish","type":"page","link":"https:\/\/sunclinic.ch\/en\/therapien\/regenerierende-peptide\/","title":{"rendered":"Regenerating Peptides"},"content":{"rendered":"<div class=\"vc_row wpb_row vc_row-fluid\"><div class=\"wpb_column vc_column_container vc_col-sm-12\"><div class=\"vc_column-inner\"><div class=\"wpb_wrapper\"><div id=\"ultimate-heading-585769d43d145c851\" class=\"uvc-heading ult-adjust-bottom-margin ultimate-heading-585769d43d145c851 uvc-395  uvc-heading-default-font-sizes\" data-hspacer=\"no_spacer\"  data-halign=\"center\" style=\"text-align:center\"><div class=\"uvc-heading-spacer no_spacer\" style=\"top\"><\/div><div class=\"uvc-main-heading ult-responsive\"  data-ultimate-target='.uvc-heading.ultimate-heading-585769d43d145c851 h2'  data-responsive-json-new='{\"font-size\":\"\",\"line-height\":\"\"}' ><h2 style=\"--font-weight:theme;margin-bottom:16px;\">Regenerierende Peptide<\/h2><\/div><div class=\"uvc-sub-heading ult-responsive\"  data-ultimate-target='.uvc-heading.ultimate-heading-585769d43d145c851 .uvc-sub-heading '  data-responsive-json-new='{\"font-size\":\"\",\"line-height\":\"\"}'  style=\"font-weight:normal;margin-top:16px;margin-bottom:50px;\"><\/p>\n<h5 class=\"paragraph\"><span class=\"normaltextrun\">Organ peptides contain organ extracts from young animals, derived from all major body organs. They stimulate organs and tissues that have been weakened over the course of life or by environmental influences in various ways. <\/span><span class=\"normaltextrun\"><span lang=\"DE\">New<\/span><\/span><span class=\"apple-converted-space\"><span lang=\"DE\">\u00a0<\/span><\/span><span class=\"normaltextrun\"><span lang=\"DE\">energy is supplied to weakened body organs, as the ingredients also find their functional sites in \"foreign\" organisms. The self-healing of chronic and wear-related diseases is promoted. <\/span><\/span><span class=\"eop\">\u00a0<\/span><span class=\"normaltextrun\">Due to the relationship between the organs and the psyche, they also have a positive effect on mental well-being.<\/span><\/h5>\n<p><\/div><\/div><div class=\"vc_empty_space\"   style=\"height: 32px\"><span class=\"vc_empty_space_inner\"><\/span><\/div>\n\t<div class=\"wpb_text_column wpb_content_element\" >\n\t\t<div class=\"wpb_wrapper\">\n\t\t\t<p class=\"paragraph\" style=\"text-align: left;\"><strong><span class=\"normaltextrun\">Best Quality\u00a0<\/span><span class=\"eop\">\u00a0<\/span><\/strong><\/p>\n<p class=\"paragraph\" style=\"text-align: left;\"><span class=\"normaltextrun\">The organ extracts of the organ peptides are derived from young, still uncontaminated animals, from known and<\/span><span class=\"apple-converted-space\">\u00a0<\/span><span class=\"normaltextrun\">and monitored livestock from free-range farming. They are processed in a specialized laboratory without preservatives and then frozen.<\/span><span class=\"eop\">\u00a0<\/span><\/p>\n<p class=\"paragraph\" style=\"text-align: left;\"><span class=\"normaltextrun\"><b><br \/>\nThe most important\u00a0<\/b><\/span><b><\/b><span class=\"normaltextrun\"><b>Organpeptide<\/b><\/span><b><\/b><\/p>\n<p class=\"paragraph\" style=\"text-align: left;\"><span class=\"normaltextrun\"><b>Thymus glandula<\/b><\/span><span class=\"apple-converted-space\"><b>\u00a0<\/b><\/span><span class=\"normaltextrun\">for immune weaknesses of all kinds, convalescence, and chronic diseases<\/span><\/p>\n<p class=\"paragraph\" style=\"text-align: left;\"><span class=\"normaltextrun\"><b>Spleen:<\/b><\/span><span class=\"apple-converted-space\">\u00a0<\/span><span class=\"normaltextrun\">for immune weaknesses of all kinds<\/span><span class=\"apple-converted-space\">\u00a0<\/span><span class=\"contextualspellingandgrammarerror\">Rekonvaleszenz,<\/span><span class=\"apple-converted-space\">\u00a0<\/span><span class=\"normaltextrun\">chronic diseases and complaints during menopause<\/span><\/p>\n<p class=\"paragraph\" style=\"text-align: left;\"><span class=\"normaltextrun\"><b>Pancreas:<\/b><\/span><span class=\"apple-converted-space\">\u00a0<\/span><span class=\"normaltextrun\">or regeneration and prevention of pancreatic disorders, digestive problems<\/span><\/p>\n<p class=\"paragraph\" style=\"text-align: left;\"><span class=\"normaltextrun\"><b>Liver:<\/b><\/span><span class=\"apple-converted-space\">\u00a0<\/span><span class=\"normaltextrun\">for regeneration and prevention of liver and gallbladder damage, acidification, and digestive disorders<\/span><\/p>\n<p class=\"paragraph\" style=\"text-align: left;\"><span class=\"normaltextrun\"><b>Mesenchyme:<\/b><\/span><span class=\"apple-converted-space\">\u00a0<\/span><span class=\"normaltextrun\">for immune weaknesses, for regeneration, and prevention of age-related ailments<\/span><\/p>\n<p class=\"paragraph\" style=\"text-align: left;\"><span class=\"normaltextrun\"><b>Placenta<\/b><\/span><span class=\"normaltextrun\">:<\/span><span class=\"apple-converted-space\">\u00a0<\/span><span class=\"normaltextrun\">for climacteric symptoms and in old age, e.g. for vascular calcification (arteriosclerosis)<\/span><\/p>\n<p class=\"paragraph\" style=\"text-align: left;\"><span class=\"normaltextrun\"><b>Joint, cartilage, spine:<\/b><\/span><span class=\"apple-converted-space\">\u00a0<\/span><span class=\"normaltextrun\">for wear and tear of joints, cartilage, and bone damage, e.g. osteoarthritis<\/span><\/p>\n<p class=\"paragraph\" style=\"text-align: left;\"><span class=\"normaltextrun\"><b>Lung:<\/b><\/span><span class=\"apple-converted-space\">\u00a0<\/span><span class=\"normaltextrun\">for regeneration and prevention of respiratory issues and to strengthen lung function<\/span><\/p>\n<p class=\"paragraph\" style=\"text-align: left;\"><span class=\"normaltextrun\"><b>Heart:<\/b><\/span><span class=\"apple-converted-space\">\u00a0<\/span><span class=\"normaltextrun\">for regeneration and prevention of the cardiovascular system as well as for stressful stress and its\u00a0<\/span><span class=\"normaltextrun\">consequences<\/span><\/p>\n<p class=\"paragraph\" style=\"text-align: left;\"><span class=\"normaltextrun\"><b>Kidney:<\/b><\/span><span class=\"apple-converted-space\">\u00a0<\/span><span class=\"normaltextrun\">for regeneration and prevention of kidney damage, chronic back pain, and<\/span><span class=\"apple-converted-space\">\u00a0<\/span><span class=\"normaltextrun\">energy deficiency<\/span><span class=\"eop\">\u00a0<\/span><\/p>\n\n\t\t<\/div>\n\t<\/div>\n<\/div><\/div><\/div><\/div>","protected":false},"excerpt":{"rendered":"<p>Regenerierende Peptide Organpeptide enthalten aus Jungtieren gewonnene Organextrakte aus allen wichtigen K\u00f6rperorganen. Sie regen Organe und Gewebe, welche im Laufe des Lebens oder durch Umwelteinfl\u00fcsse geschw\u00e4cht wurden, auf vielf\u00e4ltige Weise an. Es wird den geschw\u00e4chten K\u00f6rperorganen neue\u00a0Energie geliefert, da die Inhaltsstoffe auch in \u201efremden\u201c Organismen ihre Funktionsorte finden. Die Selbstheilung chronischer und durch Abnutzung bedingter&hellip;<\/p>","protected":false},"author":15,"featured_media":809,"parent":6,"menu_order":6,"comment_status":"closed","ping_status":"closed","template":"","meta":{"footnotes":""},"folder":[],"class_list":["post-403","page","type-page","status-publish","has-post-thumbnail","hentry","description-off"],"_links":{"self":[{"href":"https:\/\/sunclinic.ch\/en\/wp-json\/wp\/v2\/pages\/403","targetHints":{"allow":["GET"]}}],"collection":[{"href":"https:\/\/sunclinic.ch\/en\/wp-json\/wp\/v2\/pages"}],"about":[{"href":"https:\/\/sunclinic.ch\/en\/wp-json\/wp\/v2\/types\/page"}],"author":[{"embeddable":true,"href":"https:\/\/sunclinic.ch\/en\/wp-json\/wp\/v2\/users\/15"}],"replies":[{"embeddable":true,"href":"https:\/\/sunclinic.ch\/en\/wp-json\/wp\/v2\/comments?post=403"}],"version-history":[{"count":2,"href":"https:\/\/sunclinic.ch\/en\/wp-json\/wp\/v2\/pages\/403\/revisions"}],"predecessor-version":[{"id":1623,"href":"https:\/\/sunclinic.ch\/en\/wp-json\/wp\/v2\/pages\/403\/revisions\/1623"}],"up":[{"embeddable":true,"href":"https:\/\/sunclinic.ch\/en\/wp-json\/wp\/v2\/pages\/6"}],"wp:featuredmedia":[{"embeddable":true,"href":"https:\/\/sunclinic.ch\/en\/wp-json\/wp\/v2\/media\/809"}],"wp:attachment":[{"href":"https:\/\/sunclinic.ch\/en\/wp-json\/wp\/v2\/media?parent=403"}],"wp:term":[{"taxonomy":"folder","embeddable":true,"href":"https:\/\/sunclinic.ch\/en\/wp-json\/wp\/v2\/folder?post=403"}],"curies":[{"name":"wp","href":"https:\/\/api.w.org\/{rel}","templated":true}]}}