{"id":399,"date":"2019-04-29T13:10:08","date_gmt":"2019-04-29T11:10:08","guid":{"rendered":"https:\/\/praxis.kanzler.ch\/?page_id=399"},"modified":"2020-11-18T14:48:50","modified_gmt":"2020-11-18T13:48:50","slug":"orthomolekulare-medizin","status":"publish","type":"page","link":"https:\/\/sunclinic.ch\/en\/orthomolekulare-medizin\/","title":{"rendered":"Orthomolecular Medicine"},"content":{"rendered":"<div class=\"vc_row wpb_row vc_row-fluid\"><div class=\"wpb_column vc_column_container vc_col-sm-12\"><div class=\"vc_column-inner\"><div class=\"wpb_wrapper\"><div id=\"ultimate-heading-475369d43e9685a2e\" class=\"uvc-heading ult-adjust-bottom-margin ultimate-heading-475369d43e9685a2e uvc-9187  uvc-heading-default-font-sizes\" data-hspacer=\"no_spacer\"  data-halign=\"center\" style=\"text-align:center\"><div class=\"uvc-heading-spacer no_spacer\" style=\"top\"><\/div><div class=\"uvc-main-heading ult-responsive\"  data-ultimate-target='.uvc-heading.ultimate-heading-475369d43e9685a2e h2'  data-responsive-json-new='{\"font-size\":\"\",\"line-height\":\"\"}' ><h2 style=\"--font-weight:theme;margin-bottom:16px;\">Orthomoleculare Medicine<\/h2><\/div><div class=\"uvc-sub-heading ult-responsive\"  data-ultimate-target='.uvc-heading.ultimate-heading-475369d43e9685a2e .uvc-sub-heading '  data-responsive-json-new='{\"font-size\":\"\",\"line-height\":\"\"}'  style=\"font-weight:normal;margin-top:16px;\"><\/p>\n<h5>Was established about 30 years ago by Prof. Linus Pauling (two-time Nobel laureate) in the USA. Over 6000 scientific papers have been published in recent years about orthomolecular medicine in the USA<\/h5>\n<p><\/div><\/div><div class=\"vc_empty_space\"   style=\"height: 32px\"><span class=\"vc_empty_space_inner\"><\/span><\/div><\/div><\/div><\/div><\/div><div class=\"vc_row wpb_row vc_row-fluid vc_custom_1568874705653\"><div class=\"wpb_column vc_column_container vc_col-sm-12\"><div class=\"vc_column-inner\"><div class=\"wpb_wrapper\">\n\t<div class=\"wpb_text_column wpb_content_element\" >\n\t\t<div class=\"wpb_wrapper\">\n\t\t\t<p>Orthomolecular medicine exclusively deals with biomolecules that are present in the human organism.<br \/>\nOrthomolecular medicine exclusively deals with biomolecules that are present in the human organism.<\/p>\n\n\t\t<\/div>\n\t<\/div>\n\n\t<div class=\"wpb_text_column wpb_content_element  vc_custom_1568882648061\" >\n\t\t<div class=\"wpb_wrapper\">\n\t\t\t<p>Important information: Dietary supplements are considered part of food and are not covered by any health insurance.<\/p>\n\n\t\t<\/div>\n\t<\/div>\n<\/div><\/div><\/div><\/div>","protected":false},"excerpt":{"rendered":"<p>Orthomolekulare Medizin Wurde vor etwa 30 Jahren von Prof. Linus Pauling (2-facher Nobelpreistr\u00e4ger) in den USA begr\u00fcndet. \u00dcber 6000 wissenschaftliche Abhandlungen sind in den letzten Jahren \u00fcber die orthomolekulare Medizin in den USA erschienen. Die orthomolekulare Medizin befasst sich ausschliesslich mit Biomolek\u00fclen, die im menschlichen Organismus vorhanden sind. Umwelt- und ern\u00e4hrungsbedingt werden heute dem Menschen&hellip;<\/p>","protected":false},"author":15,"featured_media":780,"parent":0,"menu_order":4,"comment_status":"closed","ping_status":"closed","template":"","meta":{"footnotes":""},"folder":[],"class_list":["post-399","page","type-page","status-publish","has-post-thumbnail","hentry","description-off"],"_links":{"self":[{"href":"https:\/\/sunclinic.ch\/en\/wp-json\/wp\/v2\/pages\/399","targetHints":{"allow":["GET"]}}],"collection":[{"href":"https:\/\/sunclinic.ch\/en\/wp-json\/wp\/v2\/pages"}],"about":[{"href":"https:\/\/sunclinic.ch\/en\/wp-json\/wp\/v2\/types\/page"}],"author":[{"embeddable":true,"href":"https:\/\/sunclinic.ch\/en\/wp-json\/wp\/v2\/users\/15"}],"replies":[{"embeddable":true,"href":"https:\/\/sunclinic.ch\/en\/wp-json\/wp\/v2\/comments?post=399"}],"version-history":[{"count":3,"href":"https:\/\/sunclinic.ch\/en\/wp-json\/wp\/v2\/pages\/399\/revisions"}],"predecessor-version":[{"id":1643,"href":"https:\/\/sunclinic.ch\/en\/wp-json\/wp\/v2\/pages\/399\/revisions\/1643"}],"wp:featuredmedia":[{"embeddable":true,"href":"https:\/\/sunclinic.ch\/en\/wp-json\/wp\/v2\/media\/780"}],"wp:attachment":[{"href":"https:\/\/sunclinic.ch\/en\/wp-json\/wp\/v2\/media?parent=399"}],"wp:term":[{"taxonomy":"folder","embeddable":true,"href":"https:\/\/sunclinic.ch\/en\/wp-json\/wp\/v2\/folder?post=399"}],"curies":[{"name":"wp","href":"https:\/\/api.w.org\/{rel}","templated":true}]}}