{"id":397,"date":"2019-04-29T13:09:26","date_gmt":"2019-04-29T11:09:26","guid":{"rendered":"https:\/\/praxis.kanzler.ch\/?page_id=397"},"modified":"2020-11-18T14:39:19","modified_gmt":"2020-11-18T13:39:19","slug":"anti-raucher-therapie","status":"publish","type":"page","link":"https:\/\/sunclinic.ch\/en\/therapien\/anti-raucher-therapie\/","title":{"rendered":"Anti-Smoke-Therapy"},"content":{"rendered":"<div class=\"vc_row wpb_row vc_row-fluid\"><div class=\"wpb_column vc_column_container vc_col-sm-12\"><div class=\"vc_column-inner\"><div class=\"wpb_wrapper\"><div id=\"ultimate-heading-704469d43e307bd5f\" class=\"uvc-heading ult-adjust-bottom-margin ultimate-heading-704469d43e307bd5f uvc-7151  uvc-heading-default-font-sizes\" data-hspacer=\"no_spacer\"  data-halign=\"center\" style=\"text-align:center\"><div class=\"uvc-heading-spacer no_spacer\" style=\"top\"><\/div><div class=\"uvc-main-heading ult-responsive\"  data-ultimate-target='.uvc-heading.ultimate-heading-704469d43e307bd5f h2'  data-responsive-json-new='{\"font-size\":\"\",\"line-height\":\"\"}' ><h2 style=\"--font-weight:theme;margin-bottom:16px;\">Anti-Smoke-Therapy<\/h2><\/div><div class=\"uvc-sub-heading ult-responsive\"  data-ultimate-target='.uvc-heading.ultimate-heading-704469d43e307bd5f .uvc-sub-heading '  data-responsive-json-new='{\"font-size\":\"\",\"line-height\":\"\"}'  style=\"font-weight:normal;margin-top:16px;margin-bottom:50px;\"><\/p>\n<h5 style=\"text-align: center;\">With our step-by-step method, you can quit smoking easily and effectively!<\/h5>\n<p><\/div><\/div><div class=\"vc_empty_space\"   style=\"height: 32px\"><span class=\"vc_empty_space_inner\"><\/span><\/div><\/div><\/div><\/div><\/div><div class=\"vc_row wpb_row vc_row-fluid\"><div class=\"wpb_column vc_column_container vc_col-sm-12\"><div class=\"vc_column-inner\"><div class=\"wpb_wrapper\">\n\t<div class=\"wpb_text_column wpb_content_element\" >\n\t\t<div class=\"wpb_wrapper\">\n\t\t\t<p style=\"text-align: left;\">When you quit smoking and become smoke-free, you often notice many changes in yourself very quickly. First and foremost, your performance and fitness will significantly increase. Side effects such as excessive sweating, body odor, acne, yellowing of the teeth and fingers, as well as the infamous bad breath, disappear relatively quickly within a few weeks. Overall well-being improves again. Eating and drinking become enjoyable again due to the improvement in taste buds. Your sense of smell will also thank you. Furthermore, there are many other societal advantages from giving up cigarettes.<\/p>\n<p style=\"text-align: left;\">We would like to support you in taking the decisive steps to become completely smoke-free.<\/p>\n<p style=\"text-align: left;\">Methods of smoking cessation:<\/p>\n<ul>\n<li style=\"text-align: left;\">reduction methode<\/li>\n<li style=\"text-align: left;\">cold turkey method<\/li>\n<li style=\"text-align: left;\">Vitamin substitution<\/li>\n<li style=\"text-align: left;\">Autogenic training<\/li>\n<li style=\"text-align: left;\">NLP<\/li>\n<li style=\"text-align: left;\">Acupuncture<\/li>\n<li style=\"text-align: left;\">Medication-based approaches<\/li>\n<li style=\"text-align: left;\">Glutathion-S-Transferase (GSTM1)<\/li>\n<li style=\"text-align: left;\">Behavioral therapy measures<\/li>\n<li style=\"text-align: left;\">Stress management<\/li>\n<li style=\"text-align: left;\">Self-esteem<\/li>\n<li style=\"text-align: left;\">Self-assertion<\/li>\n<li style=\"text-align: left;\">Group dynamics<\/li>\n<li style=\"text-align: left;\">Relaxation techniques<\/li>\n<li style=\"text-align: left;\">Adequate exercise<\/li>\n<li style=\"text-align: left;\">Creating a positive mood<\/li>\n<\/ul>\n<p style=\"text-align: left;\">The central therapy methods we use for smoking cessation, we would like to briefly introduce to you here:<\/p>\n\n\t\t<\/div>\n\t<\/div>\n<\/div><\/div><\/div><\/div><div class=\"vc_row wpb_row vc_row-fluid vc_row-o-equal-height vc_row-flex\"><div class=\"wpb_column vc_column_container vc_col-sm-4\"><div class=\"vc_column-inner\"><div class=\"wpb_wrapper\">\n\t<div class=\"wpb_text_column wpb_content_element  vc_custom_1605706540339\" >\n\t\t<div class=\"wpb_wrapper\">\n\t\t\t<p><strong>Acupuncture<br \/>\n<\/strong><br \/>\nAcupuncture is an ancient Chinese healing method. By stimulating specific points on the body, known as acupuncture points, which run along the meridians, the blocked energy flow is supposed to be rebalanced. Acupuncture leads to short-term high success rates of around 80-90% directly after treatment in smoking cessation.<\/p>\n\n\t\t<\/div>\n\t<\/div>\n<\/div><\/div><\/div><div class=\"wpb_column vc_column_container vc_col-sm-4\"><div class=\"vc_column-inner\"><div class=\"wpb_wrapper\">\n\t<div class=\"wpb_text_column wpb_content_element  vc_custom_1605706534611\" >\n\t\t<div class=\"wpb_wrapper\">\n\t\t\t<p><strong>Vitamin substitutions (Orthomolecular therapy)<\/strong><\/p>\n<p>With the right vitamins and minerals, many physical and psychological obstacles to quitting smoking can be overcome.<\/p>\n\n\t\t<\/div>\n\t<\/div>\n<\/div><\/div><\/div><div class=\"wpb_column vc_column_container vc_col-sm-4\"><div class=\"vc_column-inner\"><div class=\"wpb_wrapper\">\n\t<div class=\"wpb_text_column wpb_content_element  vc_custom_1605706596200\" >\n\t\t<div class=\"wpb_wrapper\">\n\t\t\t<p><strong>Suggestive techniques<\/strong><\/p>\n<p>The suggestive method is a psychological approach in which the patient quits smoking through corrected belief systems and mindset adjustments.<\/p>\n\n\t\t<\/div>\n\t<\/div>\n<\/div><\/div><\/div><\/div><div class=\"vc_row wpb_row vc_row-fluid vc_custom_1570003674586 vc_row-o-equal-height vc_row-flex\"><div class=\"wpb_column vc_column_container vc_col-sm-4\"><div class=\"vc_column-inner\"><div class=\"wpb_wrapper\">\n\t<div class=\"wpb_text_column wpb_content_element  vc_custom_1605706658905\" >\n\t\t<div class=\"wpb_wrapper\">\n\t\t\t<p><strong>Reduction and cold turkey method<\/strong><\/p>\n<p>With the reduction method, a reduction plan is created under medical supervision and with psychological support until the point at which the patient becomes smoke-free.<\/p>\n<p>With the cold turkey method, nicotine intake is immediately and completely stopped. This method has proven to be very successful in most cases.<\/p>\n\n\t\t<\/div>\n\t<\/div>\n<\/div><\/div><\/div><div class=\"wpb_column vc_column_container vc_col-sm-4\"><div class=\"vc_column-inner\"><div class=\"wpb_wrapper\">\n\t<div class=\"wpb_text_column wpb_content_element  vc_custom_1605706466034\" >\n\t\t<div class=\"wpb_wrapper\">\n\t\t\t<p><strong>NLP<\/strong><\/p>\n<p>NLP stands for Neuro-Linguistic Programming and encompasses methods, techniques, and attitudes that we can actively use to communicate better with ourselves and others.<\/p>\n\n\t\t<\/div>\n\t<\/div>\n<\/div><\/div><\/div><div class=\"wpb_column vc_column_container vc_col-sm-4\"><div class=\"vc_column-inner\"><div class=\"wpb_wrapper\">\n\t<div class=\"wpb_text_column wpb_content_element  vc_custom_1570003741806\" >\n\t\t<div class=\"wpb_wrapper\">\n\t\t\t<p><strong>Glutathion-S-Transferase (GSTM1)\u00a0<\/strong><\/p>\n<p>This gene determines your ability to effectively remove toxins and environmental substances from your body. We recommend that you have this checked once, as inadequate detoxification ultimately leads to significant health issues.<\/p>\n\n\t\t<\/div>\n\t<\/div>\n<\/div><\/div><\/div><\/div><div class=\"vc_row wpb_row vc_row-fluid\"><div class=\"wpb_column vc_column_container vc_col-sm-12\"><div class=\"vc_column-inner\"><div class=\"wpb_wrapper\">\n\t<div class=\"wpb_text_column wpb_content_element\" >\n\t\t<div class=\"wpb_wrapper\">\n\t\t\t<p><strong>Stop smoking<\/strong><\/p>\n<p>Of course, quitting smoking is not achieved with just a single method, but rather through the combination of many factors. It depends on factors such as the targeted selection of therapy forms, consistent implementation, and ultimately, on you. We won't leave you alone in this process; we'll walk this path with you together.<\/p>\n<p>Be brave and take the first step!<\/p>\n<p>Scientific studies have shown that with each attempt, the likelihood of becoming and staying a successful non-smoker increases.<\/p>\n\n\t\t<\/div>\n\t<\/div>\n<\/div><\/div><\/div><\/div>","protected":false},"excerpt":{"rendered":"<p>Anti Raucher Therapie Mit unserer Schritt\u00a0f\u00fcr Schritt Methode schaffen Sie es, auf einfachem Weg mit dem Rauchen aufzuh\u00f6ren! Wenn man mit dem Rauchen aufh\u00f6rt und Rauchfrei wird, bemerkt man oft sehr schnell viele Ver\u00e4nderungen an sich. In erster Linie wird sich die Leistungsf\u00e4higkeit und die Fitness deutlich sp\u00fcrbar erh\u00f6hen. Nebenwirkungen wie \u00fcberm\u00e4ssiges Schwitzen, K\u00f6rpergeruch, unreine&hellip;<\/p>","protected":false},"author":15,"featured_media":330,"parent":6,"menu_order":3,"comment_status":"closed","ping_status":"closed","template":"","meta":{"footnotes":""},"folder":[],"class_list":["post-397","page","type-page","status-publish","has-post-thumbnail","hentry","description-off"],"_links":{"self":[{"href":"https:\/\/sunclinic.ch\/en\/wp-json\/wp\/v2\/pages\/397","targetHints":{"allow":["GET"]}}],"collection":[{"href":"https:\/\/sunclinic.ch\/en\/wp-json\/wp\/v2\/pages"}],"about":[{"href":"https:\/\/sunclinic.ch\/en\/wp-json\/wp\/v2\/types\/page"}],"author":[{"embeddable":true,"href":"https:\/\/sunclinic.ch\/en\/wp-json\/wp\/v2\/users\/15"}],"replies":[{"embeddable":true,"href":"https:\/\/sunclinic.ch\/en\/wp-json\/wp\/v2\/comments?post=397"}],"version-history":[{"count":2,"href":"https:\/\/sunclinic.ch\/en\/wp-json\/wp\/v2\/pages\/397\/revisions"}],"predecessor-version":[{"id":1636,"href":"https:\/\/sunclinic.ch\/en\/wp-json\/wp\/v2\/pages\/397\/revisions\/1636"}],"up":[{"embeddable":true,"href":"https:\/\/sunclinic.ch\/en\/wp-json\/wp\/v2\/pages\/6"}],"wp:featuredmedia":[{"embeddable":true,"href":"https:\/\/sunclinic.ch\/en\/wp-json\/wp\/v2\/media\/330"}],"wp:attachment":[{"href":"https:\/\/sunclinic.ch\/en\/wp-json\/wp\/v2\/media?parent=397"}],"wp:term":[{"taxonomy":"folder","embeddable":true,"href":"https:\/\/sunclinic.ch\/en\/wp-json\/wp\/v2\/folder?post=397"}],"curies":[{"name":"wp","href":"https:\/\/api.w.org\/{rel}","templated":true}]}}