{"id":395,"date":"2019-04-29T13:08:47","date_gmt":"2019-04-29T11:08:47","guid":{"rendered":"https:\/\/praxis.kanzler.ch\/?page_id=395"},"modified":"2020-11-17T13:12:13","modified_gmt":"2020-11-17T12:12:13","slug":"darmsanierung-zuerich","status":"publish","type":"page","link":"https:\/\/sunclinic.ch\/en\/therapien\/darmsanierung-zuerich\/","title":{"rendered":"Intestinal Rehabilitation"},"content":{"rendered":"<div class=\"vc_row wpb_row vc_row-fluid vc_custom_1558073885293\"><div class=\"wpb_column vc_column_container vc_col-sm-12\"><div class=\"vc_column-inner vc_custom_1558002986938\"><div class=\"wpb_wrapper\"><div id=\"ultimate-heading-542469d43eead4e62\" class=\"uvc-heading ult-adjust-bottom-margin ultimate-heading-542469d43eead4e62 uvc-1214  uvc-heading-default-font-sizes\" data-hspacer=\"no_spacer\"  data-halign=\"center\" style=\"text-align:center\"><div class=\"uvc-heading-spacer no_spacer\" style=\"top\"><\/div><div class=\"uvc-main-heading ult-responsive\"  data-ultimate-target='.uvc-heading.ultimate-heading-542469d43eead4e62 h2'  data-responsive-json-new='{\"font-size\":\"\",\"line-height\":\"\"}' ><h2 style=\"--font-weight:theme;margin-bottom:16px;\">Intestinal Rehabilitation<\/h2><\/div><div class=\"uvc-sub-heading ult-responsive\"  data-ultimate-target='.uvc-heading.ultimate-heading-542469d43eead4e62 .uvc-sub-heading '  data-responsive-json-new='{\"font-size\":\"\",\"line-height\":\"\"}'  style=\"font-weight:normal;margin-top:16px;margin-bottom:50px;\"><\/p>\n<h5 style=\"text-align: center;\">Warum ist unser Magen-Darm-System so essentiell f\u00fcr die Gesundheit? Die Nahrung und dessen aktive Botenmolek\u00fchle &#8222;sprechen&#8220; mit dem K\u00f6rper dar\u00fcber, welche Nahrung wir gegessen haben und wie es uns beeinflusst. Unser Gehirn empf\u00e4ngt und verarbeitet diese Informationen. Unsere seelische und physische Gesundheit h\u00e4ngt damit sehr von unserem Ern\u00e4hrungsverhalten ab. Essen, das unser Darm nicht vertr\u00e4gt verschlackt die Darmschleimhaut und f\u00fchrt zu chronischen Darmproblemen. Die Darmsanierung besch\u00e4ftigt sich mit der nachhaltigen Entschlackung und St\u00e4rkung unseres Darms.<\/h5>\n<p><\/div><\/div><div class=\"vc_row wpb_row vc_inner vc_row-fluid\"><div class=\"wpb_column vc_column_container vc_col-sm-6\"><div class=\"vc_column-inner\"><div class=\"wpb_wrapper\">\n\t<div class=\"wpb_text_column wpb_content_element\" >\n\t\t<div class=\"wpb_wrapper\">\n\t\t\t<p style=\"text-align: left;\"><strong>How the annoying abdominal pain \/ bloating \/ irritable bowels \/ leaky gut syndromes occur... <\/strong><strong><br \/>\n<\/strong><\/p>\n<p>&nbsp;<\/p>\n<p style=\"text-align: left;\">Toxins circulating in the blood and neutralized by the liver burden the intestines heavily.<br \/>\nThe liver also eliminates toxins through the fat-splitting bile, which enters the intestine during the digestion process and mixes with the food pulp.<\/p>\n<p style=\"text-align: left;\">If the food pulp then moves too slowly through the intestine due to a deficit of fluids, because it lacks water, \"poison and bile\" accumulate more and more.<br \/>\nDadurch werden die Darmzotten verstopft, deren Aufgabe es ist die N\u00e4hrstoffe zu resorbieren.<\/p>\n<p style=\"text-align: left;\">Die Giftstoffe reizen und entz\u00fcnden nicht nur die Dickdarmwand, sondern werden im weiteren auch im Blut resorbiert.<br \/>\nImportant nutrients are no longer absorbed, leading to chronic intestinal problems and diseases as a consequence.<\/p>\n<p style=\"text-align: left;\">As a further consequence, the so-called leaky gut syndrome, or \"leaky gut,\" occurs.<br \/>\nThis occurs very frequently in patients suffering from chronic diseases such as rheumatism, allergies, and metabolic disorders.<\/p>\n\n\t\t<\/div>\n\t<\/div>\n<\/div><\/div><\/div><div class=\"wpb_column vc_column_container vc_col-sm-6\"><div class=\"vc_column-inner\"><div class=\"wpb_wrapper\">\n\t<div class=\"wpb_text_column wpb_content_element\" >\n\t\t<div class=\"wpb_wrapper\">\n\t\t\t<p><strong>What intestinal rehabilitation involves<br \/>\n<span style=\"color: #ffffff;\">&#8230;<\/span><br \/>\n<\/strong><\/p>\n<p>&nbsp;<\/p>\n<p>Status Quo Examination:<\/p>\n<ul>\n<li><a href=\"https:\/\/sunclinic.ch\/en\/diagnostik\/allergie-zuerich\/\">Allergy Testing<\/a><br \/>\n<span style=\"color: #808080;\"><em>Allergies and intolerance<\/em><\/span><\/li>\n<li>Stool culture and parasite analysis<br \/>\n<span style=\"color: #808080;\"><em>Bacteria, fungal, and parasite analysis as well as inflammation markers<\/em><\/span><\/li>\n<li><a href=\"https:\/\/sunclinic.ch\/en\/therapien\/metatron-nls-diagnostic-zuerich\/\">Metatron NLS Diagnostic<\/a><br \/>\n<span style=\"color: #808080;\"><em>Can detect smallest traces of bacteria, viruses, and fungi.<\/em><\/span><\/li>\n<\/ul>\n<p>&nbsp;<\/p>\n<p>Therapie:<\/p>\n<ul>\n<li><a href=\"https:\/\/sunclinic.ch\/en\/therapien\/colon-hydro-therapie-zuerich\/\">Colon-Hydro-Therapy<\/a><br \/>\n<span style=\"color: #808080;\"><em>for cleansing the intestine<\/em><\/span><\/li>\n<li>Supplements<br \/>\n<span style=\"color: #808080;\"><em>Strengthening intestinal wall and elimination of fungi<\/em><\/span><\/li>\n<li>Probiotics<br \/>\n<span style=\"color: #808080;\"><em>Strengthening of the good bacteria<\/em><\/span><\/li>\n<li>Antibiotics<br \/>\n<span style=\"color: #808080;\"><em>against parasites<\/em><\/span><\/li>\n<li>Nutritional counseling<br \/>\n<span style=\"color: #808080;\"><em>for better digestion<\/em><\/span><\/li>\n<li><a href=\"https:\/\/sunclinic.ch\/en\/therapien\/allergieloeschung-zuerich\/\">Allergy elimination<\/a><br \/>\n<span style=\"color: #808080;\"><em>against allergies and intolerances<\/em><\/span><\/li>\n<\/ul>\n\n\t\t<\/div>\n\t<\/div>\n<\/div><\/div><\/div><\/div><\/div><\/div><\/div><\/div>","protected":false},"excerpt":{"rendered":"<p>Darmsanierung Warum ist unser Magen-Darm-System so essentiell f\u00fcr die Gesundheit? Die Nahrung und dessen aktive Botenmolek\u00fchle &#8222;sprechen&#8220; mit dem K\u00f6rper dar\u00fcber, welche Nahrung wir gegessen haben und wie es uns beeinflusst. Unser Gehirn empf\u00e4ngt und verarbeitet diese Informationen. Unsere seelische und physische Gesundheit h\u00e4ngt damit sehr von unserem Ern\u00e4hrungsverhalten ab. Essen, das unser Darm nicht&hellip;<\/p>","protected":false},"author":15,"featured_media":333,"parent":6,"menu_order":2,"comment_status":"closed","ping_status":"closed","template":"","meta":{"footnotes":""},"folder":[],"class_list":["post-395","page","type-page","status-publish","has-post-thumbnail","hentry","description-off"],"_links":{"self":[{"href":"https:\/\/sunclinic.ch\/en\/wp-json\/wp\/v2\/pages\/395","targetHints":{"allow":["GET"]}}],"collection":[{"href":"https:\/\/sunclinic.ch\/en\/wp-json\/wp\/v2\/pages"}],"about":[{"href":"https:\/\/sunclinic.ch\/en\/wp-json\/wp\/v2\/types\/page"}],"author":[{"embeddable":true,"href":"https:\/\/sunclinic.ch\/en\/wp-json\/wp\/v2\/users\/15"}],"replies":[{"embeddable":true,"href":"https:\/\/sunclinic.ch\/en\/wp-json\/wp\/v2\/comments?post=395"}],"version-history":[{"count":2,"href":"https:\/\/sunclinic.ch\/en\/wp-json\/wp\/v2\/pages\/395\/revisions"}],"predecessor-version":[{"id":1615,"href":"https:\/\/sunclinic.ch\/en\/wp-json\/wp\/v2\/pages\/395\/revisions\/1615"}],"up":[{"embeddable":true,"href":"https:\/\/sunclinic.ch\/en\/wp-json\/wp\/v2\/pages\/6"}],"wp:featuredmedia":[{"embeddable":true,"href":"https:\/\/sunclinic.ch\/en\/wp-json\/wp\/v2\/media\/333"}],"wp:attachment":[{"href":"https:\/\/sunclinic.ch\/en\/wp-json\/wp\/v2\/media?parent=395"}],"wp:term":[{"taxonomy":"folder","embeddable":true,"href":"https:\/\/sunclinic.ch\/en\/wp-json\/wp\/v2\/folder?post=395"}],"curies":[{"name":"wp","href":"https:\/\/api.w.org\/{rel}","templated":true}]}}