{"id":393,"date":"2019-04-29T13:08:03","date_gmt":"2019-04-29T11:08:03","guid":{"rendered":"https:\/\/praxis.kanzler.ch\/?page_id=393"},"modified":"2020-11-17T17:04:50","modified_gmt":"2020-11-17T16:04:50","slug":"colon-hydro-therapie-zuerich","status":"publish","type":"page","link":"https:\/\/sunclinic.ch\/en\/therapien\/colon-hydro-therapie-zuerich\/","title":{"rendered":"Colon-Hydro-Therapy"},"content":{"rendered":"<div class=\"vc_row wpb_row vc_row-fluid\"><div class=\"wpb_column vc_column_container vc_col-sm-12\"><div class=\"vc_column-inner\"><div class=\"wpb_wrapper\"><div id=\"ultimate-heading-531869d43e9766b0a\" class=\"uvc-heading ult-adjust-bottom-margin ultimate-heading-531869d43e9766b0a uvc-4733  uvc-heading-default-font-sizes\" data-hspacer=\"no_spacer\"  data-halign=\"center\" style=\"text-align:center\"><div class=\"uvc-heading-spacer no_spacer\" style=\"top\"><\/div><div class=\"uvc-main-heading ult-responsive\"  data-ultimate-target='.uvc-heading.ultimate-heading-531869d43e9766b0a h2'  data-responsive-json-new='{\"font-size\":\"\",\"line-height\":\"\"}' ><h2 style=\"--font-weight:theme;margin-bottom:16px;\">Colon-Hydro-Therapy<\/h2><\/div><div class=\"uvc-sub-heading ult-responsive\"  data-ultimate-target='.uvc-heading.ultimate-heading-531869d43e9766b0a .uvc-sub-heading '  data-responsive-json-new='{\"font-size\":\"\",\"line-height\":\"\"}'  style=\"font-weight:normal;margin-top:16px;margin-bottom:50px;\"><\/p>\n<h5>Colon hydrotherapy relieves the immune system, thereby strengthening immune defense. The intestinal mucosa and intestinal flora can regenerate with the help of colon cleansing.<\/h5>\n<h5>A healthy colon is the first step toward total health. Freed from toxins, the colon can more effectively deal with new stressors, microbes, and other harmful influences. Cleansing the digestive tract also enables cleansing of the lymphatic system, blood, brain, and the entire body. This can eliminate or prevent various ailments, ranging from constipation and psychological issues to strengthening our immune system, which forms the defense barrier against infections and cancer.<\/h5>\n<p><\/div><\/div>\n\t<div class=\"wpb_text_column wpb_content_element\" >\n\t\t<div class=\"wpb_wrapper\">\n\t\t\t<p style=\"text-align: left;\"><strong>How does Colon-Hydro-Therapy work?<\/strong><\/p>\n<p style=\"text-align: left;\">In colon hydrotherapy, it is assumed that certain toxins and waste products are not eliminated quickly enough from the colon. Residues, encrustations, and hardened substances in the pockets of the colon prevent normal peristalsis (rhythmic, worm-like movement of the intestine) and thus the further transport of intestinal contents.<\/p>\n<p style=\"text-align: left;\">Wiederholte Sp\u00fclungen mit Wasser durch die Colon-Hydro-Therapie beseitigen die in den erweiterten Taschen liegenden und mit der Darmwand verklebten Schlacken.\u202fSie sorgen gleichzeitig f\u00fcr eine Belebung des tr\u00e4gen Darms, indem die Darmbewegung und Gesamtfunktion angeregt wird. Es ist eine Art &#8222;Darmtraining&#8220;. Der belastete und tr\u00e4ge gewordene Darm ist ohne geeignete Hilfsmassnahme ausserstande, seine Belastungen selbstt\u00e4tig jemals wieder loszuwerden.<\/p>\n<p style=\"text-align: left;\">Through the constant alternation of filling the colon with water and immediate flushing, combined with accompanying abdominal massage, repeated treatments result in targeted cleansing of the colon. Even stubborn old residues detach from the inner walls of the colon and are eliminated. The water introduced into the colon is of varying temperatures. Warm water up to 41\u00b0C relaxes the intestinal muscles, allowing constricted sections of the intestine to become passable again due to spasms. Conversely, cool water down to 21\u00b0C initially causes the intestinal muscles to contract and eventually increases their blood flow.<\/p>\n<p style=\"text-align: left;\">Through the temperature change and gentle abdominal massage, the intestine gains new elasticity. The resolving effect of the water and the warm-cool temperature stimulation of the intestine cause it to start functioning again, autonomously propelling the accumulated and stagnant intestinal contents forward.<\/p>\n<p>&nbsp;<\/p>\n<p style=\"text-align: left;\"><strong>What does colon hydrotherapy achieve?<\/strong><\/p>\n<p style=\"text-align: left;\">Cleansing<br \/>\nIt effectively and gently removes residues and encrustations from the folds and pockets of the intestinal wall. Similarly, it eliminates deposits, putrefaction substances, and fungi from the surface of the intestinal mucosa.<\/p>\n<p style=\"text-align: left;\">Excretion<br \/>\nMetabolic toxins and waste products are excreted through the liver and bile into the intestine, but in the lower sections of the intestine, they are partially reabsorbed into the body (especially in cases of intestinal sluggishness and increased permeability of the intestinal mucosa). These reabsorbed toxins are then excreted again through the liver. Thus, a cycle of toxins develops in our body. Colon hydrotherapy removes a large amount of these circulating waste products from the body in one go.<\/p>\n<p style=\"text-align: left;\">Neben der Ausscheidung \u00fcber den Darm wird auch die Ausscheidung \u00fcber die Nieren (Urinausscheidung) verbessert. Dies geschieht auf zwei Wegen:<\/p>\n<ul>\n<li style=\"list-style-type: none;\">\n<ul>\n<li style=\"text-align: left;\">A small portion of the water introduced into the colon is absorbed by the body. This increases the fluid volume in the vessels and stimulates the kidneys to excrete more (urine output).<\/li>\n<li style=\"text-align: left;\">Colon hydrotherapy improves blood circulation in the abdominal area, which also has a diuretic effect through the kidneys. The therapy also massages the ureters. Additionally, the warm water promotes circulation to the lower poles of both kidneys, making kidney and ureter stones an indication for colon hydrotherapy.<\/li>\n<\/ul>\n<\/li>\n<\/ul>\n<p>The effect of colon hydrotherapy can be complemented by simultaneously administering normal intestinal bacteria in liquid form or as tablets as part of the subsequent bowel cleansing process.<\/p>\n\n\t\t<\/div>\n\t<\/div>\n<div class=\"vc_row wpb_row vc_inner vc_row-fluid\"><div class=\"wpb_column vc_column_container vc_col-sm-6\"><div class=\"vc_column-inner\"><div class=\"wpb_wrapper\">\n\t<div class=\"wpb_text_column wpb_content_element  vc_custom_1582126059779\" >\n\t\t<div class=\"wpb_wrapper\">\n\t\t\t<p style=\"text-align: left;\"><strong>With what kind of disease<\/strong><strong>\u202f<\/strong><strong>can Colon-Hydro-Therapy help?<\/strong><\/p>\n<ul>\n<li style=\"text-align: left;\">chronic obstipation<\/li>\n<li style=\"text-align: left;\">bloating<\/li>\n<li style=\"text-align: left;\">chronic diarrhea<\/li>\n<li style=\"text-align: left;\">atonic colon (lazy, paralized gut)<\/li>\n<li style=\"text-align: left;\">IBS<\/li>\n<li style=\"text-align: left;\">feeling full<\/li>\n<li style=\"text-align: left;\">diverticulosis<\/li>\n<li style=\"text-align: left;\">Morbus Chron, Colitis\u00a0Ulcerosa\u00a0(to be performed only conditionally and by experienced therapists)<\/li>\n<\/ul>\n\n\t\t<\/div>\n\t<\/div>\n<\/div><\/div><\/div><div class=\"wpb_column vc_column_container vc_col-sm-6\"><div class=\"vc_column-inner\"><div class=\"wpb_wrapper\">\n\t<div class=\"wpb_text_column wpb_content_element  vc_custom_1582126577097\" >\n\t\t<div class=\"wpb_wrapper\">\n\t\t\t<p style=\"text-align: left;\">Sowie bei Erkrankungen, bei denen der Verdacht besteht, dass sie durch eine &#8222;Selbstvergiftung&#8220; des K\u00f6rpers mit verursacht werden. Dazu geh\u00f6ren besonders:<\/p>\n<ul>\n<li style=\"text-align: left;\">concentration problems, fatigue, depressive mood, anxiety, and dizziness<\/li>\n<li style=\"text-align: left;\">migrane<\/li>\n<li style=\"text-align: left;\">susceptibility to infections, allergies, allergic asthma<\/li>\n<li style=\"text-align: left;\">occurrence or exacerbation of existing rheumatic diseases<\/li>\n<li style=\"text-align: left;\">hyper- and hypothermia (feeling of cold, warmth)<\/li>\n<\/ul>\n<p style=\"text-align: left;\">Also, patients with liver disease also benefit from colon hydrotherapy with subsequent intestinal rehabilitation. The liver is our important detoxification organ. If it is diseased, it can no longer adequately perform this detoxification function, leading to an increase in toxins in the body.<\/p>\n\n\t\t<\/div>\n\t<\/div>\n<\/div><\/div><\/div><\/div><div class=\"vc_empty_space\"   style=\"height: 32px\"><span class=\"vc_empty_space_inner\"><\/span><\/div><\/div><\/div><\/div><\/div>","protected":false},"excerpt":{"rendered":"<p>Colon-Hydro-Therapie Mit einer Colon-Hydro-Therapie wird das Immunsystem entlastet und dadurch die Immunabwehr gest\u00e4rkt. Die Darmschleimhaut und die Darmflora k\u00f6nnen sich mit Hilfe der Darmsanierung wieder regenerieren. Ein gesunder Dickdarm ist der erste Schritt zur totalen Gesundheit. Befreit von Giften kann der Dickdarm effektiver mit neuen Belastungen, Mikroben und anderen sch\u00e4dlichen Einfl\u00fcssen fertig werden. Die S\u00e4uberung&hellip;<\/p>","protected":false},"author":15,"featured_media":335,"parent":6,"menu_order":1,"comment_status":"closed","ping_status":"closed","template":"","meta":{"footnotes":""},"folder":[],"class_list":["post-393","page","type-page","status-publish","has-post-thumbnail","hentry","description-off"],"_links":{"self":[{"href":"https:\/\/sunclinic.ch\/en\/wp-json\/wp\/v2\/pages\/393","targetHints":{"allow":["GET"]}}],"collection":[{"href":"https:\/\/sunclinic.ch\/en\/wp-json\/wp\/v2\/pages"}],"about":[{"href":"https:\/\/sunclinic.ch\/en\/wp-json\/wp\/v2\/types\/page"}],"author":[{"embeddable":true,"href":"https:\/\/sunclinic.ch\/en\/wp-json\/wp\/v2\/users\/15"}],"replies":[{"embeddable":true,"href":"https:\/\/sunclinic.ch\/en\/wp-json\/wp\/v2\/comments?post=393"}],"version-history":[{"count":2,"href":"https:\/\/sunclinic.ch\/en\/wp-json\/wp\/v2\/pages\/393\/revisions"}],"predecessor-version":[{"id":1627,"href":"https:\/\/sunclinic.ch\/en\/wp-json\/wp\/v2\/pages\/393\/revisions\/1627"}],"up":[{"embeddable":true,"href":"https:\/\/sunclinic.ch\/en\/wp-json\/wp\/v2\/pages\/6"}],"wp:featuredmedia":[{"embeddable":true,"href":"https:\/\/sunclinic.ch\/en\/wp-json\/wp\/v2\/media\/335"}],"wp:attachment":[{"href":"https:\/\/sunclinic.ch\/en\/wp-json\/wp\/v2\/media?parent=393"}],"wp:term":[{"taxonomy":"folder","embeddable":true,"href":"https:\/\/sunclinic.ch\/en\/wp-json\/wp\/v2\/folder?post=393"}],"curies":[{"name":"wp","href":"https:\/\/api.w.org\/{rel}","templated":true}]}}