{"id":26,"date":"2019-04-18T14:00:09","date_gmt":"2019-04-18T12:00:09","guid":{"rendered":"https:\/\/praxis.kanzler.ch\/?page_id=26"},"modified":"2024-07-24T07:34:59","modified_gmt":"2024-07-24T05:34:59","slug":"kontakt","status":"publish","type":"page","link":"https:\/\/sunclinic.ch\/en\/kontakt\/","title":{"rendered":"Contact"},"content":{"rendered":"<div class=\"vc_row wpb_row vc_row-fluid vc_column-gap-35 vc_row-o-equal-height vc_row-o-content-middle vc_row-flex\"><div class=\"wpb_column vc_column_container vc_col-sm-6 vc_col-has-fill\"><div class=\"vc_column-inner vc_custom_1568707057451\"><div class=\"wpb_wrapper\"><div class=\"vc_empty_space\"   style=\"height: 300px\"><span class=\"vc_empty_space_inner\"><\/span><\/div><\/div><\/div><\/div><div class=\"wpb_column vc_column_container vc_col-sm-6\"><div class=\"vc_column-inner\"><div class=\"wpb_wrapper\"><div class=\"vc_empty_space\"   style=\"height: 32px\"><span class=\"vc_empty_space_inner\"><\/span><\/div>\n\t<div class=\"wpb_text_column wpb_content_element\" >\n\t\t<div class=\"wpb_wrapper\">\n\t\t\t<h1 style=\"text-align: center;\">Ich freue mich auf Ihre Anfrage<\/h1>\n\n\t\t<\/div>\n\t<\/div>\n\n\t<div class=\"wpb_text_column wpb_content_element  vc_custom_1602502695524\" >\n\t\t<div class=\"wpb_wrapper\">\n\t\t\t<h2 style=\"text-align: center;\"><strong>\u00a0<a href=\"mailto:sunclinic@hin.ch\">sunclinic@hin.ch<\/a><\/strong><\/h2>\n<h2 style=\"text-align: center;\"><strong>\u00a0043 268 33 68<\/strong><\/h2>\n\n\t\t<\/div>\n\t<\/div>\n\n\t<div class=\"wpb_text_column wpb_content_element  vc_custom_1668421644861\" >\n\t\t<div class=\"wpb_wrapper\">\n\t\t\t<p>Unsere Praxis ist mit dem Tram und dem Auto einfach erreichbar.<\/p>\n<p>Mit dem Tram: Tram 3 oder 8 bis H\u00f6lderlinstrasse<\/p>\n<p>F\u00fcr Autofahrer haben wir blaue Zone rundum die Praxis sowie 3 Aussenparkpl\u00e4tze und 1 Tiefgaragenparkplatz (siehe Karte).<\/p>\n\n\t\t<\/div>\n\t<\/div>\n\n\t<div  class=\"wpb_single_image wpb_content_element vc_align_center\">\n\t\t\n\t\t<figure class=\"wpb_wrapper vc_figure\">\n\t\t\t<div class=\"vc_single_image-wrapper   vc_box_border_grey\"><img loading=\"lazy\" decoding=\"async\" width=\"2506\" height=\"1719\" src=\"https:\/\/sunclinic.ch\/wp-content\/uploads\/2024\/07\/Parkplatz-Sunclinic-v3.png\" class=\"vc_single_image-img attachment-full\"  alt=\"Parkplatz-Sunclinic-v3 Kontakt\"  srcset=\"https:\/\/sunclinic.ch\/wp-content\/uploads\/2024\/07\/Parkplatz-Sunclinic-v3.png 2506w, https:\/\/sunclinic.ch\/wp-content\/uploads\/2024\/07\/Parkplatz-Sunclinic-v3-300x206.png 300w, https:\/\/sunclinic.ch\/wp-content\/uploads\/2024\/07\/Parkplatz-Sunclinic-v3-1024x702.png 1024w, https:\/\/sunclinic.ch\/wp-content\/uploads\/2024\/07\/Parkplatz-Sunclinic-v3-768x527.png 768w, https:\/\/sunclinic.ch\/wp-content\/uploads\/2024\/07\/Parkplatz-Sunclinic-v3-1536x1054.png 1536w, https:\/\/sunclinic.ch\/wp-content\/uploads\/2024\/07\/Parkplatz-Sunclinic-v3-2048x1405.png 2048w, https:\/\/sunclinic.ch\/wp-content\/uploads\/2024\/07\/Parkplatz-Sunclinic-v3-18x12.png 18w\" sizes=\"auto, (max-width: 2506px) 100vw, 2506px\" data-dt-location=\"https:\/\/sunclinic.ch\/en\/parkplatz-sunclinic-v3\/\"  title=\"\" ><\/div>\n\t\t<\/figure>\n\t<\/div>\n<\/div><\/div><\/div><\/div>","protected":false},"excerpt":{"rendered":"<p>Ich freue mich auf Ihre Anfrage \u00a0sunclinic@hin.ch \u00a0043 268 33 68 Unsere Praxis ist mit dem Tram und dem Auto einfach erreichbar. Mit dem Tram: Tram 3 oder 8 bis H\u00f6lderlinstrasse F\u00fcr Autofahrer haben wir blaue Zone rundum die Praxis sowie 3 Aussenparkpl\u00e4tze und 1 Tiefgaragenparkplatz (siehe Karte).<\/p>","protected":false},"author":15,"featured_media":0,"parent":0,"menu_order":6,"comment_status":"closed","ping_status":"closed","template":"","meta":{"footnotes":""},"folder":[],"class_list":["post-26","page","type-page","status-publish","hentry","description-off"],"_links":{"self":[{"href":"https:\/\/sunclinic.ch\/en\/wp-json\/wp\/v2\/pages\/26","targetHints":{"allow":["GET"]}}],"collection":[{"href":"https:\/\/sunclinic.ch\/en\/wp-json\/wp\/v2\/pages"}],"about":[{"href":"https:\/\/sunclinic.ch\/en\/wp-json\/wp\/v2\/types\/page"}],"author":[{"embeddable":true,"href":"https:\/\/sunclinic.ch\/en\/wp-json\/wp\/v2\/users\/15"}],"replies":[{"embeddable":true,"href":"https:\/\/sunclinic.ch\/en\/wp-json\/wp\/v2\/comments?post=26"}],"version-history":[{"count":13,"href":"https:\/\/sunclinic.ch\/en\/wp-json\/wp\/v2\/pages\/26\/revisions"}],"predecessor-version":[{"id":2065,"href":"https:\/\/sunclinic.ch\/en\/wp-json\/wp\/v2\/pages\/26\/revisions\/2065"}],"wp:attachment":[{"href":"https:\/\/sunclinic.ch\/en\/wp-json\/wp\/v2\/media?parent=26"}],"wp:term":[{"taxonomy":"folder","embeddable":true,"href":"https:\/\/sunclinic.ch\/en\/wp-json\/wp\/v2\/folder?post=26"}],"curies":[{"name":"wp","href":"https:\/\/api.w.org\/{rel}","templated":true}]}}