{"id":22,"date":"2019-04-18T13:58:48","date_gmt":"2019-04-18T11:58:48","guid":{"rendered":"https:\/\/praxis.kanzler.ch\/?page_id=22"},"modified":"2022-04-25T01:10:41","modified_gmt":"2022-04-24T23:10:41","slug":"dr-med-ingrid-b-riedel","status":"publish","type":"page","link":"https:\/\/sunclinic.ch\/en\/dr-med-ingrid-b-riedel\/","title":{"rendered":"Ingrid B. Riedel MD"},"content":{"rendered":"<div class=\"vc_row wpb_row vc_row-fluid vc_custom_1566208995577 vc_row-o-equal-height vc_row-o-content-top vc_row-flex\"><div class=\"wpb_column vc_column_container vc_col-sm-6\"><div class=\"vc_column-inner vc_custom_1557997200550\"><div class=\"wpb_wrapper\"><div class=\"vc_empty_space\"   style=\"height: 32px\"><span class=\"vc_empty_space_inner\"><\/span><\/div><div id=\"ultimate-heading-422469d43e40c59e0\" class=\"uvc-heading ult-adjust-bottom-margin ultimate-heading-422469d43e40c59e0 uvc-3750  uvc-heading-default-font-sizes\" data-hspacer=\"no_spacer\"  data-halign=\"left\" style=\"text-align:left\"><div class=\"uvc-heading-spacer no_spacer\" style=\"top\"><\/div><div class=\"uvc-main-heading ult-responsive\"  data-ultimate-target='.uvc-heading.ultimate-heading-422469d43e40c59e0 h2'  data-responsive-json-new='{\"font-size\":\"\",\"line-height\":\"\"}' ><h2 style=\"--font-weight:theme;margin-bottom:30px;\">Our Philosophy<\/h2><\/div><\/div>\n\t<div class=\"wpb_text_column wpb_content_element\" >\n\t\t<div class=\"wpb_wrapper\">\n\t\t\t<p>&#8222;Zeit, Verst\u00e4ndnis, Lebensqualit\u00e4t&#8220; das ist unser Mantra f\u00fcr jeden Patienten. Wir nehmen uns so viel Zeit f\u00fcr jeden Patienten, wie es eben braucht. Unabh\u00e4ngig vom Grund des Besuchs in unserer Praxis, wir haben Verst\u00e4ndnis f\u00fcr Sie. Unsere Therapien sollen nicht nur heilen, sondern auch Lebensqualit\u00e4t zur\u00fcckbringen bzw. erhalten.<\/p>\n\n\t\t<\/div>\n\t<\/div>\n<\/div><\/div><\/div><div class=\"wpb_column vc_column_container vc_col-sm-6 vc_col-has-fill\"><div class=\"vc_column-inner vc_custom_1568797278515\"><div class=\"wpb_wrapper\"><div class=\"vc_empty_space\"   style=\"height: 512px\"><span class=\"vc_empty_space_inner\"><\/span><\/div><\/div><\/div><\/div><\/div><div class=\"vc_row wpb_row vc_row-fluid vc_custom_1568797335265 vc_row-o-equal-height vc_row-o-content-top vc_row-flex\"><div class=\"wpb_column vc_column_container vc_col-sm-6 vc_col-has-fill\"><div class=\"vc_column-inner vc_custom_1566208964630\"><div class=\"wpb_wrapper\"><div class=\"vc_empty_space\"   style=\"height: 512px\"><span class=\"vc_empty_space_inner\"><\/span><\/div><\/div><\/div><\/div><div class=\"wpb_column vc_column_container vc_col-sm-6\"><div class=\"vc_column-inner vc_custom_1557997200550\"><div class=\"wpb_wrapper\"><div class=\"vc_empty_space\"   style=\"height: 32px\"><span class=\"vc_empty_space_inner\"><\/span><\/div><div id=\"ultimate-heading-195069d43e40c6380\" class=\"uvc-heading ult-adjust-bottom-margin ultimate-heading-195069d43e40c6380 uvc-292  uvc-heading-default-font-sizes\" data-hspacer=\"no_spacer\"  data-halign=\"left\" style=\"text-align:left\"><div class=\"uvc-heading-spacer no_spacer\" style=\"top\"><\/div><div class=\"uvc-main-heading ult-responsive\"  data-ultimate-target='.uvc-heading.ultimate-heading-195069d43e40c6380 h2'  data-responsive-json-new='{\"font-size\":\"\",\"line-height\":\"\"}' ><h2 style=\"--font-weight:theme;margin-bottom:30px;\">About me<\/h2><\/div><\/div>\n\t<div class=\"wpb_text_column wpb_content_element\" >\n\t\t<div class=\"wpb_wrapper\">\n\t\t\t<p>After completing my studies in T\u00fcbingen, I worked as a resident physician in Stuttgart and the Black Forest. In 1983, I opened my practice, which is oriented towards naturopathy, in Augsburg. In February 2009, I relocated my entire practice to Zurich.<\/p>\n<p>My areas of focus are prevention and anti-aging.<\/p>\n<p>Prevention involves detecting and preventing diseases in the energetic early stages using naturopathy, homeopathy, orthomolecular therapy, and various other alternative healing methods such as acupuncture, colon hydrotherapy, or treatment with regenerates.<\/p>\n<p>Clever aging means halting the aging process in one's forties with remedies provided by nature. Medicine, for me, is the art of using the remedies of creation individually for the benefit of humanity, to enable a healthy, contented life full of creative power into old age.<\/p>\n\n\t\t<\/div>\n\t<\/div>\n<\/div><\/div><\/div><\/div><div class=\"vc_row wpb_row vc_row-fluid\"><div class=\"wpb_column vc_column_container vc_col-sm-12\"><div class=\"vc_column-inner\"><div class=\"wpb_wrapper\">\n\t<div class=\"wpb_text_column wpb_content_element\" >\n\t\t<div class=\"wpb_wrapper\">\n\t\t\t<h3 style=\"text-align: center;\">Flowers are silent expressions of gratitude.<\/h3>\n\n\t\t<\/div>\n\t<\/div>\n<style type=\"text\/css\" data-type=\"the7_shortcodes-inline-css\">.testimonials-carousel-shortcode.testimonials-carousel-shortcode-id-5b1d7f6aa573ead4ed202870ca72f690.owl-carousel .owl-nav a {\n  width: 36px;\n  height: 36px;\n  border-radius: 500px;\n}\n.testimonials-carousel-shortcode.testimonials-carousel-shortcode-id-5b1d7f6aa573ead4ed202870ca72f690.owl-carousel .owl-nav a:before,\n.testimonials-carousel-shortcode.testimonials-carousel-shortcode-id-5b1d7f6aa573ead4ed202870ca72f690.owl-carousel .owl-nav a:after {\n  border-width: 0px;\n}\n.testimonials-carousel-shortcode.testimonials-carousel-shortcode-id-5b1d7f6aa573ead4ed202870ca72f690.owl-carousel .owl-nav a.owl-prev {\n  top: 50%;\n  transform: translateY(calc(-50% + 0px));\n  left: -43px;\n}\n@media all and (-ms-high-contrast: none) {\n  .testimonials-carousel-shortcode.testimonials-carousel-shortcode-id-5b1d7f6aa573ead4ed202870ca72f690.owl-carousel .owl-nav a.owl-prev {\n    transform: translateY(-50%);\n    margin-top: 0px;\n  }\n}\n.testimonials-carousel-shortcode.testimonials-carousel-shortcode-id-5b1d7f6aa573ead4ed202870ca72f690.owl-carousel .owl-nav a.owl-prev i {\n  padding: 0px 0px 0px 0px;\n}\n.testimonials-carousel-shortcode.testimonials-carousel-shortcode-id-5b1d7f6aa573ead4ed202870ca72f690.owl-carousel .owl-nav a.owl-next {\n  top: 50%;\n  transform: translateY(calc(-50% + 0px));\n  right: -43px;\n}\n@media all and (-ms-high-contrast: none) {\n  .testimonials-carousel-shortcode.testimonials-carousel-shortcode-id-5b1d7f6aa573ead4ed202870ca72f690.owl-carousel .owl-nav a.owl-next {\n    transform: translateY(-50%);\n    margin-top: 0px;\n  }\n}\n.testimonials-carousel-shortcode.testimonials-carousel-shortcode-id-5b1d7f6aa573ead4ed202870ca72f690.owl-carousel .owl-nav a.owl-next i {\n  padding: 0px 0px 0px 0px;\n}\n.testimonials-carousel-shortcode.testimonials-carousel-shortcode-id-5b1d7f6aa573ead4ed202870ca72f690.owl-carousel .owl-nav i {\n  font-size: 18px;\n}\n.testimonials-carousel-shortcode.testimonials-carousel-shortcode-id-5b1d7f6aa573ead4ed202870ca72f690.owl-carousel .owl-nav a:not(:hover) i,\n.testimonials-carousel-shortcode.testimonials-carousel-shortcode-id-5b1d7f6aa573ead4ed202870ca72f690.owl-carousel .owl-nav a:not(:hover) i:before {\n  color: #ffffff;\n  background: none;\n}\n.testimonials-carousel-shortcode.testimonials-carousel-shortcode-id-5b1d7f6aa573ead4ed202870ca72f690.owl-carousel .owl-nav a:hover i,\n.testimonials-carousel-shortcode.testimonials-carousel-shortcode-id-5b1d7f6aa573ead4ed202870ca72f690.owl-carousel .owl-nav a:hover i:before {\n  color: rgba(255,255,255,0.75);\n  background: none;\n}\n.testimonials-carousel-shortcode.testimonials-carousel-shortcode-id-5b1d7f6aa573ead4ed202870ca72f690 .owl-dots {\n  top: calc(100% + 20px);\n  left: 50%;\n  transform: translateX(calc(-50% + 0px));\n}\n@media all and (-ms-high-contrast: none) {\n  .testimonials-carousel-shortcode.testimonials-carousel-shortcode-id-5b1d7f6aa573ead4ed202870ca72f690 .owl-dots {\n    transform: translateX(-50%);\n    margin-left: 0px;\n  }\n}\n.testimonials-carousel-shortcode.testimonials-carousel-shortcode-id-5b1d7f6aa573ead4ed202870ca72f690 .owl-dot {\n  width: 10px;\n  height: 10px;\n  margin: 0 8px;\n}\n@media screen and (max-width: 778px) {\n  .testimonials-carousel-shortcode.testimonials-carousel-shortcode-id-5b1d7f6aa573ead4ed202870ca72f690.hide-arrows.owl-carousel .owl-nav a {\n    display: none;\n  }\n}\n@media screen and (max-width: 778px) {\n  .testimonials-carousel-shortcode.testimonials-carousel-shortcode-id-5b1d7f6aa573ead4ed202870ca72f690.reposition-arrows.owl-carousel .owl-nav .owl-prev {\n    top: 50%;\n    transform: translateY(calc(-50% + 0px));\n    left: -18px;\n  }\n  .testimonials-carousel-shortcode.testimonials-carousel-shortcode-id-5b1d7f6aa573ead4ed202870ca72f690.reposition-arrows.owl-carousel .owl-nav .owl-next {\n    top: 50%;\n    transform: translateY(calc(-50% + 0px));\n    right: -18px;\n  }\n}\n@media screen and (max-width: 778px) and all and (-ms-high-contrast: none) {\n  .testimonials-carousel-shortcode.testimonials-carousel-shortcode-id-5b1d7f6aa573ead4ed202870ca72f690.reposition-arrows.owl-carousel .owl-nav .owl-prev {\n    transform: translateY(-50%);\n    margin-top: 0px;\n  }\n}\n@media screen and (max-width: 778px) and all and (-ms-high-contrast: none) {\n  .testimonials-carousel-shortcode.testimonials-carousel-shortcode-id-5b1d7f6aa573ead4ed202870ca72f690.reposition-arrows.owl-carousel .owl-nav .owl-next {\n    transform: translateY(-50%);\n    margin-top: 0px;\n  }\n}\n.testimonials-carousel-shortcode.testimonials-carousel-shortcode-id-5b1d7f6aa573ead4ed202870ca72f690 .testimonial-item {\n  padding: 30px 30px 20px 30px;\n}\n.testimonials-carousel-shortcode.testimonials-carousel-shortcode-id-5b1d7f6aa573ead4ed202870ca72f690 .testimonial-name,\n.testimonials-carousel-shortcode.testimonials-carousel-shortcode-id-5b1d7f6aa573ead4ed202870ca72f690 .testimonial-name a,\n.testimonials-carousel-shortcode.testimonials-carousel-shortcode-id-5b1d7f6aa573ead4ed202870ca72f690 .testimonial-name span {\n  margin-bottom: 0px;\n  font-weight: bold;\n}\n.testimonials-carousel-shortcode.testimonials-carousel-shortcode-id-5b1d7f6aa573ead4ed202870ca72f690 .testimonial-position {\n  margin-bottom: 20px;\n}\n.testimonials-carousel-shortcode.testimonials-carousel-shortcode-id-5b1d7f6aa573ead4ed202870ca72f690 .testimonial-position,\n.testimonials-carousel-shortcode.testimonials-carousel-shortcode-id-5b1d7f6aa573ead4ed202870ca72f690 .testimonial-position span {\n  font-weight: bold;\n}\n.testimonials-carousel-shortcode.testimonials-carousel-shortcode-id-5b1d7f6aa573ead4ed202870ca72f690  .testimonial-avatar {\n  padding: 0px 20px 20px 0px;\n}\n.testimonials-carousel-shortcode.testimonials-carousel-shortcode-id-5b1d7f6aa573ead4ed202870ca72f690  .testimonial-avatar a,\n.testimonials-carousel-shortcode.testimonials-carousel-shortcode-id-5b1d7f6aa573ead4ed202870ca72f690  .testimonial-avatar span,\n.testimonials-carousel-shortcode.testimonials-carousel-shortcode-id-5b1d7f6aa573ead4ed202870ca72f690  .testimonial-avatar img {\n  max-width: 400px;\n}\n.testimonials-carousel-shortcode.testimonials-carousel-shortcode-id-5b1d7f6aa573ead4ed202870ca72f690 .dt-css-grid .testimonial-avatar img,\n.testimonials-carousel-shortcode.testimonials-carousel-shortcode-id-5b1d7f6aa573ead4ed202870ca72f690 .dt-css-grid .testimonial-avatar svg {\n  max-width: 100%;\n}\n.testimonials-carousel-shortcode.testimonials-carousel-shortcode-id-5b1d7f6aa573ead4ed202870ca72f690.layout-5:not(.hide-testimonial-avatar) .content-wrap,\n.testimonials-carousel-shortcode.testimonials-carousel-shortcode-id-5b1d7f6aa573ead4ed202870ca72f690.layout-6:not(.hide-testimonial-avatar) .content-wrap {\n  width: calc(100% - 400px - 20px - 0px);\n}\n.testimonials-carousel-shortcode.testimonials-carousel-shortcode-id-5b1d7f6aa573ead4ed202870ca72f690 .testimonial-content {\n  margin-bottom: 0px;\n}\n.testimonials-carousel-shortcode.testimonials-carousel-shortcode-id-5b1d7f6aa573ead4ed202870ca72f690  .testimonial-avatar,\n.testimonials-carousel-shortcode.testimonials-carousel-shortcode-id-5b1d7f6aa573ead4ed202870ca72f690  .testimonial-avatar a.rollover,\n.testimonials-carousel-shortcode.testimonials-carousel-shortcode-id-5b1d7f6aa573ead4ed202870ca72f690  .testimonial-avatar a.rollover *,\n.testimonials-carousel-shortcode.testimonials-carousel-shortcode-id-5b1d7f6aa573ead4ed202870ca72f690  .testimonial-avatar img,\n.testimonials-carousel-shortcode.testimonials-carousel-shortcode-id-5b1d7f6aa573ead4ed202870ca72f690  .testimonial-avatar .no-avatar,\n.testimonials-carousel-shortcode.testimonials-carousel-shortcode-id-5b1d7f6aa573ead4ed202870ca72f690  .testim-no-avatar {\n  border-radius: 30px;\n}\n.testimonials-carousel-shortcode.testimonials-carousel-shortcode-id-5b1d7f6aa573ead4ed202870ca72f690  .testimonial-avatar .no-avatar {\n  height: 400px;\n}\n.testimonials-carousel-shortcode.testimonials-carousel-shortcode-id-5b1d7f6aa573ead4ed202870ca72f690  .testimonial-avatar .no-avatar {\n  font-size: 400px;\n  width: 400px;\n}\n<\/style><div class=\"owl-carousel testimonials-carousel-shortcode dt-testimonials-shortcode dt-owl-carousel-call testimonials-carousel-shortcode-id-5b1d7f6aa573ead4ed202870ca72f690 content-align-center layout-1 content-bg-off bullets-small-dot-stroke reposition-arrows arrows-bg-on dt-arrow-border-on dt-arrow-hover-border-on disable-arrows-hover-bg arrows-hover-bg-on\" data-scroll-mode=\"1\" data-col-num=\"3\" data-wide-col-num=\"4\" data-laptop-col=\"3\" data-h-tablet-columns-num=\"2\" data-v-tablet-columns-num=\"1\" data-phone-columns-num=\"1\" data-auto-height=\"false\" data-col-gap=\"30\" data-stage-padding=\"0\" data-speed=\"600\" data-autoplay=\"false\" data-autoplay_speed=\"6000\" data-arrows=\"true\" data-bullet=\"false\" data-next-icon=\"icon-ar-017-r\" data-prev-icon=\"icon-ar-017-l\"><div class=\"testimonial-item\"><div class=\"testimonial-avatar\"><span class=\"testimonial-thumb\"><img loading=\"lazy\" decoding=\"async\" class=\"preload-me aspect\" src=\"https:\/\/sunclinic.ch\/wp-content\/uploads\/2024\/01\/IMG_0272-scaled-400x400.jpg\" srcset=\"https:\/\/sunclinic.ch\/wp-content\/uploads\/2024\/01\/IMG_0272-scaled-400x400.jpg 400w, https:\/\/sunclinic.ch\/wp-content\/uploads\/2024\/01\/IMG_0272-scaled-800x800.jpg 800w\" style=\"--ratio: 400 \/ 400\" sizes=\"auto, (max-width: 400px) 100vw, 400px\" width=\"400\" height=\"400\"  alt=\"IMG_0272-scaled-400x400 Dr. med. Ingrid B. Riedel\"   title=\"\" ><\/span><\/div><div class=\"content-wrap\"><div class=\"testimonial-vcard\"><div class=\"testimonial-name\"><span class=\"text-primary\">5. Januar 2024<\/span><br \/><\/div><div class=\"testimonial-position\"><\/div><\/div><div class=\"testimonial-content\"><\/div><\/div><\/div><div class=\"testimonial-item\"><div class=\"testimonial-avatar\"><span class=\"testimonial-thumb\"><img loading=\"lazy\" decoding=\"async\" class=\"preload-me aspect\" src=\"https:\/\/sunclinic.ch\/wp-content\/uploads\/2024\/01\/IMG_0274-scaled-400x400.jpg\" srcset=\"https:\/\/sunclinic.ch\/wp-content\/uploads\/2024\/01\/IMG_0274-scaled-400x400.jpg 400w, https:\/\/sunclinic.ch\/wp-content\/uploads\/2024\/01\/IMG_0274-scaled-800x800.jpg 800w\" style=\"--ratio: 400 \/ 400\" sizes=\"auto, (max-width: 400px) 100vw, 400px\" width=\"400\" height=\"400\"  alt=\"IMG_0274-scaled-400x400 Dr. med. Ingrid B. Riedel\"   title=\"\" ><\/span><\/div><div class=\"content-wrap\"><div class=\"testimonial-vcard\"><div class=\"testimonial-name\"><span class=\"text-primary\">6. November 2023<\/span><br \/><\/div><div class=\"testimonial-position\"><\/div><\/div><div class=\"testimonial-content\"><\/div><\/div><\/div><div class=\"testimonial-item\"><div class=\"testimonial-avatar\"><span class=\"testimonial-thumb\"><img loading=\"lazy\" decoding=\"async\" class=\"preload-me aspect\" src=\"https:\/\/sunclinic.ch\/wp-content\/uploads\/2024\/01\/IMG_0278-scaled-400x400.jpg\" srcset=\"https:\/\/sunclinic.ch\/wp-content\/uploads\/2024\/01\/IMG_0278-scaled-400x400.jpg 400w, https:\/\/sunclinic.ch\/wp-content\/uploads\/2024\/01\/IMG_0278-scaled-800x800.jpg 800w\" style=\"--ratio: 400 \/ 400\" sizes=\"auto, (max-width: 400px) 100vw, 400px\" width=\"400\" height=\"400\"  alt=\"IMG_0278-scaled-400x400 Dr. med. Ingrid B. Riedel\"   title=\"\" ><\/span><\/div><div class=\"content-wrap\"><div class=\"testimonial-vcard\"><div class=\"testimonial-name\"><span class=\"text-primary\">18. Oktober 2023<\/span><br \/><\/div><div class=\"testimonial-position\"><\/div><\/div><div class=\"testimonial-content\"><\/div><\/div><\/div><div class=\"testimonial-item\"><div class=\"testimonial-avatar\"><span class=\"testimonial-thumb\"><img loading=\"lazy\" decoding=\"async\" class=\"preload-me aspect\" src=\"https:\/\/sunclinic.ch\/wp-content\/uploads\/2023\/09\/IMG_7784-scaled-400x400.jpg\" srcset=\"https:\/\/sunclinic.ch\/wp-content\/uploads\/2023\/09\/IMG_7784-scaled-400x400.jpg 400w, https:\/\/sunclinic.ch\/wp-content\/uploads\/2023\/09\/IMG_7784-scaled-800x800.jpg 800w\" style=\"--ratio: 400 \/ 400\" sizes=\"auto, (max-width: 400px) 100vw, 400px\" width=\"400\" height=\"400\"  alt=\"IMG_7784-scaled-400x400 Dr. med. Ingrid B. Riedel\"   title=\"\" ><\/span><\/div><div class=\"content-wrap\"><div class=\"testimonial-vcard\"><div class=\"testimonial-name\"><span class=\"text-primary\">30. August 2023<\/span><br \/><\/div><div class=\"testimonial-position\"><\/div><\/div><div class=\"testimonial-content\"><\/div><\/div><\/div><div class=\"testimonial-item\"><div class=\"testimonial-avatar\"><span class=\"testimonial-thumb\"><img loading=\"lazy\" decoding=\"async\" class=\"preload-me aspect\" src=\"https:\/\/sunclinic.ch\/wp-content\/uploads\/2023\/06\/IMG_3942-1-scaled-400x400.jpg\" srcset=\"https:\/\/sunclinic.ch\/wp-content\/uploads\/2023\/06\/IMG_3942-1-scaled-400x400.jpg 400w, https:\/\/sunclinic.ch\/wp-content\/uploads\/2023\/06\/IMG_3942-1-scaled-800x800.jpg 800w\" style=\"--ratio: 400 \/ 400\" sizes=\"auto, (max-width: 400px) 100vw, 400px\" width=\"400\" height=\"400\"  alt=\"IMG_3942-1-scaled-400x400 Dr. med. Ingrid B. Riedel\"   title=\"\" ><\/span><\/div><div class=\"content-wrap\"><div class=\"testimonial-vcard\"><div class=\"testimonial-name\"><span class=\"text-primary\">16. Juni 2023<\/span><br \/><\/div><div class=\"testimonial-position\"><\/div><\/div><div class=\"testimonial-content\"><\/div><\/div><\/div><div class=\"testimonial-item\"><div class=\"testimonial-avatar\"><span class=\"testimonial-thumb\"><img loading=\"lazy\" decoding=\"async\" class=\"preload-me aspect\" src=\"https:\/\/sunclinic.ch\/wp-content\/uploads\/2023\/06\/IMG_3101-1-400x400.jpg\" srcset=\"https:\/\/sunclinic.ch\/wp-content\/uploads\/2023\/06\/IMG_3101-1-400x400.jpg 400w, https:\/\/sunclinic.ch\/wp-content\/uploads\/2023\/06\/IMG_3101-1-800x800.jpg 800w\" style=\"--ratio: 400 \/ 400\" sizes=\"auto, (max-width: 400px) 100vw, 400px\" width=\"400\" height=\"400\"  alt=\"IMG_3101-1-400x400 Dr. med. Ingrid B. Riedel\"   title=\"\" ><\/span><\/div><div class=\"content-wrap\"><div class=\"testimonial-vcard\"><div class=\"testimonial-name\"><span class=\"text-primary\">3. Mai 2023<\/span><br \/><\/div><div class=\"testimonial-position\"><\/div><\/div><div class=\"testimonial-content\"><\/div><\/div><\/div><\/div><\/div><\/div><\/div><\/div>","protected":false},"excerpt":{"rendered":"<p>Unsere Philosophie &#8222;Zeit, Verst\u00e4ndnis, Lebensqualit\u00e4t&#8220; das ist unser Mantra f\u00fcr jeden Patienten. Wir nehmen uns so viel Zeit f\u00fcr jeden Patienten, wie es eben braucht. Unabh\u00e4ngig vom Grund des Besuchs in unserer Praxis, wir haben Verst\u00e4ndnis f\u00fcr Sie. Unsere Therapien sollen nicht nur heilen, sondern auch Lebensqualit\u00e4t zur\u00fcckbringen bzw. erhalten. \u00dcber mich Nach meinem Studium&hellip;<\/p>","protected":false},"author":15,"featured_media":0,"parent":0,"menu_order":4,"comment_status":"closed","ping_status":"closed","template":"","meta":{"footnotes":""},"folder":[],"class_list":["post-22","page","type-page","status-publish","hentry","description-off"],"_links":{"self":[{"href":"https:\/\/sunclinic.ch\/en\/wp-json\/wp\/v2\/pages\/22","targetHints":{"allow":["GET"]}}],"collection":[{"href":"https:\/\/sunclinic.ch\/en\/wp-json\/wp\/v2\/pages"}],"about":[{"href":"https:\/\/sunclinic.ch\/en\/wp-json\/wp\/v2\/types\/page"}],"author":[{"embeddable":true,"href":"https:\/\/sunclinic.ch\/en\/wp-json\/wp\/v2\/users\/15"}],"replies":[{"embeddable":true,"href":"https:\/\/sunclinic.ch\/en\/wp-json\/wp\/v2\/comments?post=22"}],"version-history":[{"count":12,"href":"https:\/\/sunclinic.ch\/en\/wp-json\/wp\/v2\/pages\/22\/revisions"}],"predecessor-version":[{"id":1897,"href":"https:\/\/sunclinic.ch\/en\/wp-json\/wp\/v2\/pages\/22\/revisions\/1897"}],"wp:attachment":[{"href":"https:\/\/sunclinic.ch\/en\/wp-json\/wp\/v2\/media?parent=22"}],"wp:term":[{"taxonomy":"folder","embeddable":true,"href":"https:\/\/sunclinic.ch\/en\/wp-json\/wp\/v2\/folder?post=22"}],"curies":[{"name":"wp","href":"https:\/\/api.w.org\/{rel}","templated":true}]}}