{"id":2073,"date":"2024-10-08T07:51:39","date_gmt":"2024-10-08T05:51:39","guid":{"rendered":"https:\/\/sunclinic.ch\/?page_id=2073"},"modified":"2024-10-08T21:05:44","modified_gmt":"2024-10-08T19:05:44","slug":"ferien-aus-dem-buechsli","status":"publish","type":"page","link":"https:\/\/sunclinic.ch\/en\/ferien-aus-dem-buechsli\/","title":{"rendered":"Ferien aus dem Buechsli"},"content":{"rendered":"<div class=\"vc_row wpb_row vc_row-fluid\"><div class=\"wpb_column vc_column_container vc_col-sm-12\"><div class=\"vc_column-inner\"><div class=\"wpb_wrapper\"><div id=\"ultimate-heading-431969d43e9d311b8\" class=\"uvc-heading ult-adjust-bottom-margin ultimate-heading-431969d43e9d311b8 uvc-3400  uvc-heading-default-font-sizes\" data-hspacer=\"no_spacer\"  data-halign=\"center\" style=\"text-align:center\"><div class=\"uvc-heading-spacer no_spacer\" style=\"top\"><\/div><div class=\"uvc-main-heading ult-responsive\"  data-ultimate-target='.uvc-heading.ultimate-heading-431969d43e9d311b8 h2'  data-responsive-json-new='{\"font-size\":\"\",\"line-height\":\"\"}' ><h2 style=\"--font-weight:theme;margin-bottom:16px;\">Ferien aus dem B\u00fcchsli Formel<\/h2><\/div><\/div><\/div><\/div><\/div><\/div><div class=\"vc_row wpb_row vc_row-fluid vc_column-gap-35 vc_row-o-equal-height vc_row-flex\"><div class=\"wpb_column vc_column_container vc_col-sm-4 vc_col-has-fill\"><div class=\"vc_column-inner vc_custom_1568719383078\"><div class=\"wpb_wrapper\">\n\t<div  class=\"wpb_single_image wpb_content_element vc_align_center  vc_custom_1728366465766\">\n\t\t\n\t\t<figure class=\"wpb_wrapper vc_figure\">\n\t\t\t<div class=\"vc_single_image-wrapper   vc_box_border_grey\"><img loading=\"lazy\" decoding=\"async\" class=\"vc_single_image-img\" src=\"https:\/\/sunclinic.ch\/wp-content\/uploads\/2024\/10\/Firefly-mann-liegt-am-Boden-ist-krank-von-zuviel-Handy-Fernsehen-schauen-Buecherlesen-24839-600x600.jpg\" width=\"600\" height=\"600\"  alt=\"Firefly-mann-liegt-am-Boden-ist-krank-von-zuviel-Handy-Fernsehen-schauen-Buecherlesen-24839-600x600 Ferien aus dem Buechsli\"   title=\"\"   data-dt-location=\"https:\/\/sunclinic.ch\/en\/ferien-aus-dem-buechsli\/firefly-mann-liegt-am-boden-ist-krank-von-zuviel-handy-fernsehen-schauen-buecherlesen-24839\/\" \/><\/div>\n\t\t<\/figure>\n\t<\/div>\n<div id=\"ultimate-heading-201669d43e9d31bb9\" class=\"uvc-heading ult-adjust-bottom-margin ultimate-heading-201669d43e9d31bb9 uvc-5713  uvc-heading-default-font-sizes\" data-hspacer=\"no_spacer\"  data-halign=\"center\" style=\"text-align:center\"><div class=\"uvc-heading-spacer no_spacer\" style=\"top\"><\/div><div class=\"uvc-main-heading ult-responsive\"  data-ultimate-target='.uvc-heading.ultimate-heading-201669d43e9d31bb9 h3'  data-responsive-json-new='{\"font-size\":\"\",\"line-height\":\"\"}' ><h3 style=\"font-weight:bold;margin-bottom:50px;\">Keine Zeit f\u00fcr Burnout?<\/h3><\/div><\/div><div class=\"vc_custom_1728413611731 ubtn-ctn-center\"><a class=\"ubtn-link ult-adjust-bottom-margin ubtn-center ubtn-small\" href=\"https:\/\/sunclinic.ch\/en\/coaching-zuerich\/\" title=\"Coaching Zuerich\" ><button type=\"button\" id=\"ubtn-4917\"  class=\"ubtn ult-adjust-bottom-margin ult-responsive ubtn-small ubtn-no-hover-bg  none  ubtn-center   tooltip-69d43e9d31be0\"  data-hover=\"\" data-border-color=\"#3c3c3b\" data-bg=\"\" data-hover-bg=\"\" data-border-hover=\"\" data-shadow-hover=\"\" data-shadow-click=\"none\" data-shadow=\"\" data-shd-shadow=\"\"  data-ultimate-target='#ubtn-4917'  data-responsive-json-new='{\"font-size\":\"desktop:16px;\",\"line-height\":\"desktop:16px;\"}'  style=\"font-weight:normal;border-radius:0px;border-width:1px;border-color:#3c3c3b;border-style:solid;color: #3c3c3b;\"><span class=\"ubtn-hover\" style=\"background-color:\"><\/span><span class=\"ubtn-data ubtn-text\" >More Information<\/span><\/button><\/a><\/div><div class=\"vc_empty_space\"   style=\"height: 32px\"><span class=\"vc_empty_space_inner\"><\/span><\/div><\/div><\/div><\/div><div class=\"wpb_column vc_column_container vc_col-sm-4 vc_col-has-fill\"><div class=\"vc_column-inner vc_custom_1557152432485\"><div class=\"wpb_wrapper\">\n\t<div  class=\"wpb_single_image wpb_content_element vc_align_center  vc_custom_1728366512043\">\n\t\t\n\t\t<figure class=\"wpb_wrapper vc_figure\">\n\t\t\t<div class=\"vc_single_image-wrapper   vc_box_border_grey\"><img loading=\"lazy\" decoding=\"async\" class=\"vc_single_image-img\" src=\"https:\/\/sunclinic.ch\/wp-content\/uploads\/2024\/10\/Firefly-Eine-Frau-mit-Rock-kommt-angerannt-mit-einer-Vitaminbuechse-in-der-Hand-49669-600x600.jpg\" width=\"600\" height=\"600\"  alt=\"Firefly-Eine-Frau-mit-Rock-kommt-angerannt-mit-einer-Vitaminbuechse-in-der-Hand-49669-600x600 Ferien aus dem Buechsli\"   title=\"\"   data-dt-location=\"https:\/\/sunclinic.ch\/en\/ferien-aus-dem-buechsli\/firefly-eine-frau-mit-rock-kommt-angerannt-mit-einer-vitaminbuechse-in-der-hand-49669\/\" \/><\/div>\n\t\t<\/figure>\n\t<\/div>\n<div id=\"ultimate-heading-918669d43e9d322da\" class=\"uvc-heading ult-adjust-bottom-margin ultimate-heading-918669d43e9d322da uvc-3102  uvc-heading-default-font-sizes\" data-hspacer=\"no_spacer\"  data-halign=\"center\" style=\"text-align:center\"><div class=\"uvc-heading-spacer no_spacer\" style=\"top\"><\/div><div class=\"uvc-main-heading ult-responsive\"  data-ultimate-target='.uvc-heading.ultimate-heading-918669d43e9d322da h3'  data-responsive-json-new='{\"font-size\":\"\",\"line-height\":\"\"}' ><h3 style=\"font-weight:bold;margin-bottom:16px;\">Erholung und Ferienfeeling aus dem B\u00fcchsli<\/h3><\/div><\/div><div class=\"vc_custom_1728413709661 ubtn-ctn-center\"><a class=\"ubtn-link ult-adjust-bottom-margin ubtn-center ubtn-small\" href=\"https:\/\/sunclinic.ch\/en\/\" title=\"Sunclinic AG Zuerich\" ><button type=\"button\" id=\"ubtn-2556\"  class=\"ubtn ult-adjust-bottom-margin ult-responsive ubtn-small ubtn-no-hover-bg  none  ubtn-center   tooltip-69d43e9d3230a\"  data-hover=\"\" data-border-color=\"#3c3c3b\" data-bg=\"\" data-hover-bg=\"\" data-border-hover=\"\" data-shadow-hover=\"\" data-shadow-click=\"none\" data-shadow=\"\" data-shd-shadow=\"\"  data-ultimate-target='#ubtn-2556'  data-responsive-json-new='{\"font-size\":\"desktop:16px;\",\"line-height\":\"desktop:16px;\"}'  style=\"font-weight:normal;border-radius:0px;border-width:1px;border-color:#3c3c3b;border-style:solid;color: #3c3c3b;\"><span class=\"ubtn-hover\" style=\"background-color:\"><\/span><span class=\"ubtn-data ubtn-text\" >More Information<\/span><\/button><\/a><\/div><div class=\"vc_empty_space\"   style=\"height: 32px\"><span class=\"vc_empty_space_inner\"><\/span><\/div><\/div><\/div><\/div><div class=\"wpb_column vc_column_container vc_col-sm-4 vc_col-has-fill\"><div class=\"vc_column-inner vc_custom_1557157347796\"><div class=\"wpb_wrapper\">\n\t<div  class=\"wpb_single_image wpb_content_element vc_align_center  vc_custom_1728414112362\">\n\t\t\n\t\t<figure class=\"wpb_wrapper vc_figure\">\n\t\t\t<div class=\"vc_single_image-wrapper   vc_box_border_grey\"><img loading=\"lazy\" decoding=\"async\" class=\"vc_single_image-img\" src=\"https:\/\/sunclinic.ch\/wp-content\/uploads\/2024\/10\/Firefly-Mann-der-den-Zeigefinger-auf-dem-Mund-hat-und-dabei-zum-Schweigen-animiert-67896.jpg\" width=\"512\" height=\"512\"  alt=\"Firefly-Mann-der-den-Zeigefinger-auf-dem-Mund-hat-und-dabei-zum-Schweigen-animiert-67896 Ferien aus dem Buechsli\"   title=\"\"   data-dt-location=\"https:\/\/sunclinic.ch\/en\/ferien-aus-dem-buechsli\/firefly-mann-der-den-zeigefinger-auf-dem-mund-hat-und-dabei-zum-schweigen-animiert-67896\/\" \/><\/div>\n\t\t<\/figure>\n\t<\/div>\n<div id=\"ultimate-heading-325669d43e9d32992\" class=\"uvc-heading ult-adjust-bottom-margin ultimate-heading-325669d43e9d32992 uvc-3404  uvc-heading-default-font-sizes\" data-hspacer=\"no_spacer\"  data-halign=\"center\" style=\"text-align:center\"><div class=\"uvc-heading-spacer no_spacer\" style=\"top\"><\/div><div class=\"uvc-main-heading ult-responsive\"  data-ultimate-target='.uvc-heading.ultimate-heading-325669d43e9d32992 h3'  data-responsive-json-new='{\"font-size\":\"\",\"line-height\":\"\"}' ><h3 style=\"font-weight:bold;margin-bottom:16px;\">Geheimtipp zum gesund durchstarten<\/h3><\/div><\/div><div class=\"vc_custom_1728413822606 ubtn-ctn-center\"><a class=\"ubtn-link ult-adjust-bottom-margin ubtn-center ubtn-small\" href=\"https:\/\/sunclinic.ch\/en\/clever-aging\/\" title=\"Clever Aging\" ><button type=\"button\" id=\"ubtn-9137\"  class=\"ubtn ult-adjust-bottom-margin ult-responsive ubtn-small ubtn-no-hover-bg  none  ubtn-center   tooltip-69d43e9d329b5\"  data-hover=\"\" data-border-color=\"#3c3c3b\" data-bg=\"\" data-hover-bg=\"\" data-border-hover=\"\" data-shadow-hover=\"\" data-shadow-click=\"none\" data-shadow=\"\" data-shd-shadow=\"\"  data-ultimate-target='#ubtn-9137'  data-responsive-json-new='{\"font-size\":\"desktop:16px;\",\"line-height\":\"desktop:16px;\"}'  style=\"font-weight:normal;border-radius:0px;border-width:1px;border-color:#3c3c3b;border-style:solid;color: #3c3c3b;\"><span class=\"ubtn-hover\" style=\"background-color:\"><\/span><span class=\"ubtn-data ubtn-text\" >More Information<\/span><\/button><\/a><\/div><div class=\"vc_empty_space\"   style=\"height: 32px\"><span class=\"vc_empty_space_inner\"><\/span><\/div><\/div><\/div><\/div><\/div>","protected":false},"excerpt":{"rendered":"<p>Ferien aus dem B\u00fcchsli Formel Keine Zeit f\u00fcr Burnout?Mehr Informationen Erholung und Ferienfeeling aus dem B\u00fcchsliMehr Informationen Geheimtipp zum gesund durchstartenMehr Informationen<\/p>","protected":false},"author":10,"featured_media":0,"parent":0,"menu_order":1,"comment_status":"closed","ping_status":"closed","template":"","meta":{"footnotes":""},"folder":[],"class_list":["post-2073","page","type-page","status-publish","hentry","description-off"],"_links":{"self":[{"href":"https:\/\/sunclinic.ch\/en\/wp-json\/wp\/v2\/pages\/2073","targetHints":{"allow":["GET"]}}],"collection":[{"href":"https:\/\/sunclinic.ch\/en\/wp-json\/wp\/v2\/pages"}],"about":[{"href":"https:\/\/sunclinic.ch\/en\/wp-json\/wp\/v2\/types\/page"}],"author":[{"embeddable":true,"href":"https:\/\/sunclinic.ch\/en\/wp-json\/wp\/v2\/users\/10"}],"replies":[{"embeddable":true,"href":"https:\/\/sunclinic.ch\/en\/wp-json\/wp\/v2\/comments?post=2073"}],"version-history":[{"count":12,"href":"https:\/\/sunclinic.ch\/en\/wp-json\/wp\/v2\/pages\/2073\/revisions"}],"predecessor-version":[{"id":2092,"href":"https:\/\/sunclinic.ch\/en\/wp-json\/wp\/v2\/pages\/2073\/revisions\/2092"}],"wp:attachment":[{"href":"https:\/\/sunclinic.ch\/en\/wp-json\/wp\/v2\/media?parent=2073"}],"wp:term":[{"taxonomy":"folder","embeddable":true,"href":"https:\/\/sunclinic.ch\/en\/wp-json\/wp\/v2\/folder?post=2073"}],"curies":[{"name":"wp","href":"https:\/\/api.w.org\/{rel}","templated":true}]}}