{"id":1986,"date":"2023-10-22T20:12:38","date_gmt":"2023-10-22T18:12:38","guid":{"rendered":"https:\/\/sunclinic.ch\/?page_id=1986"},"modified":"2023-10-22T20:16:58","modified_gmt":"2023-10-22T18:16:58","slug":"rife-plasma","status":"publish","type":"page","link":"https:\/\/sunclinic.ch\/en\/rife-plasma\/","title":{"rendered":"Rife Plasma"},"content":{"rendered":"<section class=\"container py-5 my-1 my-md-4 my-lg-5\">\n<div class=\"row\">\n<div class=\"col-lg-7 mb-4 mb-lg-0\">\n<div class=\"pe-lg-4 me-lg-3 pe-xl-0 me-xl-0\"><\/div>\n<\/div>\n<div class=\"col-lg-5 col-xl-4 offset-xl-1 border-start-lg\">\n<blockquote>\n<div class=\"ps-lg-4 ms-lg-3\">\n<section class=\"container py-5 my-1 my-md-4 my-lg-5\">\n<div class=\"row\">\n<div class=\"col-lg-7 mb-4 mb-lg-0\">\n<div class=\"pe-lg-4 me-lg-3 pe-xl-0 me-xl-0\">\n<h2 class=\"h1 mb-4\">Warum Plasma<\/h2>\n<p class=\"fs-lg\">Der Rifetech\u00ae-Plasmastrahler kann auf seine Art mit einem Musikinstrument verglichen werden.\u00a0Eine auf einen bestimmten Ton gestimmte Saite klingt auf dem Klavier, der Geige oder der Gitarre unterschiedlich.\u00a0Die akustischen Besonderheiten von Musikinstrumenten werden durch Schwebungen und harmonische Frequenzen verursacht.\u00a0Mit anderen Worten: Ein einzelner Ton wird zu einem komplexen Bereich aliquoter T\u00f6ne, der die charakteristische Farbe des Klangs bestimmt.\u00a0Plasma fungiert als elektrischer Mixer, der harmonische Wellen und \u00dcberlagerungsnachhall erzeugt.\u00a0Damit ionisiertes Gas als Plasma betrachtet werden kann, muss es ein kollektives Verhalten zeigen, n\u00e4mlich die F\u00e4higkeit, gemeinsam auf elektrische und magnetische Felder zu reagieren und diese gleichzeitig durch seine Bewegung zu erzeugen.\u00a0Das zweite grundlegende Merkmal ist die Quasi-Neutralit\u00e4t.\u00a0Dabei geht es um ann\u00e4hernd gleiche Konzentrationen positiv geladener Ionen und negativ geladener Elektronen.\u00a0Plasma enth\u00e4lt freie elektrische Ladungen und ist daher elektrisch leitend.\u00a0Aus diesem Grund ist es das ideale Medium zum Mischen und \u00dcbertragen unterschiedlicher Signalarten.\u00a0Eine Plasmar\u00f6hre sendet gepulste elektrische und magnetische Spektren aus, die Terahertz-Frequenzen erreichen, die sich in der R\u00f6tung des Plasmas manifestieren, und diese Frequenzen breiten sich gleichm\u00e4\u00dfig in alle Richtungen aus.<\/p>\n<h3>Das Potenzial der Verwendung von Niedertemperaturplasma f\u00fcr therapeutische Zwecke<\/h3>\n<p class=\"fs-lg\">Kaltes atmosph\u00e4risches Plasma (CAP) ist ein teilweise ionisiertes Gas bei Raumtemperatur.\u00a0Es besteht aus einer reaktiven Mischung aus Elektronen, Ionen, Atomen und Molek\u00fclen im angeregten Zustand, reaktiven Substanzen (wie O 3 , NO, NO 2 usw.), UV-Strahlung, elektromagnetischen Feldern und W\u00e4rme.\u00a0Es dringt in Bakterien, Viren und Pilze ein und zerst\u00f6rt deren in der Zelle frei verf\u00fcgbare DNA, um Mikroorganismen zu deaktivieren.\u00a0Menschliche eukaryotische Zellen sind jedoch vor den Auswirkungen vor\u00fcbergehend angewendeter CAP gesch\u00fctzt, da ihre DNA zus\u00e4tzlich durch eine Kernmembran gesch\u00fctzt ist.\u00a0Bisher sind uns keine Gewebesch\u00e4digungen durch die Behandlung mit Plasma Care bekannt.<\/p>\n<h3>Plasma als Energiespiegel\/Spin-Therapie<\/h3>\n<p class=\"fs-lg\">Neben der F\u00e4higkeit, unterschiedliche Spektren elektromagnetischer Strahlung zu emittieren, verf\u00fcgt Plasma \u00fcber die einzigartige Eigenschaft, elektromagnetische Wellen auf die gleiche Weise wie ein Spiegel zu reflektieren.\u00a0Dank dieser Eigenschaft k\u00f6nnen beispielsweise Radiowellen von der Ionosph\u00e4re reflektiert werden, wodurch sich das Signal \u00fcber gro\u00dfe Entfernungen ausbreiten kann.<\/p>\n<p class=\"fs-lg\">Ebenso kann der RIFETECH\u00ae Plasmastrahler menschliche bioelektromagnetische Strahlung, sogenannte Biofelder, reflektieren.\u00a0Somit kann der Plasmastrahler zus\u00e4tzlich zur Emission des Therapiesignals die Eigenstrahlung des Patienten reflektieren und die beiden Signale k\u00f6nnen dann synergetisch kombiniert werden.\u00a0Durch diese energetische Wechselwirkung zwischen Plasma und K\u00f6rper kann die therapeutische Wirkung verst\u00e4rkt werden.<\/p>\n<\/div>\n<\/div>\n<div class=\"col-lg-5 col-xl-4 offset-xl-1 border-start-lg\">\n<div class=\"ps-lg-4 ms-lg-3\"><\/div>\n<\/div>\n<\/div>\n<\/section>\n<footer class=\"footer bg-secondary pt-5 pb-4 pb-lg-5\">\n<div class=\"container pt-lg-4\">\n<div class=\"row pb-5\">\n<div class=\"col-lg-4 col-md-6\">\n<div class=\"navbar-brand text-dark p-0 me-0 mb-3 mb-lg-4\">Quelle: https:\/\/www.rifetech.eu\/why-plasma (\u00dcbersetzung aus dem Englischen)<\/div>\n<\/div>\n<\/div>\n<\/div>\n<\/footer>\n<\/div>\n<\/blockquote>\n<\/div>\n<\/div>\n<\/section>\n<footer class=\"footer bg-secondary pt-5 pb-4 pb-lg-5\">\n<div class=\"container pt-lg-4\">\n<div class=\"row pb-5\">\n<div class=\"col-lg-4 col-md-6\">\n<div class=\"navbar-brand text-dark p-0 me-0 mb-3 mb-lg-4\"><\/div>\n<\/div>\n<\/div>\n<\/div>\n<\/footer>","protected":false},"excerpt":{"rendered":"<p>Warum Plasma Der Rifetech\u00ae-Plasmastrahler kann auf seine Art mit einem Musikinstrument verglichen werden.\u00a0Eine auf einen bestimmten Ton gestimmte Saite klingt auf dem Klavier, der Geige oder der Gitarre unterschiedlich.\u00a0Die akustischen Besonderheiten von Musikinstrumenten werden durch Schwebungen und harmonische Frequenzen verursacht.\u00a0Mit anderen Worten: Ein einzelner Ton wird zu einem komplexen Bereich aliquoter T\u00f6ne, der die charakteristische&hellip;<\/p>","protected":false},"author":10,"featured_media":0,"parent":0,"menu_order":0,"comment_status":"closed","ping_status":"closed","template":"","meta":{"footnotes":""},"folder":[],"class_list":["post-1986","page","type-page","status-publish","hentry","description-off"],"_links":{"self":[{"href":"https:\/\/sunclinic.ch\/en\/wp-json\/wp\/v2\/pages\/1986","targetHints":{"allow":["GET"]}}],"collection":[{"href":"https:\/\/sunclinic.ch\/en\/wp-json\/wp\/v2\/pages"}],"about":[{"href":"https:\/\/sunclinic.ch\/en\/wp-json\/wp\/v2\/types\/page"}],"author":[{"embeddable":true,"href":"https:\/\/sunclinic.ch\/en\/wp-json\/wp\/v2\/users\/10"}],"replies":[{"embeddable":true,"href":"https:\/\/sunclinic.ch\/en\/wp-json\/wp\/v2\/comments?post=1986"}],"version-history":[{"count":4,"href":"https:\/\/sunclinic.ch\/en\/wp-json\/wp\/v2\/pages\/1986\/revisions"}],"predecessor-version":[{"id":1988,"href":"https:\/\/sunclinic.ch\/en\/wp-json\/wp\/v2\/pages\/1986\/revisions\/1988"}],"wp:attachment":[{"href":"https:\/\/sunclinic.ch\/en\/wp-json\/wp\/v2\/media?parent=1986"}],"wp:term":[{"taxonomy":"folder","embeddable":true,"href":"https:\/\/sunclinic.ch\/en\/wp-json\/wp\/v2\/folder?post=1986"}],"curies":[{"name":"wp","href":"https:\/\/api.w.org\/{rel}","templated":true}]}}