{"id":1297,"date":"2020-02-06T13:10:37","date_gmt":"2020-02-06T12:10:37","guid":{"rendered":"https:\/\/sunclinic.ch\/therapien\/metatron-nls-diagnostic-copy\/"},"modified":"2020-02-06T13:34:55","modified_gmt":"2020-02-06T12:34:55","slug":"metatron-nls-diagnostic-therapie","status":"publish","type":"page","link":"https:\/\/sunclinic.ch\/en\/therapien\/metatron-nls-diagnostic-therapie\/","title":{"rendered":"Metatron NLS Diagnostic Therapie"},"content":{"rendered":"<div class=\"vc_row wpb_row vc_row-fluid\"><div class=\"wpb_column vc_column_container vc_col-sm-12\"><div class=\"vc_column-inner\"><div class=\"wpb_wrapper\"><div id=\"ultimate-heading-136069d4530c7dd49\" class=\"uvc-heading ult-adjust-bottom-margin ultimate-heading-136069d4530c7dd49 uvc-4558  uvc-heading-default-font-sizes\" data-hspacer=\"no_spacer\"  data-halign=\"center\" style=\"text-align:center\"><div class=\"uvc-heading-spacer no_spacer\" style=\"top\"><\/div><div class=\"uvc-main-heading ult-responsive\"  data-ultimate-target='.uvc-heading.ultimate-heading-136069d4530c7dd49 h2'  data-responsive-json-new='{\"font-size\":\"\",\"line-height\":\"\"}' ><h2 style=\"--font-weight:theme;margin-bottom:16px;\">Metatron NLS Diagnostic<\/h2><\/div><div class=\"uvc-sub-heading ult-responsive\"  data-ultimate-target='.uvc-heading.ultimate-heading-136069d4530c7dd49 .uvc-sub-heading '  data-responsive-json-new='{\"font-size\":\"\",\"line-height\":\"\"}'  style=\"font-weight:normal;margin-top:16px;margin-bottom:50px;\"><\/p>\n<h5>The Metatron NLS Diagnostic - Nonlinear Systems - is a new and highly effective diagnostic method. NLS is not only suitable for diagnosis but also for disease prevention, such as burnout syndrome. The Metatron NLS Diagnostic merges a new technology with what we know from conventional medicine.<\/h5>\n<p><\/div><\/div><div class=\"vc_empty_space\"   style=\"height: 32px\"><span class=\"vc_empty_space_inner\"><\/span><\/div>\n\t<div class=\"wpb_text_column wpb_content_element\" >\n\t\t<div class=\"wpb_wrapper\">\n\t\t\t<p style=\"text-align: left;\">Entwickelt wurde die Methode in den 60er Jahren vom russischen Quantenphysiker Svjatoslav Pavlovitsch Nesterov. Genutzt wurde es damals im Rahmen von <a href=\"https:\/\/www.youtube.com\/watch?v=H--g3LNLYdE\" target=\"_blank\" rel=\"noopener\">Weltraummedizin<\/a> in der Sowjet-Union. Den Einzug in den Westen und den medizinischen Bereich bei uns fand die Technologie erst nach der Aufl\u00f6sung der Union, mit der anschliessenden Privatisierung von Metatron NLS Diagnostic.<\/p>\n<p style=\"text-align: left;\">In der medizinischen Praxis ist die Anwendung von Metatron NLS Diagnstic durch eine erfahrene \u00c4rztin sehr einfach, auch wenn sich das System auf Anhieb relativ komplex anh\u00f6rt. Sie setzen lediglich eine Art Kopfh\u00f6rer auf in dem sich ein Trigger-Sensor befindet, welcher ein schwaches Magnetfeld aufbaut und dann Ver\u00e4nderungen der Organ-Eigenfrequenz misst. Unsere Organe besitzen alle eine Basisfrequenz in Form von Schwingungen, die mit dem Metatron gemessen wird. Sind Prozesse im Gange, welche die Zellzerst\u00f6rung der Organe einleiten, ver\u00e4ndert sich die betreffende Frequenz des Organs. Es wird sogenannte &#8222;Zellinformation&#8220; frei. Je nach Sch\u00e4digung ist diese Frequenz lauter oder eben im Normalbereich, wenn die Organe optimal funktionieren. Die erhaltenen Werte werden mit einer Datenbank abgeglichen. Die Datenbank enth\u00e4lt die Frequenzen von Mikroorganismen wie auch die von Krankheiten. Dargestellt wird die Analyse bildlich an einem 3-D K\u00f6rpermodell anhand eines Farbrasters wo dann auch exakt die Stellen aufgezeigt werden k\u00f6nnen, wo Organe geschw\u00e4cht oder bereits gesch\u00e4digt sind. Metatron erm\u00f6glicht es sogar bis auf Zellebene vorzudringen und so allf\u00e4llige Schwachpunkte zu entdecken und sie zu behandeln.<\/p>\n\n\t\t<\/div>\n\t<\/div>\n<\/div><\/div><\/div><\/div>","protected":false},"excerpt":{"rendered":"<p>Metatron NLS Diagnostic Das Metatron NLS Diagnostic\u00a0 &#8211; Nichtlineare Systeme &#8211; ist eine neue und h\u00f6chst effektive Untersuchungsmethode. NLS eignet sich nicht nur f\u00fcr die Diagnostik, sondern auch zur Vorbeugung von Krankheiten, wie beispielsweise dem Burnout-Syndrom. Das Metatron NLS Diagnostic verschmilzt eine neue Technologie mit dem, was wir aus der konventionellen Medizin kennen. Entwickelt wurde&hellip;<\/p>","protected":false},"author":15,"featured_media":628,"parent":6,"menu_order":5,"comment_status":"closed","ping_status":"closed","template":"","meta":{"footnotes":""},"folder":[],"class_list":["post-1297","page","type-page","status-publish","has-post-thumbnail","hentry","description-off"],"_links":{"self":[{"href":"https:\/\/sunclinic.ch\/en\/wp-json\/wp\/v2\/pages\/1297","targetHints":{"allow":["GET"]}}],"collection":[{"href":"https:\/\/sunclinic.ch\/en\/wp-json\/wp\/v2\/pages"}],"about":[{"href":"https:\/\/sunclinic.ch\/en\/wp-json\/wp\/v2\/types\/page"}],"author":[{"embeddable":true,"href":"https:\/\/sunclinic.ch\/en\/wp-json\/wp\/v2\/users\/15"}],"replies":[{"embeddable":true,"href":"https:\/\/sunclinic.ch\/en\/wp-json\/wp\/v2\/comments?post=1297"}],"version-history":[{"count":0,"href":"https:\/\/sunclinic.ch\/en\/wp-json\/wp\/v2\/pages\/1297\/revisions"}],"up":[{"embeddable":true,"href":"https:\/\/sunclinic.ch\/en\/wp-json\/wp\/v2\/pages\/6"}],"wp:featuredmedia":[{"embeddable":true,"href":"https:\/\/sunclinic.ch\/en\/wp-json\/wp\/v2\/media\/628"}],"wp:attachment":[{"href":"https:\/\/sunclinic.ch\/en\/wp-json\/wp\/v2\/media?parent=1297"}],"wp:term":[{"taxonomy":"folder","embeddable":true,"href":"https:\/\/sunclinic.ch\/en\/wp-json\/wp\/v2\/folder?post=1297"}],"curies":[{"name":"wp","href":"https:\/\/api.w.org\/{rel}","templated":true}]}}