{"id":1279,"date":"2020-02-04T14:55:57","date_gmt":"2020-02-04T13:55:57","guid":{"rendered":"https:\/\/sunclinic.ch\/therapien\/elektroakupunktur-nach-voll-copy\/"},"modified":"2020-02-04T15:38:47","modified_gmt":"2020-02-04T14:38:47","slug":"elektroakupunktur-nach-voll-diagnostik","status":"publish","type":"page","link":"https:\/\/sunclinic.ch\/en\/diagnostik\/elektroakupunktur-nach-voll-diagnostik\/","title":{"rendered":"Elektroakupunktur nach Voll Diagnostik"},"content":{"rendered":"<div class=\"vc_row wpb_row vc_row-fluid\"><div class=\"wpb_column vc_column_container vc_col-sm-12\"><div class=\"vc_column-inner\"><div class=\"wpb_wrapper\"><div id=\"ultimate-heading-188069d454527027b\" class=\"uvc-heading ult-adjust-bottom-margin ultimate-heading-188069d454527027b uvc-8201  uvc-heading-default-font-sizes\" data-hspacer=\"no_spacer\"  data-halign=\"center\" style=\"text-align:center\"><div class=\"uvc-heading-spacer no_spacer\" style=\"top\"><\/div><div class=\"uvc-main-heading ult-responsive\"  data-ultimate-target='.uvc-heading.ultimate-heading-188069d454527027b h2'  data-responsive-json-new='{\"font-size\":\"\",\"line-height\":\"\"}' ><h2 style=\"--font-weight:theme;margin-bottom:16px;\">Electroacupuncture by Voll<\/h2><\/div><div class=\"uvc-sub-heading ult-responsive\"  data-ultimate-target='.uvc-heading.ultimate-heading-188069d454527027b .uvc-sub-heading '  data-responsive-json-new='{\"font-size\":\"\",\"line-height\":\"\"}'  style=\"font-weight:normal;margin-top:16px;\"><\/p>\n<h5>The Electroacupuncture by Voll measurement method is capable of combining diagnostic and therapeutic procedures within itself.<\/h5>\n<p><\/div><\/div><\/div><\/div><\/div><\/div><div class=\"vc_row wpb_row vc_row-fluid vc_custom_1561013204622\"><div class=\"wpb_column vc_column_container vc_col-sm-12\"><div class=\"vc_column-inner\"><div class=\"wpb_wrapper\">\n\t<div class=\"wpb_text_column wpb_content_element\" >\n\t\t<div class=\"wpb_wrapper\">\n\t\t\t<p><strong>The procedure<\/strong><\/p>\n<p>In <a href=\"https:\/\/www.ortho-bio-med.ch\/de\/metodi-diagnostici\/elettroagopuntura-secondo-voll-eav\/\" target=\"_blank\" rel=\"noopener\">Electroacupuncture by Voll<\/a> (EAV) werden mit einem speziellen Ger\u00e4t Messungen an den Endpunk\u00adten der Meridiane vorgenommen. Dabei wir die elektrische Leitf\u00e4higkeit an H\u00e4nden und F\u00fcssen festgestellt.<\/p>\n<p><strong><br \/>\nDie Wirkung<\/strong><\/p>\n<p>Die auf den klassischen Meridianen (z.B., Ma\u00adgenmeridian) liegenden Punkte spiegeln dabei den Funktionszustand des Organs wieder. Krankhafte Prozesse f\u00fchren zu einer \u00c4nderung der elektrischen Leitf\u00e4higkeit an den Akupunk\u00adturpunkten.<\/p>\n<p>Mit der <a href=\"https:\/\/sunclinic.ch\/en\/therapien\/elektroakupunktur-nach-voll\/\">EAV-Messmethode<\/a> k\u00f6nnen die Zu\u00adsammenh\u00e4nge zwischen Krankheitsprozessen (z.B. Gastritis, Ulcus) und -herden ( z.B. Tons\u00adillen, Z\u00e4hnen) sofort erkannt werden.<\/p>\n<p>EAV kann als Synthese von klassischer Aku\u00adpunktur und Hom\u00f6opathie verstanden werden. Unsere EAV-Methode eignet sich besonders bei:<\/p>\n<ul>\n<li>Neurodermatitis<\/li>\n<li>Allergies, hay fever<\/li>\n<li>Acne vulgaris, skin diseases<\/li>\n<li>Bronchial asthma and bronchitis<\/li>\n<li>Migraine, decrease in performance<\/li>\n<li>Metabolic diseases<\/li>\n<li>Gastrointestinal diseases<\/li>\n<li>To strengthen the immune defense<\/li>\n<\/ul>\n<p>Important for the implementation of acupuncture: Hands and feet should not be creamed on the day of the testing under any circumstances!<\/p>\n\n\t\t<\/div>\n\t<\/div>\n<\/div><\/div><\/div><\/div>","protected":false},"excerpt":{"rendered":"<p>Elektroakupunktur nach Voll Die Elektroakupunktur nach Voll Messmethode ist imstande, diagnos\u00adtische und therapeutische Verfahren in sich zu vereinen. Das Verfahren Bei der Elektroakupunktur nach Voll (EAV) werden mit einem speziellen Ger\u00e4t Messungen an den Endpunk\u00adten der Meridiane vorgenommen. Dabei wir die elektrische Leitf\u00e4higkeit an H\u00e4nden und F\u00fcssen festgestellt. Die Wirkung Die auf den klassischen Meridianen&hellip;<\/p>","protected":false},"author":15,"featured_media":1061,"parent":858,"menu_order":9,"comment_status":"closed","ping_status":"closed","template":"","meta":{"footnotes":""},"folder":[],"class_list":["post-1279","page","type-page","status-publish","has-post-thumbnail","hentry","description-off"],"_links":{"self":[{"href":"https:\/\/sunclinic.ch\/en\/wp-json\/wp\/v2\/pages\/1279","targetHints":{"allow":["GET"]}}],"collection":[{"href":"https:\/\/sunclinic.ch\/en\/wp-json\/wp\/v2\/pages"}],"about":[{"href":"https:\/\/sunclinic.ch\/en\/wp-json\/wp\/v2\/types\/page"}],"author":[{"embeddable":true,"href":"https:\/\/sunclinic.ch\/en\/wp-json\/wp\/v2\/users\/15"}],"replies":[{"embeddable":true,"href":"https:\/\/sunclinic.ch\/en\/wp-json\/wp\/v2\/comments?post=1279"}],"version-history":[{"count":0,"href":"https:\/\/sunclinic.ch\/en\/wp-json\/wp\/v2\/pages\/1279\/revisions"}],"up":[{"embeddable":true,"href":"https:\/\/sunclinic.ch\/en\/wp-json\/wp\/v2\/pages\/858"}],"wp:featuredmedia":[{"embeddable":true,"href":"https:\/\/sunclinic.ch\/en\/wp-json\/wp\/v2\/media\/1061"}],"wp:attachment":[{"href":"https:\/\/sunclinic.ch\/en\/wp-json\/wp\/v2\/media?parent=1279"}],"wp:term":[{"taxonomy":"folder","embeddable":true,"href":"https:\/\/sunclinic.ch\/en\/wp-json\/wp\/v2\/folder?post=1279"}],"curies":[{"name":"wp","href":"https:\/\/api.w.org\/{rel}","templated":true}]}}