{"id":10,"date":"2019-04-18T13:52:01","date_gmt":"2019-04-18T11:52:01","guid":{"rendered":"https:\/\/praxis.kanzler.ch\/?page_id=10"},"modified":"2024-02-21T10:42:32","modified_gmt":"2024-02-21T09:42:32","slug":"clever-aging-hormone","status":"publish","type":"page","link":"https:\/\/sunclinic.ch\/en\/clever-aging\/clever-aging-hormone\/","title":{"rendered":"Clever Aging &#038; Hormone"},"content":{"rendered":"<div class=\"vc_row wpb_row vc_row-fluid\"><div class=\"wpb_column vc_column_container vc_col-sm-12\"><div class=\"vc_column-inner\"><div class=\"wpb_wrapper\"><div id=\"ultimate-heading-867569d43a6a30e15\" class=\"uvc-heading ult-adjust-bottom-margin ultimate-heading-867569d43a6a30e15 uvc-2886  uvc-heading-default-font-sizes\" data-hspacer=\"no_spacer\"  data-halign=\"center\" style=\"text-align:center\"><div class=\"uvc-heading-spacer no_spacer\" style=\"top\"><\/div><div class=\"uvc-main-heading ult-responsive\"  data-ultimate-target='.uvc-heading.ultimate-heading-867569d43a6a30e15 h2'  data-responsive-json-new='{\"font-size\":\"\",\"line-height\":\"\"}' ><h2 style=\"--font-weight:theme;margin-bottom:16px;\">Clever Aging \/ Hormone<\/h2><\/div><div class=\"uvc-sub-heading ult-responsive\"  data-ultimate-target='.uvc-heading.ultimate-heading-867569d43a6a30e15 .uvc-sub-heading '  data-responsive-json-new='{\"font-size\":\"\",\"line-height\":\"\"}'  style=\"font-weight:normal;margin-top:16px;\"><\/p>\n<h5 class=\"paragraph\" style=\"text-align: center;\"><span class=\"normaltextrun\"><b>Our rejuvenation concept for her and for him -<\/b><\/span><span class=\"apple-converted-space\"><b> Clever <\/b><\/span><span class=\"normaltextrun\"><b>Aging.<\/b><\/span><span class=\"eop\">\u00a0<\/span><span class=\"normaltextrun\">Under this term, all medical measures are summarized, with which our aging processes can be delayed, halted, or even reversed.<\/span><span class=\"scxw24836444\">\u00a0<\/span><\/h5>\n<h5 style=\"text-align: center;\"><span class=\"normaltextrun\"><b>What is this medicine based on<\/b><strong>?<\/strong><\/span><strong><span class=\"scxw24836444\">\u00a0<\/span><\/strong><span class=\"normaltextrun\">The fundamentals are the principles of very early detection, prevention, and normalization of age-related changes. This leads to both a healthier, better quality of life and an extended life expectancy. This applies equally to men and women.<\/span><span class=\"scxw24836444\">\u00a0<\/span><\/h5>\n<p><\/div><\/div><div class=\"vc_empty_space\"   style=\"height: 32px\"><span class=\"vc_empty_space_inner\"><\/span><\/div><div class=\"vc_row wpb_row vc_inner vc_row-fluid\"><div class=\"wpb_column vc_column_container vc_col-sm-4\"><div class=\"vc_column-inner\"><div class=\"wpb_wrapper\">\n\t<div class=\"wpb_text_column wpb_content_element  vc_custom_1558080366390\" >\n\t\t<div class=\"wpb_wrapper\">\n\t\t\t<p style=\"text-align: left;\"><strong>The whole concept<\/strong><\/p>\n<ul>\n<li style=\"text-align: left;\">Hormone substitution<br \/>\nTargeted compensation of declining hormone production with hormone therapy<\/li>\n<li style=\"text-align: left;\">Supplementation<br \/>\nvitamins, dietary supplements<\/li>\n<li style=\"text-align: left;\">rejuvenation of appearance<br \/>\nreduction of wrinkles<\/li>\n<li style=\"text-align: left;\">balanced nutrition<br \/>\nrich in vitamins and minerals<\/li>\n<li style=\"text-align: left;\">Exercise<br \/>\nreasonable physical activities<\/li>\n<li style=\"text-align: left;\">Mental balance<br \/>\nstress reduction, strengthening of mental power, prevention of age-related depression<\/li>\n<\/ul>\n\n\t\t<\/div>\n\t<\/div>\n<\/div><\/div><\/div><div class=\"wpb_column vc_column_container vc_col-sm-4\"><div class=\"vc_column-inner\"><div class=\"wpb_wrapper\">\n\t<div class=\"wpb_text_column wpb_content_element  vc_custom_1558080424748\" >\n\t\t<div class=\"wpb_wrapper\">\n\t\t\t<p style=\"text-align: left;\"><strong>Reasons for the<\/strong><strong>\u00a0<\/strong><strong>treatment<\/strong><\/p>\n<ul>\n<li style=\"text-align: left;\">exhaustion states<\/li>\n<li style=\"text-align: left;\">sleep disorders<\/li>\n<li style=\"text-align: left;\">increased blood pressure<\/li>\n<li style=\"text-align: left;\">irritability<\/li>\n<li style=\"text-align: left;\">lack of concentration<\/li>\n<li style=\"text-align: left;\">depression<\/li>\n<li style=\"text-align: left;\">susceptibility to infections<\/li>\n<li style=\"text-align: left;\">osteoporosis<\/li>\n<li style=\"text-align: left;\">muscle\/joint\/back pain<\/li>\n<li style=\"text-align: left;\">diabetes<\/li>\n<li style=\"text-align: left;\">declining memory performance<\/li>\n<li style=\"text-align: left;\">decrease in libido<\/li>\n<\/ul>\n\n\t\t<\/div>\n\t<\/div>\n<\/div><\/div><\/div><div class=\"wpb_column vc_column_container vc_col-sm-4\"><div class=\"vc_column-inner\"><div class=\"wpb_wrapper\">\n\t<div class=\"wpb_text_column wpb_content_element  vc_custom_1558080482030\" >\n\t\t<div class=\"wpb_wrapper\">\n\t\t\t<p><strong>Our treatment plan<\/strong><strong>\u00a0<\/strong><\/p>\n<ul>\n<li>individual substitution of vitamins, minerals, and trace elements<\/li>\n<li>dietary adjustment<\/li>\n<li>physical activity<\/li>\n<li>targeted hormone administration<\/li>\n<li>promotion of health consciousness<\/li>\n<\/ul>\n\n\t\t<\/div>\n\t<\/div>\n<\/div><\/div><\/div><\/div><div class=\"vc_row wpb_row vc_inner vc_row-fluid\"><div class=\"wpb_column vc_column_container vc_col-sm-12\"><div class=\"vc_column-inner\"><div class=\"wpb_wrapper\">\n\t<div class=\"wpb_text_column wpb_content_element\" >\n\t\t<div class=\"wpb_wrapper\">\n\t\t\t<p><span class=\"normaltextrun\">The products used in our therapy have partly<\/span><span class=\"apple-converted-space\">\u00a0<\/span><span class=\"normaltextrun\">antioxidative,<\/span><span class=\"apple-converted-space\">\u00a0<\/span><span class=\"spellingerror\">anticarcinogenic<\/span><span class=\"normaltextrun\">detoxifying, and complex protective properties, meaning they exert diverse protective functions across numerous tissues and organs. The therapy concept presented here aims to extend individual life and especially<\/span><span class=\"apple-converted-space\">\u00a0<\/span><span class=\"normaltextrun\">the disease-free lifespan, and to partially reverse age-related damage that has already occurred. If you are interested or have questions about the process of the<\/span> <span class=\"normaltextrun\"><b>Clever-Aging-Konzeptes<\/b><\/span><span class=\"apple-converted-space\">\u00a0<\/span><span class=\"normaltextrun\">please do not hesitate to contact us. We will take the time to assist you and schedule a detailed consultation appointment.<\/span><span class=\"scxw24836444\">\u00a0<\/span><\/p>\n\n\t\t<\/div>\n\t<\/div>\n<\/div><\/div><\/div><\/div><div class=\"vc_row wpb_row vc_inner vc_row-fluid\"><div class=\"wpb_column vc_column_container vc_col-sm-6\"><div class=\"vc_column-inner\"><div class=\"wpb_wrapper\">\n\t<div class=\"wpb_text_column wpb_content_element\" >\n\t\t<div class=\"wpb_wrapper\">\n\t\t\t<p><span class=\"normaltextrun\"><b>Hormone therapy<\/b><\/span><span class=\"scxw24836444\"><b>\u00a0<\/b><\/span><b><br \/>\n<\/b><span class=\"normaltextrun\">The substances used in hormone therapy and their application areas are:<\/span><span class=\"scxw24836444\">\u00a0<\/span><\/p>\n<p><span class=\"normaltextrun\"><b>Growth Hormone (HGH)<\/b><\/span><span class=\"scxw24836444\">\u00a0<\/span><br \/>\n<span class=\"normaltextrun\">Muscle building, body fat reduction, skin tightening, increasing energy, and endurance.<\/span><span class=\"scxw24836444\">\u00a0<\/span><\/p>\n<p><span class=\"normaltextrun\"><b>DHEA<\/b><\/span><span class=\"scxw24836444\"><b>\u00a0<\/b><\/span><br \/>\n<span class=\"normaltextrun\">Vitality, arteriosclerosis, age-related diabetes, age-related dementia, obesity, cardiovascular diseases, memory, skin aging.<\/span><span class=\"scxw24836444\">\u00a0<\/span><\/p>\n<p><span class=\"normaltextrun\"><b>Estrogen<\/b><\/span><span class=\"scxw24836444\"><b>\u00a0<\/b><\/span><b><br \/>\n<\/b><span class=\"normaltextrun\">Menopausal disorders, skin aging, osteoporosis, harmonization of the psyche, strengthening of mental power.<\/span><span class=\"scxw24836444\">\u00a0<\/span><\/p>\n\n\t\t<\/div>\n\t<\/div>\n<\/div><\/div><\/div><div class=\"wpb_column vc_column_container vc_col-sm-6\"><div class=\"vc_column-inner\"><div class=\"wpb_wrapper\">\n\t<div class=\"wpb_text_column wpb_content_element\" >\n\t\t<div class=\"wpb_wrapper\">\n\t\t\t<p><span class=\"normaltextrun\"><b>Progesteron<\/b><\/span><span class=\"scxw24836444\"><b>\u00a0<\/b><\/span><br \/>\n<span class=\"normaltextrun\">Menopausal symptoms, mental balance, osteoporosis, cardiovascular diseases.<\/span><span class=\"scxw24836444\">\u00a0<\/span><\/p>\n<p><span class=\"normaltextrun\"><b>Melatonin<\/b><\/span><span class=\"scxw24836444\"><b>\u00a0<\/b><\/span><br \/>\n<span class=\"normaltextrun\">Regulation of the sleep-wake<\/span><span class=\"apple-converted-space\">\u00a0<\/span><span class=\"spellingerror\">cycle<\/span><span class=\"normaltextrun\">protection of the immune system against<\/span><span class=\"apple-converted-space\">\u00a0<\/span><span class=\"contextualspellingandgrammarerror\">free .<\/span><span class=\"apple-converted-space\">\u00a0<\/span><span class=\"normaltextrun\">radicals, cardiovascular issues, depression<\/span><span class=\"scxw24836444\">\u00a0<\/span><\/p>\n<p><span class=\"spellingerror\"><b>Androstenedione<\/b><\/span><span class=\"scxw24836444\"><b>\u00a0<\/b><\/span><br \/>\n<span class=\"normaltextrun\">Muscle building, memory function, cholesterol regulation,<\/span><span class=\"apple-converted-space\">\u00a0<\/span><span class=\"normaltextrun\">loss of libido.<\/span><span class=\"scxw24836444\">\u00a0<\/span><\/p>\n<p><span class=\"normaltextrun\"><b>Pregnenolone<\/b><\/span><span class=\"scxw24836444\"><b>\u00a0<\/b><\/span><b><br \/>\n<\/b><span class=\"normaltextrun\">Memory performance, stress management, arthritis, depression, anxiety.<\/span><span class=\"eop\">\u00a0<\/span><\/p>\n\n\t\t<\/div>\n\t<\/div>\n<\/div><\/div><\/div><\/div><div class=\"vc_row wpb_row vc_inner vc_row-fluid\"><div class=\"wpb_column vc_column_container vc_col-sm-12\"><div class=\"vc_column-inner\"><div class=\"wpb_wrapper\">\n\t<div class=\"wpb_text_column wpb_content_element\" >\n\t\t<div class=\"wpb_wrapper\">\n\t\t\t<p><strong>Necessary Preliminary Examinations\u00a0<\/strong><\/p>\n<ul>\n<li>Check-Up Comprehensive medical consultation and examination<\/li>\n<li>Laboratory analyses To determine all necessary parameters: liver, lipid, metabolic, and hormonal status, oxidative status<\/li>\n<li>Various tests Such as ergometer, lung function, cardiovascular, body composition analysis<\/li>\n<\/ul>\n<p>After a thorough evaluation of all results, a personal therapy concept is developed. Deficiencies are balanced, performance is increased, and the body receives what it lacks.<\/p>\n<p>&nbsp;<\/p>\n<p><strong>Men and Menopause<\/strong><\/p>\n<p>Many men in menopause suffer from significantly reduced quality of life and hair loss. One of the reasons is that the male sex hormone testosterone is produced in ever decreasing amounts in men from around the age of 40.<\/p>\n<p>&nbsp;<\/p>\n<p><strong>Menopause<\/strong><strong>\u00a0<\/strong><\/p>\n<p>Menopause is thus the years of declining hormone production. During this time, the withdrawal of hormones can be accompanied by a variety of vegetative complaints.<\/p>\n<p>&nbsp;<\/p>\n<p><strong>The Symptoms<\/strong><\/p>\n<p>Men suffer just like women from fatigue, lack of drive, sleep disturbances, depression, hot flashes, sweating, concentration problems, bad mood, and difficulties getting started in the morning.<\/p>\n<p>&nbsp;<\/p>\n<p><strong>Seize Your Opportunities!<\/strong><strong>\u00a0<\/strong><\/p>\n<p>In recent years, medical knowledge about the processes of aging and the development of symptoms has greatly expanded. In our modern era, the negative consequences of aging no longer have to be accepted as inevitable. You can do a lot to not perceive your new phase of life as a burden but as a second chance. It's reassuring that medical progress offers you the opportunity to identify hormone deficiencies and detect risks early.<\/p>\n<p>The key to a longer life lies in hormones. Hormones are chemical substances produced in various glands of the body and mostly transported to body regions and target organs via the bloodstream. They are largely responsible for all metabolic processes. From melatonin, which reduces the performance of various body parts to increase their lifespan, to the super hormone DHEA, the body's anti-stress hormone.<\/p>\n<ul>\n<li>Targeted laboratory tests provide information about your personal risk, for example, to develop osteoporosis or reliably indicate a hormone deficiency. However, whether you actually suffer from a hormone deficiency and whether you are at increased risk of osteoporosis or arteriosclerosis can only be determined after a comprehensive medical examination.<\/li>\n<\/ul>\n<p>Healthy Aging - Analyze Your Hormones with Us and Fight Aging!<\/p>\n<ul>\n<li>Growth Hormone<\/li>\n<li>Melatonin<\/li>\n<li>DHEA<\/li>\n<li>Estrogen<\/li>\n<li>Progesteron<\/li>\n<li>Androstenedione<\/li>\n<li>Pregnelonon<\/li>\n<\/ul>\n\n\t\t<\/div>\n\t<\/div>\n<\/div><\/div><\/div><\/div><\/div><\/div><\/div><\/div><div class=\"vc_row wpb_row vc_row-fluid vc_custom_1561023317339\"><div class=\"wpb_column vc_column_container vc_col-sm-6\"><div class=\"vc_column-inner\"><div class=\"wpb_wrapper\"><\/div><\/div><\/div><div class=\"wpb_column vc_column_container vc_col-sm-6\"><div class=\"vc_column-inner vc_custom_1561023425395\"><div class=\"wpb_wrapper\">\n\t<div class=\"wpb_text_column wpb_content_element  vc_custom_1708508541709\" >\n\t\t<div class=\"wpb_wrapper\">\n\t\t\t<p><strong>Clever-Aging-Tipp<\/strong><\/p>\n<p>High-dose vitamin C infusions, administered 1-2 times per week, infused over 30 minutes (e.g., Pascorbin 7.5g in 100 ml NaCl 0.9%).<\/p>\n<p>Wide Range of Applications: Infections (acute and chronic), chronic inflammatory diseases of all kinds, pre- and postoperative, nicotine abuse, consequences of stress, burnout, up to accompanying therapy for tumors. Check kidney function beforehand!<\/p>\n\n\t\t<\/div>\n\t<\/div>\n<\/div><\/div><\/div><\/div>","protected":false},"excerpt":{"rendered":"<p>Clever Aging \/ Hormone Unser Verj\u00fcngungskonzept f\u00fcr Sie und f\u00fcr Ihn &#8211; Clever Aging.\u00a0Unter diesem Begriff sind alle medizinischen Massnahmen zusammengefasst, mit denen unsere Alterungsprozesse verz\u00f6gert, aufgehalten oder sogar wieder r\u00fcckg\u00e4ngig gemacht werden k\u00f6nnen.\u00a0 Worauf basiert diese Medizin?\u00a0Grundlagen sind die Prinzipien einer sehr fr\u00fchen Erkennung, Vorbeugung und Normalisierung altersbezogener Ver\u00e4nderungen. Sie f\u00fchrt sowohl zu einer&hellip;<\/p>","protected":false},"author":15,"featured_media":800,"parent":1034,"menu_order":4,"comment_status":"closed","ping_status":"closed","template":"","meta":{"footnotes":""},"folder":[],"class_list":["post-10","page","type-page","status-publish","has-post-thumbnail","hentry","description-off"],"_links":{"self":[{"href":"https:\/\/sunclinic.ch\/en\/wp-json\/wp\/v2\/pages\/10","targetHints":{"allow":["GET"]}}],"collection":[{"href":"https:\/\/sunclinic.ch\/en\/wp-json\/wp\/v2\/pages"}],"about":[{"href":"https:\/\/sunclinic.ch\/en\/wp-json\/wp\/v2\/types\/page"}],"author":[{"embeddable":true,"href":"https:\/\/sunclinic.ch\/en\/wp-json\/wp\/v2\/users\/15"}],"replies":[{"embeddable":true,"href":"https:\/\/sunclinic.ch\/en\/wp-json\/wp\/v2\/comments?post=10"}],"version-history":[{"count":3,"href":"https:\/\/sunclinic.ch\/en\/wp-json\/wp\/v2\/pages\/10\/revisions"}],"predecessor-version":[{"id":2039,"href":"https:\/\/sunclinic.ch\/en\/wp-json\/wp\/v2\/pages\/10\/revisions\/2039"}],"up":[{"embeddable":true,"href":"https:\/\/sunclinic.ch\/en\/wp-json\/wp\/v2\/pages\/1034"}],"wp:featuredmedia":[{"embeddable":true,"href":"https:\/\/sunclinic.ch\/en\/wp-json\/wp\/v2\/media\/800"}],"wp:attachment":[{"href":"https:\/\/sunclinic.ch\/en\/wp-json\/wp\/v2\/media?parent=10"}],"wp:term":[{"taxonomy":"folder","embeddable":true,"href":"https:\/\/sunclinic.ch\/en\/wp-json\/wp\/v2\/folder?post=10"}],"curies":[{"name":"wp","href":"https:\/\/api.w.org\/{rel}","templated":true}]}}